{"id":2440,"date":"2021-04-20T08:44:43","date_gmt":"2021-04-20T06:44:43","guid":{"rendered":"http:\/\/www.vendee-en-vacances.com\/village-vacances-bord-de-mer\/"},"modified":"2022-11-18T14:56:19","modified_gmt":"2022-11-18T13:56:19","slug":"feriendorf-am-meer","status":"publish","type":"page","link":"https:\/\/www.vendee-en-vacances.com\/de\/feriendorf-am-meer\/","title":{"rendered":"Meeresk\u00fcste"},"content":{"rendered":"<section id=\"section-61001bbea0ad3\" class=\"section home-first bg-white p-t-0 p-b-0\" ><div class=\"container extralarge\"><div class=\"colonnes-wrap valign-middle \"><div class=\"element colonne first\"><div class=\"element bloc-text center \">\r\n\t<h1><span>Feriend\u00f6rfer <\/span><br \/>\n<span>am Meer<\/span><br \/>\n<span>in <\/span> <span>Saint-Hilaire-de-Riez<\/span><\/h1>\n<\/div><\/div><div class=\"element colonne \"><div class=\"element images scroll-x-mobile\"><div class=\"image\"><img decoding=\"async\" src=\"https:\/\/www.vendee-en-vacances.com\/wp-content\/uploads\/2021\/07\/residence-mer-vendee-100x43.jpg\" data-src=\"https:\/\/www.vendee-en-vacances.com\/wp-content\/uploads\/2021\/07\/residence-mer-vendee.jpg\" alt=\"residence mer vendee\" class=\"images_image\" \/><\/div><\/div><\/div><\/div><div class=\"carousel scroll-x-mobile\"><div class=\"slide \"><div class=\"slide_image\"><img decoding=\"async\" src=\"https:\/\/www.vendee-en-vacances.com\/wp-content\/uploads\/2021\/07\/residence-plage-vendee.jpg\" data-src=\"https:\/\/www.vendee-en-vacances.com\/wp-content\/uploads\/2021\/07\/residence-plage-vendee.jpg\" alt=\"residence plage vendee\" class=\"\" \/><\/div><\/div><div class=\"slide \"><div class=\"slide_image\"><img decoding=\"async\" src=\"https:\/\/www.vendee-en-vacances.com\/wp-content\/uploads\/2021\/07\/village-vacances-mer-vendee.jpg\" data-src=\"https:\/\/www.vendee-en-vacances.com\/wp-content\/uploads\/2021\/07\/village-vacances-mer-vendee.jpg\" alt=\"village vacances mer vendee\" class=\"\" \/><\/div><\/div><div class=\"slide \"><div class=\"slide_image\"><img decoding=\"async\" src=\"https:\/\/www.vendee-en-vacances.com\/wp-content\/uploads\/2021\/07\/village-vacances-plage-vendee.jpg\" data-src=\"https:\/\/www.vendee-en-vacances.com\/wp-content\/uploads\/2021\/07\/village-vacances-plage-vendee.jpg\" alt=\"village vacances plage vendee\" class=\"\" \/><\/div><\/div><div class=\"slide \"><div class=\"slide_image\"><img decoding=\"async\" src=\"https:\/\/www.vendee-en-vacances.com\/wp-content\/uploads\/2022\/01\/bateau-port-vendee.jpg\" data-src=\"https:\/\/www.vendee-en-vacances.com\/wp-content\/uploads\/2022\/01\/bateau-port-vendee.jpg\" alt=\"bateau port vendee\" class=\"\" \/><\/div><\/div><div class=\"slide \"><div class=\"slide_image\"><img decoding=\"async\" src=\"https:\/\/www.vendee-en-vacances.com\/wp-content\/uploads\/2022\/01\/village-vacances-pres-mer-vendee.jpg\" data-src=\"https:\/\/www.vendee-en-vacances.com\/wp-content\/uploads\/2022\/01\/village-vacances-pres-mer-vendee.jpg\" alt=\"village vacances pres mer vendee\" class=\"\" \/><\/div><\/div><div class=\"slide \"><div class=\"slide_image\"><img decoding=\"async\" src=\"https:\/\/www.vendee-en-vacances.com\/wp-content\/uploads\/2022\/01\/village-vacances-bord-de-mer.jpg\" data-src=\"https:\/\/www.vendee-en-vacances.com\/wp-content\/uploads\/2022\/01\/village-vacances-bord-de-mer.jpg\" alt=\"village vacances bord de mer\" class=\"\" \/><\/div><\/div><div class=\"slide \"><div class=\"slide_image\"><img decoding=\"async\" src=\"https:\/\/www.vendee-en-vacances.com\/wp-content\/uploads\/2022\/01\/vacances-proche-plage-vendee.jpg\" data-src=\"https:\/\/www.vendee-en-vacances.com\/wp-content\/uploads\/2022\/01\/vacances-proche-plage-vendee.jpg\" alt=\"village vacances bord de mer\" class=\"\" \/><\/div><\/div><div class=\"slide \"><div class=\"slide_image\"><img decoding=\"async\" src=\"https:\/\/www.vendee-en-vacances.com\/wp-content\/uploads\/2022\/01\/vacances-bord-de-mer.jpg\" data-src=\"https:\/\/www.vendee-en-vacances.com\/wp-content\/uploads\/2022\/01\/vacances-bord-de-mer.jpg\" alt=\"vacances bord de mer\" class=\"\" \/><\/div><\/div><div class=\"slide \"><div class=\"slide_image\"><img decoding=\"async\" src=\"https:\/\/www.vendee-en-vacances.com\/wp-content\/uploads\/2022\/01\/sejour-pres-plage-vendee.jpg\" data-src=\"https:\/\/www.vendee-en-vacances.com\/wp-content\/uploads\/2022\/01\/sejour-pres-plage-vendee.jpg\" alt=\"sejour pres plage vendee\" class=\"\" \/><\/div><\/div><div class=\"slide \"><div class=\"slide_image\"><img decoding=\"async\" src=\"https:\/\/www.vendee-en-vacances.com\/wp-content\/uploads\/2022\/01\/sejour-pres-plage.jpg\" data-src=\"https:\/\/www.vendee-en-vacances.com\/wp-content\/uploads\/2022\/01\/sejour-pres-plage.jpg\" alt=\"sejour pres plage\" class=\"\" \/><\/div><\/div><div class=\"slide \"><div class=\"slide_image\"><img decoding=\"async\" src=\"https:\/\/www.vendee-en-vacances.com\/wp-content\/uploads\/2022\/01\/residence-proche-plage.jpg\" data-src=\"https:\/\/www.vendee-en-vacances.com\/wp-content\/uploads\/2022\/01\/residence-proche-plage.jpg\" alt=\"residence proche plage\" class=\"\" \/><\/div><\/div><div class=\"slide \"><div class=\"slide_image\"><img decoding=\"async\" src=\"https:\/\/www.vendee-en-vacances.com\/wp-content\/uploads\/2022\/01\/port-vendee.jpg\" data-src=\"https:\/\/www.vendee-en-vacances.com\/wp-content\/uploads\/2022\/01\/port-vendee.jpg\" alt=\"port-vendee\" class=\"\" \/><\/div><\/div><div class=\"slide \"><div class=\"slide_image\"><img decoding=\"async\" src=\"https:\/\/www.vendee-en-vacances.com\/wp-content\/uploads\/2022\/01\/port-saint-gilles-croix-de-vie.jpg\" data-src=\"https:\/\/www.vendee-en-vacances.com\/wp-content\/uploads\/2022\/01\/port-saint-gilles-croix-de-vie.jpg\" alt=\"port saint gilles croix de vie\" class=\"\" \/><\/div><\/div><div class=\"slide \"><div class=\"slide_image\"><img decoding=\"async\" src=\"https:\/\/www.vendee-en-vacances.com\/wp-content\/uploads\/2022\/01\/plage-saint-gilles-croix-de-vie.jpg\" data-src=\"https:\/\/www.vendee-en-vacances.com\/wp-content\/uploads\/2022\/01\/plage-saint-gilles-croix-de-vie.jpg\" alt=\"port-saint gilles-croix-de-vie\" class=\"\" \/><\/div><\/div><div class=\"slide \"><div class=\"slide_image\"><img decoding=\"async\" src=\"https:\/\/www.vendee-en-vacances.com\/wp-content\/uploads\/2022\/01\/plage-ile-dyeu.jpg\" data-src=\"https:\/\/www.vendee-en-vacances.com\/wp-content\/uploads\/2022\/01\/plage-ile-dyeu.jpg\" alt=\"plage ile dyeu\" class=\"\" \/><\/div><\/div><div class=\"slide \"><div class=\"slide_image\"><img decoding=\"async\" src=\"https:\/\/www.vendee-en-vacances.com\/wp-content\/uploads\/2022\/01\/mer-vendee.jpg\" data-src=\"https:\/\/www.vendee-en-vacances.com\/wp-content\/uploads\/2022\/01\/mer-vendee.jpg\" alt=\"mer vendee\" class=\"\" \/><\/div><\/div><div class=\"slide \"><div class=\"slide_image\"><img decoding=\"async\" src=\"https:\/\/www.vendee-en-vacances.com\/wp-content\/uploads\/2022\/01\/bord-mer-vendee.jpg\" data-src=\"https:\/\/www.vendee-en-vacances.com\/wp-content\/uploads\/2022\/01\/bord-mer-vendee.jpg\" alt=\"bord mer vendee\" class=\"\" \/><\/div><\/div><\/div><\/div><\/section>\n\n<section id=\"section-61010ae3f3a8c\" class=\"section  home-fifth bg-white p-b-0\" ><div class=\"container full\"><div class=\"colonnes-wrap valign-middle \"><div class=\"element colonne \"><div class=\"element images scroll-x-mobile\"><div class=\"image\"><img decoding=\"async\" src=\"https:\/\/www.vendee-en-vacances.com\/wp-content\/uploads\/2022\/11\/VA9-100x56.jpg\" data-src=\"https:\/\/www.vendee-en-vacances.com\/wp-content\/uploads\/2022\/11\/VA9.jpg\" alt=\"camping vendee ocean\" class=\"images_image\" \/><\/div><\/div><\/div><div class=\"element colonne \"><h2 class=\"element section-title justify\">Residenz 900m <span>vom Meer entfernt<\/span><\/h2><div class=\"element bloc-text justify \">\r\n\t<p>Ein einziges Motto: RUHE !<br \/>\nErholen Sie sich mit der Familie oder mit Freunden und entdecken Sie Ihre Kinderseele <strong>am Meer<\/strong> oder im <strong>Wald, der den Hameau de l&#8217;Oc\u00e9an umgibt<\/strong>, wieder!<\/p>\n<p>Unser <strong>Feriendorf**** am Meer<\/strong> besteht aus <strong>42 ebenerdigen Residenzen, die auf 2 Hektar verteilt sind<\/strong>. Von unserem <strong>Feriendorf **** in der Vend\u00e9e<\/strong> aus genie\u00dfen Sie die <strong>langen Sandstr\u00e4nde<\/strong> und <strong>das Meer, das nur 900 m von Ihrer Residenz entfernt liegt<\/strong>.<\/p>\n<p>F\u00fcr Ihre Unterhaltung ist alles in der N\u00e4he Ihrer Residenz am Meer. Entdecken Sie <strong>Saint-Gilles-Croix-de-Vie und seinen Fischerhafen, Saint-Jean-de-Monts und seinen Strand<\/strong>, der ideal zum Faulenzen ist, Gesch\u00e4fte, <a href=\"https:\/\/www.vert-marine.com\/oceabul\/\">Wassersportzentren wie Oc\u00e9abul<\/a>, <a href=\"https:\/\/www.atlantic-toboggan.com\/\">Atlantique Toboggan<\/a>, accro-branches feeling forest, Freizeitangebote f\u00fcr jedes Alter.<\/p>\n<p>In unserem <strong>Feriendorf****, 900m vom Meer<\/strong> entfernt, k\u00f6nnen Sie unser auf <strong>28\u00b0 beheiztes Hallenbad<\/strong>, die Bar, die Animationen, einen <strong>Snackservice<\/strong> (Bruschetta, Aperitifbrett Land oder Meer, Pommes, Waffeln, Eis&#8230; ), Tennis, Tischtennis &#8230; Hier haben Sie Zugang zu allem. Sie wollen die Struktur nicht verlassen? Kein Problem, wir sind da, um uns um Sie zu k\u00fcmmern.<\/p>\n<\/div><\/div><\/div><\/div><\/section>\n\n<section id=\"section-610103b3e8c7e\" data-bg-opacite=\"0.4\"data-background=\"https:\/\/www.vendee-en-vacances.com\/wp-content\/uploads\/2021\/12\/camping-vendee-bord-de-mer.jpg\"data-speed=\"1.5\"class=\"section home-seventh m-b-10 m-t-10 bg-color2 section--has-bg-img section_bg-parallax\" ><div class=\"container large\"><h2 class=\"element section-title center white\">Aktivit\u00e4ten in Saint-Hilaire-de-Riez<\/h2><div class=\"element bloc-text center white\">\r\n\t<p>Die K\u00fcste mit ihrer jodhaltigen Luft bietet Ihnen alle Ressourcen, die Sie f\u00fcr Ihre Erholung und Ihr Wohlbefinden w\u00e4hrend Ihres Urlaubs ben\u00f6tigen. In der Tat k\u00f6nnen Sie alle m\u00f6glichen Aktivit\u00e4ten unternehmen, die vom <strong class='white'>Angeln, Surfen, Wasserski, Bootsfahrten, Jetski<\/strong> bis hin zu herrlichen Spazierg\u00e4ngen an unseren <strong class='white'>wundersch\u00f6nen Str\u00e4nden<\/strong> reichen.<\/p>\n<p>Lust, nichts zu tun? Dann legen Sie Ihr Strandtuch ab und lassen Sie sich einen ganzen Tag lang sonnen, mit Wasserspielen aller Art und Picknicks verw\u00f6hnen.<\/p>\n<p>Sie k\u00f6nnen auch von den <strong class='white'>zahlreichen lokalen M\u00e4rkten<\/strong> profitieren, die es in den St\u00e4dten Saint-Hilaire-de-Riez, Saint-Gilles-Croix-de-Vie und Saint-Jean-de-Monts in der Umgebung unseres Feriendorfs 4**** bord de mer gibt.<\/p>\n<\/div><\/div><\/section>\n\n<section id=\"section-groupe\" class=\"section  home-fifth bg-white p-t-0 p-b-0\" ><div class=\"container full\"><div class=\"colonnes-wrap valign-middle \"><div class=\"element colonne \"><h2 class=\"element section-title justify\">Str\u00e4nde in der N\u00e4he des <span>Feriendorfs<\/span><\/h2><div class=\"element bloc-text justify \">\r\n\t<p>Riesige Sandstr\u00e4nde befinden sich in der N\u00e4he des Feriendorfs <a href=\"\/de\/\">Le Hameau de L&#8217;Oc\u00e9an<\/a>. Zu Fu\u00df, mit dem Fahrrad oder dem Auto ist alles m\u00f6glich. <strong>900 m trennen uns vom Atlantischen Ozean<\/strong>. Der <strong>Strand von La Par\u00e9e Pr\u00e9neau<\/strong> ist ein wundersch\u00f6ner Ort mit einer endlosen Sandfl\u00e4che. Bei ausgedehnten Spazierg\u00e4ngen mit den F\u00fc\u00dfen im Wasser kann man von hier aus die <strong>Insel Yeu und Saint-Jean-de-Mont erblicken<\/strong>. In Richtung S\u00fcden ist die K\u00fcste rauer und l\u00e4sst Sie die wilde Corniche genie\u00dfen.<br \/>\nSch\u00f6ne Spazierg\u00e4nge am Meer sind hier vorprogrammiert, ganz zu schweigen von den zahlreichen H\u00e4fen in der N\u00e4he, insbesondere <strong>Saint-Gilles-Croix-de-Vie<\/strong>, dessen Hafen f\u00fcr seine Sardinen ber\u00fchmt ist.<\/p>\n<p>Unser Feriendorf befindet sich in einer authentischen Region der Vend\u00e9e, die stolz auf ihre Geschichte ist. <strong>Ausfl\u00fcge ans Meer<\/strong> sind sehr empfehlenswert, denn so k\u00f6nnen Sie allein, mit der Familie oder mit Freunden die Reicht\u00fcmer des lokalen Kulturerbes genie\u00dfen.<\/p>\n<p>Probieren Sie die Frische <strong>des Atlantiks<\/strong>, der voller Meeres\u00fcberraschungen steckt, die es zu entdecken gilt! Zu Fu\u00df oder mit dem Fahrrad sind Sie nur einen Katzensprung vom Gl\u00fcck entfernt, also z\u00f6gern Sie nicht l\u00e4nger, schlie\u00dfen Sie sich uns an und lassen Sie sich von der Lebensweise in der Vend\u00e9e mitrei\u00dfen!<\/p>\n<p><strong>Am Meer<\/strong> k\u00f6nnen Sie baden, <strong>die verschiedenen von der Stadt<\/strong> Saint-Hilaire-de-Riez organisierten Aktivit\u00e4ten genie\u00dfen, die <strong>Radwege entlang der gesamten K\u00fcste der Vend\u00e9e nutzen<\/strong>, von den Str\u00e4nden von Saint-Gilles-Croix-de-Vie bis Saint-Jean-de-Monts, ein wahres Gl\u00fcck f\u00fcr Gro\u00df und Klein, zu zweit oder mit der Familie&#8230;<\/p>\n<p>Sie m\u00fcssen nur an Ihren Badeanzug, Sonnencreme, Hut und Sonnenbrille denken und f\u00fcr den Rest genie\u00dfen Sie den Augenblick!<\/p>\n<\/div><\/div><div class=\"element colonne \"><div class=\"element images scroll-x-mobile\"><div class=\"image\"><img decoding=\"async\" src=\"https:\/\/www.vendee-en-vacances.com\/wp-content\/uploads\/2021\/12\/camping-vendee-mer-100x67.jpg\" data-src=\"https:\/\/www.vendee-en-vacances.com\/wp-content\/uploads\/2021\/12\/camping-vendee-mer.jpg\" alt=\"residence-plage saint hilaire de riez\" class=\"images_image\" \/><\/div><\/div><\/div><\/div><\/div><\/section>\n\n<section id=\"section-610021336709a\" class=\"section bg-white\" ><div class=\"container extralarge\"><div class=\"element section-title center title-cta\">Schwimmbad und Animationen in der Vend\u00e9e<\/div><ul class=\"liste-de-page scroll-x-mobile\"><li class=\"element call-to-action center title-cta call-to-action--style-1 call-to-action--normal\"><a href=\"https:\/\/www.vendee-en-vacances.com\/de\/feriendorf-animationen-saint-hilaire-de-riez\/\"  class=\"call-to-action_link\" title=\"Mehr \u00fcber aktivit\u00e4ten und animationen\"><div class=\"call-to-action_image\"><img decoding=\"async\" src=\"https:\/\/www.vendee-en-vacances.com\/wp-content\/uploads\/2021\/12\/camping-vendee-animations-sport-100x67.jpg\" data-src=\"https:\/\/www.vendee-en-vacances.com\/wp-content\/uploads\/2021\/12\/camping-vendee-animations-sport.jpg\" alt=\"camping vendee animations sport\" class=\"normal\" \/><\/div><div class=\"call-to-action_contenu\"><div class=\"call-to-action_titre\">Aktivit\u00e4ten und Animationen<\/div><\/div><\/a><\/li><li class=\"element call-to-action center title-cta call-to-action--style-1 call-to-action--normal call-to-action--style-1 call-to-action--normal\"><a href=\"https:\/\/www.vendee-en-vacances.com\/de\/feriendorf-swimmingpool-saint-hilaire-de-riez\/\"  class=\"call-to-action_link\" title=\"Mehr \u00fcber der swimmingpool\"><div class=\"call-to-action_image\"><img decoding=\"async\" src=\"https:\/\/www.vendee-en-vacances.com\/wp-content\/uploads\/2021\/12\/camping-vendee-piscine-100x67.jpg\" data-src=\"https:\/\/www.vendee-en-vacances.com\/wp-content\/uploads\/2021\/12\/camping-vendee-piscine.jpg\" alt=\"camping vendee piscine\" class=\"normal\" \/><\/div><div class=\"call-to-action_contenu\"><div class=\"call-to-action_titre\">Der Swimmingpool<\/div><\/div><\/a><\/li><li class=\"element call-to-action center title-cta call-to-action--style-1 call-to-action--normal call-to-action--style-1 call-to-action--normal call-to-action--style-1 call-to-action--normal\"><a href=\"https:\/\/www.vendee-en-vacances.com\/de\/familienferiendorf-saint-hilaire-de-riez\/\"  class=\"call-to-action_link\" title=\"Mehr \u00fcber das club-resort und seine dienstleistungen\"><div class=\"call-to-action_image\"><img decoding=\"async\" src=\"https:\/\/www.vendee-en-vacances.com\/wp-content\/uploads\/2021\/12\/camping-vendee-snack-planche-100x67.jpg\" data-src=\"https:\/\/www.vendee-en-vacances.com\/wp-content\/uploads\/2021\/12\/camping-vendee-snack-planche.jpg\" alt=\"camping vendee snack planche\" class=\"normal\" \/><\/div><div class=\"call-to-action_contenu\"><div class=\"call-to-action_titre\">Das Club-Resort und seine Dienstleistungen<\/div><\/div><\/a><\/li><\/ul><\/div><\/section>","protected":false},"excerpt":{"rendered":"","protected":false},"author":1,"featured_media":3558,"parent":0,"menu_order":0,"comment_status":"closed","ping_status":"closed","template":"","meta":{"_acf_changed":false,"footnotes":""},"class_list":["post-2440","page","type-page","status-publish","has-post-thumbnail","hentry"],"acf":[],"yoast_head":"<!-- This site is optimized with the Yoast SEO plugin v23.4 - https:\/\/yoast.com\/wordpress\/plugins\/seo\/ -->\n<title>Feriendorf am Meer St-Hilaire | Str\u00e4nde Vend\u00e9e<\/title>\n<meta name=\"robots\" content=\"index, follow, max-snippet:-1, max-image-preview:large, max-video-preview:-1\" \/>\n<link rel=\"canonical\" href=\"https:\/\/www.vendee-en-vacances.com\/de\/feriendorf-am-meer\/\" \/>\n<meta property=\"og:locale\" content=\"de_DE\" \/>\n<meta property=\"og:type\" content=\"article\" \/>\n<meta property=\"og:title\" content=\"Feriendorf am Meer St-Hilaire | Str\u00e4nde Vend\u00e9e\" \/>\n<meta property=\"og:url\" content=\"https:\/\/www.vendee-en-vacances.com\/de\/feriendorf-am-meer\/\" \/>\n<meta property=\"og:site_name\" content=\"Village vacances Le Hameau de l&#039;Oc\u00e9an\" \/>\n<meta property=\"article:modified_time\" content=\"2022-11-18T13:56:19+00:00\" \/>\n<meta property=\"og:image\" content=\"https:\/\/www.vendee-en-vacances.com\/wp-content\/uploads\/2022\/01\/villlage-bord-de-mer-vendee.jpg\" \/>\n\t<meta property=\"og:image:width\" content=\"1900\" \/>\n\t<meta property=\"og:image:height\" content=\"700\" \/>\n\t<meta property=\"og:image:type\" content=\"image\/jpeg\" \/>\n<meta name=\"twitter:card\" content=\"summary_large_image\" \/>\n<script type=\"application\/ld+json\" class=\"yoast-schema-graph\">{\"@context\":\"https:\/\/schema.org\",\"@graph\":[{\"@type\":\"WebPage\",\"@id\":\"https:\/\/www.vendee-en-vacances.com\/de\/feriendorf-am-meer\/\",\"url\":\"https:\/\/www.vendee-en-vacances.com\/de\/feriendorf-am-meer\/\",\"name\":\"Feriendorf am Meer St-Hilaire | Str\u00e4nde Vend\u00e9e\",\"isPartOf\":{\"@id\":\"https:\/\/www.vendee-en-vacances.com\/de\/#website\"},\"primaryImageOfPage\":{\"@id\":\"https:\/\/www.vendee-en-vacances.com\/de\/feriendorf-am-meer\/#primaryimage\"},\"image\":{\"@id\":\"https:\/\/www.vendee-en-vacances.com\/de\/feriendorf-am-meer\/#primaryimage\"},\"thumbnailUrl\":\"https:\/\/www.vendee-en-vacances.com\/wp-content\/uploads\/2022\/01\/villlage-bord-de-mer-vendee.jpg\",\"datePublished\":\"2021-04-20T06:44:43+00:00\",\"dateModified\":\"2022-11-18T13:56:19+00:00\",\"breadcrumb\":{\"@id\":\"https:\/\/www.vendee-en-vacances.com\/de\/feriendorf-am-meer\/#breadcrumb\"},\"inLanguage\":\"de\",\"potentialAction\":[{\"@type\":\"ReadAction\",\"target\":[\"https:\/\/www.vendee-en-vacances.com\/de\/feriendorf-am-meer\/\"]}]},{\"@type\":\"ImageObject\",\"inLanguage\":\"de\",\"@id\":\"https:\/\/www.vendee-en-vacances.com\/de\/feriendorf-am-meer\/#primaryimage\",\"url\":\"https:\/\/www.vendee-en-vacances.com\/wp-content\/uploads\/2022\/01\/villlage-bord-de-mer-vendee.jpg\",\"contentUrl\":\"https:\/\/www.vendee-en-vacances.com\/wp-content\/uploads\/2022\/01\/villlage-bord-de-mer-vendee.jpg\",\"width\":1900,\"height\":700,\"caption\":\"villlage vacances bord de mer vendee\"},{\"@type\":\"BreadcrumbList\",\"@id\":\"https:\/\/www.vendee-en-vacances.com\/de\/feriendorf-am-meer\/#breadcrumb\",\"itemListElement\":[{\"@type\":\"ListItem\",\"position\":1,\"name\":\"FERIENDORF Saint Hilaire de Riez\",\"item\":\"https:\/\/www.vendee-en-vacances.com\/de\/\"},{\"@type\":\"ListItem\",\"position\":2,\"name\":\"Feriend\u00f6rfer in Strandn\u00e4he\"}]},{\"@type\":\"WebSite\",\"@id\":\"https:\/\/www.vendee-en-vacances.com\/de\/#website\",\"url\":\"https:\/\/www.vendee-en-vacances.com\/de\/\",\"name\":\"Village vacances Le Hameau de l&#039;Oc\u00e9an\",\"description\":\"\",\"publisher\":{\"@id\":\"https:\/\/www.vendee-en-vacances.com\/de\/#organization\"},\"potentialAction\":[{\"@type\":\"SearchAction\",\"target\":{\"@type\":\"EntryPoint\",\"urlTemplate\":\"https:\/\/www.vendee-en-vacances.com\/de\/?s={search_term_string}\"},\"query-input\":{\"@type\":\"PropertyValueSpecification\",\"valueRequired\":true,\"valueName\":\"search_term_string\"}}],\"inLanguage\":\"de\"},{\"@type\":\"Organization\",\"@id\":\"https:\/\/www.vendee-en-vacances.com\/de\/#organization\",\"name\":\"Hameau de l'Oc\u00e9an\",\"url\":\"https:\/\/www.vendee-en-vacances.com\/de\/\",\"logo\":{\"@type\":\"ImageObject\",\"inLanguage\":\"de\",\"@id\":\"https:\/\/www.vendee-en-vacances.com\/de\/#\/schema\/logo\/image\/\",\"url\":\"https:\/\/www.vendee-en-vacances.com\/wp-content\/uploads\/2021\/04\/camping-hameau-ocean-logo.png\",\"contentUrl\":\"https:\/\/www.vendee-en-vacances.com\/wp-content\/uploads\/2021\/04\/camping-hameau-ocean-logo.png\",\"width\":250,\"height\":240,\"caption\":\"Hameau de l'Oc\u00e9an\"},\"image\":{\"@id\":\"https:\/\/www.vendee-en-vacances.com\/de\/#\/schema\/logo\/image\/\"}}]}<\/script>\n<!-- \/ Yoast SEO plugin. -->","yoast_head_json":{"title":"Feriendorf am Meer St-Hilaire | Str\u00e4nde Vend\u00e9e","robots":{"index":"index","follow":"follow","max-snippet":"max-snippet:-1","max-image-preview":"max-image-preview:large","max-video-preview":"max-video-preview:-1"},"canonical":"https:\/\/www.vendee-en-vacances.com\/de\/feriendorf-am-meer\/","og_locale":"de_DE","og_type":"article","og_title":"Feriendorf am Meer St-Hilaire | Str\u00e4nde Vend\u00e9e","og_url":"https:\/\/www.vendee-en-vacances.com\/de\/feriendorf-am-meer\/","og_site_name":"Village vacances Le Hameau de l&#039;Oc\u00e9an","article_modified_time":"2022-11-18T13:56:19+00:00","og_image":[{"width":1900,"height":700,"url":"https:\/\/www.vendee-en-vacances.com\/wp-content\/uploads\/2022\/01\/villlage-bord-de-mer-vendee.jpg","type":"image\/jpeg"}],"twitter_card":"summary_large_image","schema":{"@context":"https:\/\/schema.org","@graph":[{"@type":"WebPage","@id":"https:\/\/www.vendee-en-vacances.com\/de\/feriendorf-am-meer\/","url":"https:\/\/www.vendee-en-vacances.com\/de\/feriendorf-am-meer\/","name":"Feriendorf am Meer St-Hilaire | Str\u00e4nde Vend\u00e9e","isPartOf":{"@id":"https:\/\/www.vendee-en-vacances.com\/de\/#website"},"primaryImageOfPage":{"@id":"https:\/\/www.vendee-en-vacances.com\/de\/feriendorf-am-meer\/#primaryimage"},"image":{"@id":"https:\/\/www.vendee-en-vacances.com\/de\/feriendorf-am-meer\/#primaryimage"},"thumbnailUrl":"https:\/\/www.vendee-en-vacances.com\/wp-content\/uploads\/2022\/01\/villlage-bord-de-mer-vendee.jpg","datePublished":"2021-04-20T06:44:43+00:00","dateModified":"2022-11-18T13:56:19+00:00","breadcrumb":{"@id":"https:\/\/www.vendee-en-vacances.com\/de\/feriendorf-am-meer\/#breadcrumb"},"inLanguage":"de","potentialAction":[{"@type":"ReadAction","target":["https:\/\/www.vendee-en-vacances.com\/de\/feriendorf-am-meer\/"]}]},{"@type":"ImageObject","inLanguage":"de","@id":"https:\/\/www.vendee-en-vacances.com\/de\/feriendorf-am-meer\/#primaryimage","url":"https:\/\/www.vendee-en-vacances.com\/wp-content\/uploads\/2022\/01\/villlage-bord-de-mer-vendee.jpg","contentUrl":"https:\/\/www.vendee-en-vacances.com\/wp-content\/uploads\/2022\/01\/villlage-bord-de-mer-vendee.jpg","width":1900,"height":700,"caption":"villlage vacances bord de mer vendee"},{"@type":"BreadcrumbList","@id":"https:\/\/www.vendee-en-vacances.com\/de\/feriendorf-am-meer\/#breadcrumb","itemListElement":[{"@type":"ListItem","position":1,"name":"FERIENDORF Saint Hilaire de Riez","item":"https:\/\/www.vendee-en-vacances.com\/de\/"},{"@type":"ListItem","position":2,"name":"Feriend\u00f6rfer in Strandn\u00e4he"}]},{"@type":"WebSite","@id":"https:\/\/www.vendee-en-vacances.com\/de\/#website","url":"https:\/\/www.vendee-en-vacances.com\/de\/","name":"Village vacances Le Hameau de l&#039;Oc\u00e9an","description":"","publisher":{"@id":"https:\/\/www.vendee-en-vacances.com\/de\/#organization"},"potentialAction":[{"@type":"SearchAction","target":{"@type":"EntryPoint","urlTemplate":"https:\/\/www.vendee-en-vacances.com\/de\/?s={search_term_string}"},"query-input":{"@type":"PropertyValueSpecification","valueRequired":true,"valueName":"search_term_string"}}],"inLanguage":"de"},{"@type":"Organization","@id":"https:\/\/www.vendee-en-vacances.com\/de\/#organization","name":"Hameau de l'Oc\u00e9an","url":"https:\/\/www.vendee-en-vacances.com\/de\/","logo":{"@type":"ImageObject","inLanguage":"de","@id":"https:\/\/www.vendee-en-vacances.com\/de\/#\/schema\/logo\/image\/","url":"https:\/\/www.vendee-en-vacances.com\/wp-content\/uploads\/2021\/04\/camping-hameau-ocean-logo.png","contentUrl":"https:\/\/www.vendee-en-vacances.com\/wp-content\/uploads\/2021\/04\/camping-hameau-ocean-logo.png","width":250,"height":240,"caption":"Hameau de l'Oc\u00e9an"},"image":{"@id":"https:\/\/www.vendee-en-vacances.com\/de\/#\/schema\/logo\/image\/"}}]}},"_links":{"self":[{"href":"https:\/\/www.vendee-en-vacances.com\/de\/wp-json\/wp\/v2\/pages\/2440"}],"collection":[{"href":"https:\/\/www.vendee-en-vacances.com\/de\/wp-json\/wp\/v2\/pages"}],"about":[{"href":"https:\/\/www.vendee-en-vacances.com\/de\/wp-json\/wp\/v2\/types\/page"}],"author":[{"embeddable":true,"href":"https:\/\/www.vendee-en-vacances.com\/de\/wp-json\/wp\/v2\/users\/1"}],"replies":[{"embeddable":true,"href":"https:\/\/www.vendee-en-vacances.com\/de\/wp-json\/wp\/v2\/comments?post=2440"}],"version-history":[{"count":18,"href":"https:\/\/www.vendee-en-vacances.com\/de\/wp-json\/wp\/v2\/pages\/2440\/revisions"}],"predecessor-version":[{"id":4488,"href":"https:\/\/www.vendee-en-vacances.com\/de\/wp-json\/wp\/v2\/pages\/2440\/revisions\/4488"}],"wp:featuredmedia":[{"embeddable":true,"href":"https:\/\/www.vendee-en-vacances.com\/de\/wp-json\/wp\/v2\/media\/3558"}],"wp:attachment":[{"href":"https:\/\/www.vendee-en-vacances.com\/de\/wp-json\/wp\/v2\/media?parent=2440"}],"curies":[{"name":"wp","href":"https:\/\/api.w.org\/{rel}","templated":true}]}}