{"id":2464,"date":"2021-04-20T08:46:37","date_gmt":"2021-04-20T06:46:37","guid":{"rendered":"http:\/\/www.vendee-en-vacances.com\/contact-acces\/"},"modified":"2022-03-21T14:01:18","modified_gmt":"2022-03-21T13:01:18","slug":"kontakt-zugang","status":"publish","type":"page","link":"https:\/\/www.vendee-en-vacances.com\/de\/kontakt-zugang\/","title":{"rendered":"Kontakt und Zugang"},"content":{"rendered":"<section id=\"section-61c1dda47913b\" class=\"section home-first bg-white p-b-0\" ><div class=\"container\"><h1 class=\"element section-title center\"><span>Kontakt und Zugang<\/span><\/h1><\/div><\/section>\n\n<section id=\"section-61c1f5e448e72\" class=\"section bg-white\" ><div class=\"container full\"><div class=\"colonnes-wrap valign-top \"><div class=\"element colonne \"><div class=\"carte\" data-src=\"https:\/\/www.google.com\/maps\/embed?pb=!1m14!1m8!1m3!1d10937.53754129791!2d-1.9832795!3d46.7376026!3m2!1i1024!2i768!4f13.1!3m3!1m2!1s0x0%3A0x3ee14f6fa86d15d0!2sVillage%20de%20Vacances%20le%20Hameau%20de%20l'Oc%C3%A9an!5e0!3m2!1sfr!2sfr!4v1640092609152!5m2!1sfr!2sfr\"><\/div><\/div><div class=\"element colonne \"><div class=\"formulaire-de-contact\">\n<div class=\"wpcf7 no-js\" id=\"wpcf7-f2482-o1\" lang=\"fr-FR\" dir=\"ltr\">\n<div class=\"screen-reader-response\"><p role=\"status\" aria-live=\"polite\" aria-atomic=\"true\"><\/p> <ul><\/ul><\/div>\n<form action=\"\/de\/wp-json\/wp\/v2\/pages\/2464#wpcf7-f2482-o1\" method=\"post\" class=\"wpcf7-form init\" aria-label=\"Formulaire de contact\" novalidate=\"novalidate\" data-status=\"init\">\n<div style=\"display: none;\">\n<input type=\"hidden\" name=\"_wpcf7\" value=\"2482\" \/>\n<input type=\"hidden\" name=\"_wpcf7_version\" value=\"5.9.8\" \/>\n<input type=\"hidden\" name=\"_wpcf7_locale\" value=\"fr_FR\" \/>\n<input type=\"hidden\" name=\"_wpcf7_unit_tag\" value=\"wpcf7-f2482-o1\" \/>\n<input type=\"hidden\" name=\"_wpcf7_container_post\" value=\"0\" \/>\n<input type=\"hidden\" name=\"_wpcf7_posted_data_hash\" value=\"\" \/>\n<input type=\"hidden\" name=\"_wpcf7_recaptcha_response\" value=\"\" \/>\n<\/div>\n<p><span class=\"wpcf7-form-control-wrap\" data-name=\"your-name\"><input size=\"40\" maxlength=\"400\" class=\"wpcf7-form-control wpcf7-text wpcf7-validates-as-required\" aria-required=\"true\" aria-invalid=\"false\" placeholder=\"Ihr Name ...\" value=\"\" type=\"text\" name=\"your-name\" \/><\/span><span class=\"wpcf7-form-control-wrap\" data-name=\"your-email\"><input size=\"40\" maxlength=\"400\" class=\"wpcf7-form-control wpcf7-email wpcf7-validates-as-required wpcf7-text wpcf7-validates-as-email\" aria-required=\"true\" aria-invalid=\"false\" placeholder=\"Deine E-Mail ...\" value=\"\" type=\"email\" name=\"your-email\" \/><\/span><span class=\"wpcf7-form-control-wrap\" data-name=\"your-subject\"><input size=\"40\" maxlength=\"400\" class=\"wpcf7-form-control wpcf7-text\" aria-invalid=\"false\" placeholder=\"Thema ...\" value=\"\" type=\"text\" name=\"your-subject\" \/><\/span><span class=\"wpcf7-form-control-wrap\" data-name=\"your-message\"><textarea cols=\"40\" rows=\"10\" maxlength=\"2000\" class=\"wpcf7-form-control wpcf7-textarea\" aria-invalid=\"false\" placeholder=\"Ihre Nachricht ...\" name=\"your-message\"><\/textarea><\/span><span class=\"wpcf7-form-control-wrap\" data-name=\"acceptance-553\"><span class=\"wpcf7-form-control wpcf7-acceptance\"><span class=\"wpcf7-list-item\"><label><input type=\"checkbox\" name=\"acceptance-553\" value=\"1\" aria-invalid=\"false\" \/><span class=\"wpcf7-list-item-label\">Indem ich dieses K\u00e4stchen ankreuze, stimme ich der <a href=\"\/de\/datenschutzrichtlinie\/\" rel=\"nofollow\" target=\"_blank\">Datenschutzrichtlinie<\/a> dieser Seite.<\/span><\/label><\/span><\/span><\/span><input class=\"wpcf7-form-control wpcf7-submit has-spinner\" type=\"submit\" value=\"Senden Sie\" \/>\n<\/p><div class=\"wpcf7-response-output\" aria-hidden=\"true\"><\/div>\n<\/form>\n<\/div>\n<\/div><\/div><\/div><\/div><\/section>\n\n<section id=\"section-61c1dda479727\" data-bg-opacite=\"0.2\"data-background=\"https:\/\/www.vendee-en-vacances.com\/wp-content\/uploads\/2021\/12\/camping-vendee-accueil.jpg\"data-speed=\"0.8\"class=\"section bg-color2 section--has-bg-img section_bg-parallax\" ><div class=\"container extralarge\"><h2 class=\"element section-title center white\">Wie man zum Wohnheim gelangt<\/h2><div class=\"colonnes-wrap valign-top \"><div class=\"element colonne \"><h3 class=\"element section-title justify m-r-10 white\">Wagen<\/h3><div class=\"element bloc-text justify m-r-10\">\r\n\t<p class=\"white\"><strong class=\"white\">GPS-Koordinaten<\/strong><br \/>\nBreitengrad: 46.7376063<br \/>\nL\u00e4nge: -1.9854682<\/p>\n<p><strong class=\"white\">Von Paris aus :<\/strong><\/p>\n<p class=\"white\">Richtung Le Mans \u00fcber die A11 bis Angers, dann Cholet \/ La Roche-sur-Yon \u00fcber die A87.<br \/>\nDann Richtung Noirmoutier &#8211; Saint Gilles &#8211; Saint Hilaire \u00fcber die D948 bis Aizenay, dann Saint Gilles &#8211; Saint Hilaire \u00fcber die D6.<br \/>\nDann nach Saint Hilaire de Riez.<\/p>\n<p><strong class=\"white\">Von der Bretagne aus :<\/strong><\/p>\n<p class=\"white\">\u00dcber Rennes (N137), \u00fcber Vannes (N165) bis Nantes.<br \/>\nDann Richtung Noirmoutier &#8211; Challans \u00fcber die D32.<br \/>\nDann Saint Hilaire de Riez<\/p>\n<\/div><\/div><div class=\"element colonne \"><h3 class=\"element section-title justify white\">Zug<\/h3><div class=\"element bloc-text justify white\">\r\n\t<p class=\"white\">Die Strecke ist Nantes &#8211; Saint Gilles Croix de Vie.<\/p>\n<p class=\"white\">Der n\u00e4chstgelegene Bahnhof ist der von Saint Hilaire de Riez, der etwa 5 Minuten vom Hameau de l&#8217;Oc\u00e9an entfernt liegt. Entscheiden Sie sich dann f\u00fcr ein Taxi oder einen Mietwagen, um zum Feriendorf zu gelangen.<\/p>\n<\/div><h3 class=\"element section-title justify white\">Flugzeug <\/h3><div class=\"element bloc-text justify white\">\r\n\t<p class=\"white\">Der Flughafen Nantes-Atlantique ist etwa 1 Stunde Fahrt vom Hameau de l&#8217;Oc\u00e9an entfernt, dann entscheiden Sie sich f\u00fcr einen Mietwagen und nehmen Sie dann das Kapitel mit dem Titel Anreise mit dem Auto aus der Bretagne wieder auf.<\/p>\n<\/div><\/div><\/div><\/div><\/section>\n\n<section id=\"section-61c1dda479a99\" class=\"section bg-white\" ><div class=\"container extralarge\"><h2 class=\"element section-title center\">Kontakt<\/h2><\/div><\/section>\n\n<section id=\"section-61c1dbd158212\" class=\"section bg-white\" ><div class=\"container extralarge\"><div class=\"colonnes-wrap valign-top \"><div class=\"element colonne \"><h3 class=\"element section-title justify m-r-10\">F\u00fcr Reservierungen<\/h3><div class=\"element bloc-text justify m-r-10\">\r\n\t<p>F\u00fcr Reservierungen<br \/>\nIhre Buchung k\u00f6nnen Sie ganz einfach online auf unserer Website vornehmen: Geben Sie einfach Ihre Daten ein, w\u00e4hlen Sie das gew\u00fcnschte Wohnheim aus und lassen Sie sich bis zur Best\u00e4tigung Ihrer Buchung f\u00fchren.<\/p>\n<p>Wenn Sie weitere Informationen ben\u00f6tigen, Hilfe bei der Online-Buchung ben\u00f6tigen oder einfach nur einen besonderen Wunsch haben, kontaktieren Sie uns bitte \u00fcber das Online-Formular oder schreiben Sie uns eine E-Mail an hameau.ocean@orange.fr. Wir werden Ihnen so schnell wie m\u00f6glich antworten.<\/p>\n<p>Sie k\u00f6nnen uns auch t\u00e4glich telefonisch erreichen, w\u00e4hlen Sie einfach die Nummer 02 51 55 92 00.<\/p>\n<\/div><\/div><div class=\"element colonne \"><h3 class=\"element section-title justify\">F\u00fcr Touristeninfos<\/h3><div class=\"element bloc-text justify \">\r\n\t<p>Auf unserer Website finden Sie eine Auswahl an Sehensw\u00fcrdigkeiten und St\u00e4dten in der Umgebung, die Sie entdecken k\u00f6nnen.<br \/>\nIn unserem Mehrzweckraum stehen Ihnen au\u00dferdem verschiedene Brosch\u00fcren sowie ein Schaukasten mit den wichtigsten Aktivit\u00e4ten, die Sie in der Vend\u00e9e unternehmen oder besuchen k\u00f6nnen, zur Verf\u00fcgung.<\/p>\n<p>F\u00fcr weitere Informationen steht Ihnen das Office de Tourisme de Saint Hilaire de Riez gerne zur Verf\u00fcgung.<\/p>\n<\/div><h3 class=\"element section-title justify\">F\u00fcr praktische Infos<\/h3><div class=\"element bloc-text justify \">\r\n\t<p>Sie haben die M\u00f6glichkeit, unsere folgenden Dokumente herunterzuladen :<\/p>\n<ul>\n<li>Buchungsvertrag und Allgemeine Gesch\u00e4ftsbedingungen<\/li>\n<li>Plan des Feriendorfes<\/li>\n<li>Gesundheitscharta Covid 19<\/li>\n<\/ul>\n<\/div><\/div><\/div><\/div><\/section>","protected":false},"excerpt":{"rendered":"","protected":false},"author":1,"featured_media":0,"parent":0,"menu_order":0,"comment_status":"closed","ping_status":"closed","template":"","meta":{"_acf_changed":false,"footnotes":""},"class_list":["post-2464","page","type-page","status-publish","hentry"],"acf":[],"yoast_head":"<!-- This site is optimized with the Yoast SEO plugin v23.4 - https:\/\/yoast.com\/wordpress\/plugins\/seo\/ -->\n<title>Das Feriendorf kontaktieren | Anreise zum Feriendorf<\/title>\n<meta name=\"robots\" content=\"index, follow, max-snippet:-1, max-image-preview:large, max-video-preview:-1\" \/>\n<link rel=\"canonical\" href=\"https:\/\/www.vendee-en-vacances.com\/de\/kontakt-zugang\/\" \/>\n<meta property=\"og:locale\" content=\"de_DE\" \/>\n<meta property=\"og:type\" content=\"article\" \/>\n<meta property=\"og:title\" content=\"Das Feriendorf kontaktieren | Anreise zum Feriendorf\" \/>\n<meta property=\"og:url\" content=\"https:\/\/www.vendee-en-vacances.com\/de\/kontakt-zugang\/\" \/>\n<meta property=\"og:site_name\" content=\"Village vacances Le Hameau de l&#039;Oc\u00e9an\" \/>\n<meta property=\"article:modified_time\" content=\"2022-03-21T13:01:18+00:00\" \/>\n<meta name=\"twitter:card\" content=\"summary_large_image\" \/>\n<script type=\"application\/ld+json\" class=\"yoast-schema-graph\">{\"@context\":\"https:\/\/schema.org\",\"@graph\":[{\"@type\":\"WebPage\",\"@id\":\"https:\/\/www.vendee-en-vacances.com\/de\/kontakt-zugang\/\",\"url\":\"https:\/\/www.vendee-en-vacances.com\/de\/kontakt-zugang\/\",\"name\":\"Das Feriendorf kontaktieren | Anreise zum Feriendorf\",\"isPartOf\":{\"@id\":\"https:\/\/www.vendee-en-vacances.com\/de\/#website\"},\"datePublished\":\"2021-04-20T06:46:37+00:00\",\"dateModified\":\"2022-03-21T13:01:18+00:00\",\"breadcrumb\":{\"@id\":\"https:\/\/www.vendee-en-vacances.com\/de\/kontakt-zugang\/#breadcrumb\"},\"inLanguage\":\"de\",\"potentialAction\":[{\"@type\":\"ReadAction\",\"target\":[\"https:\/\/www.vendee-en-vacances.com\/de\/kontakt-zugang\/\"]}]},{\"@type\":\"BreadcrumbList\",\"@id\":\"https:\/\/www.vendee-en-vacances.com\/de\/kontakt-zugang\/#breadcrumb\",\"itemListElement\":[{\"@type\":\"ListItem\",\"position\":1,\"name\":\"FERIENDORF Saint Hilaire de Riez\",\"item\":\"https:\/\/www.vendee-en-vacances.com\/de\/\"},{\"@type\":\"ListItem\",\"position\":2,\"name\":\"Kontakt und Zugang\"}]},{\"@type\":\"WebSite\",\"@id\":\"https:\/\/www.vendee-en-vacances.com\/de\/#website\",\"url\":\"https:\/\/www.vendee-en-vacances.com\/de\/\",\"name\":\"Village vacances Le Hameau de l&#039;Oc\u00e9an\",\"description\":\"\",\"publisher\":{\"@id\":\"https:\/\/www.vendee-en-vacances.com\/de\/#organization\"},\"potentialAction\":[{\"@type\":\"SearchAction\",\"target\":{\"@type\":\"EntryPoint\",\"urlTemplate\":\"https:\/\/www.vendee-en-vacances.com\/de\/?s={search_term_string}\"},\"query-input\":{\"@type\":\"PropertyValueSpecification\",\"valueRequired\":true,\"valueName\":\"search_term_string\"}}],\"inLanguage\":\"de\"},{\"@type\":\"Organization\",\"@id\":\"https:\/\/www.vendee-en-vacances.com\/de\/#organization\",\"name\":\"Hameau de l'Oc\u00e9an\",\"url\":\"https:\/\/www.vendee-en-vacances.com\/de\/\",\"logo\":{\"@type\":\"ImageObject\",\"inLanguage\":\"de\",\"@id\":\"https:\/\/www.vendee-en-vacances.com\/de\/#\/schema\/logo\/image\/\",\"url\":\"https:\/\/www.vendee-en-vacances.com\/wp-content\/uploads\/2021\/04\/camping-hameau-ocean-logo.png\",\"contentUrl\":\"https:\/\/www.vendee-en-vacances.com\/wp-content\/uploads\/2021\/04\/camping-hameau-ocean-logo.png\",\"width\":250,\"height\":240,\"caption\":\"Hameau de l'Oc\u00e9an\"},\"image\":{\"@id\":\"https:\/\/www.vendee-en-vacances.com\/de\/#\/schema\/logo\/image\/\"}}]}<\/script>\n<!-- \/ Yoast SEO plugin. -->","yoast_head_json":{"title":"Das Feriendorf kontaktieren | Anreise zum Feriendorf","robots":{"index":"index","follow":"follow","max-snippet":"max-snippet:-1","max-image-preview":"max-image-preview:large","max-video-preview":"max-video-preview:-1"},"canonical":"https:\/\/www.vendee-en-vacances.com\/de\/kontakt-zugang\/","og_locale":"de_DE","og_type":"article","og_title":"Das Feriendorf kontaktieren | Anreise zum Feriendorf","og_url":"https:\/\/www.vendee-en-vacances.com\/de\/kontakt-zugang\/","og_site_name":"Village vacances Le Hameau de l&#039;Oc\u00e9an","article_modified_time":"2022-03-21T13:01:18+00:00","twitter_card":"summary_large_image","schema":{"@context":"https:\/\/schema.org","@graph":[{"@type":"WebPage","@id":"https:\/\/www.vendee-en-vacances.com\/de\/kontakt-zugang\/","url":"https:\/\/www.vendee-en-vacances.com\/de\/kontakt-zugang\/","name":"Das Feriendorf kontaktieren | Anreise zum Feriendorf","isPartOf":{"@id":"https:\/\/www.vendee-en-vacances.com\/de\/#website"},"datePublished":"2021-04-20T06:46:37+00:00","dateModified":"2022-03-21T13:01:18+00:00","breadcrumb":{"@id":"https:\/\/www.vendee-en-vacances.com\/de\/kontakt-zugang\/#breadcrumb"},"inLanguage":"de","potentialAction":[{"@type":"ReadAction","target":["https:\/\/www.vendee-en-vacances.com\/de\/kontakt-zugang\/"]}]},{"@type":"BreadcrumbList","@id":"https:\/\/www.vendee-en-vacances.com\/de\/kontakt-zugang\/#breadcrumb","itemListElement":[{"@type":"ListItem","position":1,"name":"FERIENDORF Saint Hilaire de Riez","item":"https:\/\/www.vendee-en-vacances.com\/de\/"},{"@type":"ListItem","position":2,"name":"Kontakt und Zugang"}]},{"@type":"WebSite","@id":"https:\/\/www.vendee-en-vacances.com\/de\/#website","url":"https:\/\/www.vendee-en-vacances.com\/de\/","name":"Village vacances Le Hameau de l&#039;Oc\u00e9an","description":"","publisher":{"@id":"https:\/\/www.vendee-en-vacances.com\/de\/#organization"},"potentialAction":[{"@type":"SearchAction","target":{"@type":"EntryPoint","urlTemplate":"https:\/\/www.vendee-en-vacances.com\/de\/?s={search_term_string}"},"query-input":{"@type":"PropertyValueSpecification","valueRequired":true,"valueName":"search_term_string"}}],"inLanguage":"de"},{"@type":"Organization","@id":"https:\/\/www.vendee-en-vacances.com\/de\/#organization","name":"Hameau de l'Oc\u00e9an","url":"https:\/\/www.vendee-en-vacances.com\/de\/","logo":{"@type":"ImageObject","inLanguage":"de","@id":"https:\/\/www.vendee-en-vacances.com\/de\/#\/schema\/logo\/image\/","url":"https:\/\/www.vendee-en-vacances.com\/wp-content\/uploads\/2021\/04\/camping-hameau-ocean-logo.png","contentUrl":"https:\/\/www.vendee-en-vacances.com\/wp-content\/uploads\/2021\/04\/camping-hameau-ocean-logo.png","width":250,"height":240,"caption":"Hameau de l'Oc\u00e9an"},"image":{"@id":"https:\/\/www.vendee-en-vacances.com\/de\/#\/schema\/logo\/image\/"}}]}},"_links":{"self":[{"href":"https:\/\/www.vendee-en-vacances.com\/de\/wp-json\/wp\/v2\/pages\/2464"}],"collection":[{"href":"https:\/\/www.vendee-en-vacances.com\/de\/wp-json\/wp\/v2\/pages"}],"about":[{"href":"https:\/\/www.vendee-en-vacances.com\/de\/wp-json\/wp\/v2\/types\/page"}],"author":[{"embeddable":true,"href":"https:\/\/www.vendee-en-vacances.com\/de\/wp-json\/wp\/v2\/users\/1"}],"replies":[{"embeddable":true,"href":"https:\/\/www.vendee-en-vacances.com\/de\/wp-json\/wp\/v2\/comments?post=2464"}],"version-history":[{"count":19,"href":"https:\/\/www.vendee-en-vacances.com\/de\/wp-json\/wp\/v2\/pages\/2464\/revisions"}],"predecessor-version":[{"id":4430,"href":"https:\/\/www.vendee-en-vacances.com\/de\/wp-json\/wp\/v2\/pages\/2464\/revisions\/4430"}],"wp:attachment":[{"href":"https:\/\/www.vendee-en-vacances.com\/de\/wp-json\/wp\/v2\/media?parent=2464"}],"curies":[{"name":"wp","href":"https:\/\/api.w.org\/{rel}","templated":true}]}}