{"id":2486,"date":"2021-04-20T08:44:36","date_gmt":"2021-04-20T06:44:36","guid":{"rendered":"http:\/\/www.vendee-en-vacances.com\/village-vacances-piscine-saint-hilaire-de-riez\/"},"modified":"2024-09-30T10:52:57","modified_gmt":"2024-09-30T08:52:57","slug":"feriendorf-swimmingpool-saint-hilaire-de-riez","status":"publish","type":"page","link":"https:\/\/www.vendee-en-vacances.com\/de\/feriendorf-swimmingpool-saint-hilaire-de-riez\/","title":{"rendered":"Der Swimmingpool"},"content":{"rendered":"<section id=\"section-61001bbea0ad3\" class=\"section home-first bg-white p-t-0 p-b-0\" ><div class=\"container extralarge\"><div class=\"colonnes-wrap valign-middle \"><div class=\"element colonne first\"><div class=\"element bloc-text center \">\r\n\t<h1><span>Wasserpark <\/span><br \/>\n<span>in<\/span><br \/>\n<span>der <\/span> <span>Vend\u00e9e<\/span><\/h1>\n<\/div><\/div><div class=\"element colonne \"><div class=\"element bloc-text justify \">\r\n\t<p><span style=\"font-weight: 400;\">Sind Sie auf der Suche nach einer <strong>Ferienanlage<\/strong> mit einem <strong>gro\u00dfen Hallenbad, das auf 28\u00b0 C beheizt wird, in der Vend\u00e9e<\/strong>? Sie haben es gefunden, es ist das Feriendorf <a href=\"\/de\/\">Le Hameau de l&#8217;Oc\u00e9an in Saint-Hilaire-de-Riez<\/a> !<\/span><\/p>\n<p><span style=\"font-weight: 400;\">G\u00f6nnen Sie sich eine <strong>Entspannungspause auf unseren Liegest\u00fchlen<\/strong>, die Ihnen zur Verf\u00fcgung stehen, um die Sonne der Vend\u00e9e zu genie\u00dfen, mit einem Buch in der Hand oder ganz einfach im Faulenzermodus, denn auch das ist Urlaub!<\/span><\/p>\n<p><span style=\"font-weight: 400;\">Der <strong>Pool ist vom 2. April bis zum 12. November 2024 ge\u00f6ffnet<\/strong>.<\/span><\/p>\n<p><span style=\"font-weight: 400;\">Wie auch immer das Wetter sein mag, vergessen Sie Ihren Badeanzug nicht!<\/span><\/p>\n<\/div><\/div><\/div><div class=\"carousel scroll-x-mobile\"><div class=\"slide \"><div class=\"slide_image\"><img decoding=\"async\" src=\"https:\/\/www.vendee-en-vacances.com\/wp-content\/uploads\/2021\/12\/camping-vendee-aquagym-1024x683.jpg\" data-src=\"https:\/\/www.vendee-en-vacances.com\/wp-content\/uploads\/2021\/12\/camping-vendee-aquagym.jpg\" alt=\"camping vendee aquagym\" class=\"\" \/><\/div><\/div><div class=\"slide \"><div class=\"slide_image\"><img decoding=\"async\" src=\"https:\/\/www.vendee-en-vacances.com\/wp-content\/uploads\/2021\/12\/camping-vendeen-piscine-1024x683.jpg\" data-src=\"https:\/\/www.vendee-en-vacances.com\/wp-content\/uploads\/2021\/12\/camping-vendeen-piscine.jpg\" alt=\"camping vendeen piscine\" class=\"\" \/><\/div><\/div><div class=\"slide \"><div class=\"slide_image\"><img decoding=\"async\" src=\"https:\/\/www.vendee-en-vacances.com\/wp-content\/uploads\/2021\/12\/camping-vendeen-piscine-chauffee-1024x683.jpg\" data-src=\"https:\/\/www.vendee-en-vacances.com\/wp-content\/uploads\/2021\/12\/camping-vendeen-piscine-chauffee.jpg\" alt=\"camping vendee piscine chauffee\" class=\"\" \/><\/div><\/div><div class=\"slide \"><div class=\"slide_image\"><img decoding=\"async\" src=\"https:\/\/www.vendee-en-vacances.com\/wp-content\/uploads\/2022\/01\/village-vacances-terrain-petanque-saint-hilaire-de-riez.jpg\" data-src=\"https:\/\/www.vendee-en-vacances.com\/wp-content\/uploads\/2022\/01\/village-vacances-terrain-petanque-saint-hilaire-de-riez.jpg\" alt=\"village vacances terrain petanque saint hilaire de riez\" class=\"\" \/><\/div><\/div><div class=\"slide \"><div class=\"slide_image\"><img decoding=\"async\" src=\"https:\/\/www.vendee-en-vacances.com\/wp-content\/uploads\/2022\/01\/bain-de-soleil-vendee.jpg\" data-src=\"https:\/\/www.vendee-en-vacances.com\/wp-content\/uploads\/2022\/01\/bain-de-soleil-vendee.jpg\" alt=\"bain de soleil vendee\" class=\"\" \/><\/div><\/div><div class=\"slide \"><div class=\"slide_image\"><img decoding=\"async\" src=\"https:\/\/www.vendee-en-vacances.com\/wp-content\/uploads\/2022\/01\/village-vacances-terrain-multisports-saint-hilaire-de-riez.jpg\" data-src=\"https:\/\/www.vendee-en-vacances.com\/wp-content\/uploads\/2022\/01\/village-vacances-terrain-multisports-saint-hilaire-de-riez.jpg\" alt=\"village vacances terrain-multisports saint hilaire de riez\" class=\"\" \/><\/div><\/div><div class=\"slide \"><div class=\"slide_image\"><img decoding=\"async\" src=\"https:\/\/www.vendee-en-vacances.com\/wp-content\/uploads\/2022\/01\/village-vacances-terrain-foot-saint-hilaire-de-riez.jpg\" data-src=\"https:\/\/www.vendee-en-vacances.com\/wp-content\/uploads\/2022\/01\/village-vacances-terrain-foot-saint-hilaire-de-riez.jpg\" alt=\"village vacances terrain foot saint hilaire de riez\" class=\"\" \/><\/div><\/div><div class=\"slide \"><div class=\"slide_image\"><img decoding=\"async\" src=\"https:\/\/www.vendee-en-vacances.com\/wp-content\/uploads\/2022\/01\/village-vacances-sport-vendee.jpg\" data-src=\"https:\/\/www.vendee-en-vacances.com\/wp-content\/uploads\/2022\/01\/village-vacances-sport-vendee.jpg\" alt=\"village vacances sport vendee\" class=\"\" \/><\/div><\/div><div class=\"slide \"><div class=\"slide_image\"><img decoding=\"async\" src=\"https:\/\/www.vendee-en-vacances.com\/wp-content\/uploads\/2022\/01\/village-vacances-sauna-vendee.jpg\" data-src=\"https:\/\/www.vendee-en-vacances.com\/wp-content\/uploads\/2022\/01\/village-vacances-sauna-vendee.jpg\" alt=\"village vacances sauna vendee\" class=\"\" \/><\/div><\/div><div class=\"slide \"><div class=\"slide_image\"><img decoding=\"async\" src=\"https:\/\/www.vendee-en-vacances.com\/wp-content\/uploads\/2022\/01\/village-vacances-piscine-couverte-vendee.jpg\" data-src=\"https:\/\/www.vendee-en-vacances.com\/wp-content\/uploads\/2022\/01\/village-vacances-piscine-couverte-vendee.jpg\" alt=\"village vacances piscine couverte vendee\" class=\"\" \/><\/div><\/div><div class=\"slide \"><div class=\"slide_image\"><img decoding=\"async\" src=\"https:\/\/www.vendee-en-vacances.com\/wp-content\/uploads\/2022\/01\/village-vacances-piscine-couverte-saint-hilaire-de-riez.jpg\" data-src=\"https:\/\/www.vendee-en-vacances.com\/wp-content\/uploads\/2022\/01\/village-vacances-piscine-couverte-saint-hilaire-de-riez.jpg\" alt=\"village vacances piscine couverte saint hilaire de riez\" class=\"\" \/><\/div><\/div><div class=\"slide \"><div class=\"slide_image\"><img decoding=\"async\" src=\"https:\/\/www.vendee-en-vacances.com\/wp-content\/uploads\/2022\/01\/village-vacances-mini-golf-vendee.jpg\" data-src=\"https:\/\/www.vendee-en-vacances.com\/wp-content\/uploads\/2022\/01\/village-vacances-mini-golf-vendee.jpg\" alt=\"village-vacances-mini-golf-vendee\" class=\"\" \/><\/div><\/div><div class=\"slide \"><div class=\"slide_image\"><img decoding=\"async\" src=\"https:\/\/www.vendee-en-vacances.com\/wp-content\/uploads\/2022\/01\/village-vacances-aquagym-vendee.jpg\" data-src=\"https:\/\/www.vendee-en-vacances.com\/wp-content\/uploads\/2022\/01\/village-vacances-aquagym-vendee.jpg\" alt=\"village vacances aquagym vendee\" class=\"\" \/><\/div><\/div><div class=\"slide \"><div class=\"slide_image\"><img decoding=\"async\" src=\"https:\/\/www.vendee-en-vacances.com\/wp-content\/uploads\/2022\/01\/village-vacances-activites-sportives-vendee.jpg\" data-src=\"https:\/\/www.vendee-en-vacances.com\/wp-content\/uploads\/2022\/01\/village-vacances-activites-sportives-vendee.jpg\" alt=\"village vacances activites sportives vendee\" class=\"\" \/><\/div><\/div><div class=\"slide \"><div class=\"slide_image\"><img decoding=\"async\" src=\"https:\/\/www.vendee-en-vacances.com\/wp-content\/uploads\/2022\/01\/terrain-tennis-vendee.jpg\" data-src=\"https:\/\/www.vendee-en-vacances.com\/wp-content\/uploads\/2022\/01\/terrain-tennis-vendee.jpg\" alt=\"terrain tennis vendee\" class=\"\" \/><\/div><\/div><div class=\"slide \"><div class=\"slide_image\"><img decoding=\"async\" src=\"https:\/\/www.vendee-en-vacances.com\/wp-content\/uploads\/2022\/01\/terrain-foot-saint-hilaire-de-riez.jpg\" data-src=\"https:\/\/www.vendee-en-vacances.com\/wp-content\/uploads\/2022\/01\/terrain-foot-saint-hilaire-de-riez.jpg\" alt=\"terrain foot saint hilaire de riez\" class=\"\" \/><\/div><\/div><div class=\"slide \"><div class=\"slide_image\"><img decoding=\"async\" src=\"https:\/\/www.vendee-en-vacances.com\/wp-content\/uploads\/2022\/01\/salle-sport-vendee.jpg\" data-src=\"https:\/\/www.vendee-en-vacances.com\/wp-content\/uploads\/2022\/01\/salle-sport-vendee.jpg\" alt=\"salle sport vendee\" class=\"\" \/><\/div><\/div><div class=\"slide \"><div class=\"slide_image\"><img decoding=\"async\" src=\"https:\/\/www.vendee-en-vacances.com\/wp-content\/uploads\/2022\/01\/piscine-couverte-vendee.jpg\" data-src=\"https:\/\/www.vendee-en-vacances.com\/wp-content\/uploads\/2022\/01\/piscine-couverte-vendee.jpg\" alt=\"piscine-couverte-vendee\" class=\"\" \/><\/div><\/div><div class=\"slide \"><div class=\"slide_image\"><img decoding=\"async\" src=\"https:\/\/www.vendee-en-vacances.com\/wp-content\/uploads\/2022\/01\/piscine-couverte-chauffee-vendee.jpg\" data-src=\"https:\/\/www.vendee-en-vacances.com\/wp-content\/uploads\/2022\/01\/piscine-couverte-chauffee-vendee.jpg\" alt=\"piscine couverte chauffee vendee\" class=\"\" \/><\/div><\/div><div class=\"slide \"><div class=\"slide_image\"><img decoding=\"async\" src=\"https:\/\/www.vendee-en-vacances.com\/wp-content\/uploads\/2022\/01\/piscine-chauffee-vendee.jpg\" data-src=\"https:\/\/www.vendee-en-vacances.com\/wp-content\/uploads\/2022\/01\/piscine-chauffee-vendee.jpg\" alt=\"piscine chauffee vendee\" class=\"\" \/><\/div><\/div><div class=\"slide \"><div class=\"slide_image\"><img decoding=\"async\" src=\"https:\/\/www.vendee-en-vacances.com\/wp-content\/uploads\/2022\/01\/piscine-chauffee-saint-hilaire-de-riez.jpg\" data-src=\"https:\/\/www.vendee-en-vacances.com\/wp-content\/uploads\/2022\/01\/piscine-chauffee-saint-hilaire-de-riez.jpg\" alt=\"piscine-chauffee saint hilaire de riez\" class=\"\" \/><\/div><\/div><div class=\"slide \"><div class=\"slide_image\"><img decoding=\"async\" src=\"https:\/\/www.vendee-en-vacances.com\/wp-content\/uploads\/2022\/01\/parc-aquatique-saint-hilaire-de-riez.jpg\" data-src=\"https:\/\/www.vendee-en-vacances.com\/wp-content\/uploads\/2022\/01\/parc-aquatique-saint-hilaire-de-riez.jpg\" alt=\"parc aquatique saint hilaire de riez\" class=\"\" \/><\/div><\/div><div class=\"slide \"><div class=\"slide_image\"><img decoding=\"async\" src=\"https:\/\/www.vendee-en-vacances.com\/wp-content\/uploads\/2022\/01\/golf-saint-hilaire-de-riez.jpg\" data-src=\"https:\/\/www.vendee-en-vacances.com\/wp-content\/uploads\/2022\/01\/golf-saint-hilaire-de-riez.jpg\" alt=\"golf saint hilaire de riez\" class=\"\" \/><\/div><\/div><div class=\"slide \"><div class=\"slide_image\"><img decoding=\"async\" src=\"https:\/\/www.vendee-en-vacances.com\/wp-content\/uploads\/2022\/01\/espace-aquatique-vendee.jpg\" data-src=\"https:\/\/www.vendee-en-vacances.com\/wp-content\/uploads\/2022\/01\/espace-aquatique-vendee.jpg\" alt=\"espace aquatique vendee\" class=\"\" \/><\/div><\/div><\/div><\/div><\/section>\n\n<section id=\"section-61010ae3f3a8c\" class=\"section  home-fifth bg-white p-b-0\" ><div class=\"container full\"><div class=\"colonnes-wrap valign-middle \"><div class=\"element colonne \"><div class=\"element images scroll-x-mobile\"><div class=\"image\"><img decoding=\"async\" src=\"https:\/\/www.vendee-en-vacances.com\/wp-content\/uploads\/2021\/12\/camping-vendee-piscine-couverte-100x67.jpg\" data-src=\"https:\/\/www.vendee-en-vacances.com\/wp-content\/uploads\/2021\/12\/camping-vendee-piscine-couverte.jpg\" alt=\"camping vendee piscine couverte\" class=\"images_image\" \/><\/div><\/div><\/div><div class=\"element colonne \"><h2 class=\"element section-title justify\">Feriendorf mit beheiztem Pool in <span>Saint-Hilaire-de-Riez<\/span><\/h2><div class=\"element bloc-text justify \">\r\n\t<p>Lassen Sie sich mit der Familie oder mit Freunden fallen, das Paradies ist genau hier!<\/p>\n<p>Haben Sie Lust, in 28\u00b0 warmem Wasser an der Atlantikk\u00fcste zu baden? Das Hameau de l&#8217;Oc\u00e9an bietet <strong>Ihnen inmitten eines Pinienwaldes<\/strong> seinen Freizeitbereich&#8230;<\/p>\n<p>Nutzen Sie das <strong>beheizte Hallenbad<\/strong> nach Belieben, unabh\u00e4ngig von der Au\u00dfentemperatur, und entspannen <strong>Sie sich von April bis November in 28\u00b0 warmem Wasser<\/strong>.<\/p>\n<p>Wenn Sie gerne morgens baden und schwimmen m\u00f6chten, w\u00e4hrend die Sonne die Meerestemperatur erh\u00f6ht, genie\u00dfen Sie jeden Schritt in diesem angenehm warmen Wasser!<\/p>\n<p>Es werden nur Badeanz\u00fcge oberhalb des Knies akzeptiert. Unterw\u00e4sche unter den Badeshorts ist nicht erlaubt.<\/p>\n<p>Kinder stehen unter der Verantwortung der Eltern und m\u00fcssen von einem Erwachsenen begleitet werden.<\/p>\n<p>Bei jedem Schwimmen oder Wasserspiel sollten Sie darauf gefasst sein, dass sich ein L\u00e4cheln auf den Gesichtern Ihrer Lieben abzeichnet&#8230;<\/p>\n<\/div><\/div><\/div><\/div><\/section>\n\n<section id=\"section-610103b3e8c7e\" data-bg-opacite=\"0.4\"data-background=\"https:\/\/www.vendee-en-vacances.com\/wp-content\/uploads\/2021\/12\/camping-vendee-piscine-chauffee-1.jpg\"data-speed=\"1.5\"class=\"section home-seventh m-t-10 m-b-10 bg-color2 section--has-bg-img section_bg-parallax\" ><div class=\"container large\"><h2 class=\"element section-title center white\">Wassergymnastiksitzungen<\/h2><div class=\"element bloc-text center white\">\r\n\t<p>Um den Tag zu beginnen, gibt es nichts Besseres, als an sich selbst zu denken.<br \/>\nHaben Sie Lust auf Sport oder wollen Sie neue Leute kennenlernen und dabei Spa\u00df haben!<br \/>\nIn einem auf <strong class='white'>28\u00b0 beheizten Hallenbad<\/strong> k\u00f6nnen Sie Ihre Dehn\u00fcbungen machen und die Verspannungen des Jahres l\u00f6sen, um sich bei den von unseren Animateuren angebotenen <strong class='white'>Wassergymnastikstunden<\/strong> garantiert zu <strong class='white'>entspannen<\/strong>.<\/p>\n<\/div><\/div><\/section>\n\n<section id=\"section-610021336709a\" class=\"section bg-white\" ><div class=\"container extralarge\"><div class=\"element section-title center title-cta\">Animationen und Meeresufer in der Vend\u00e9e<\/div><ul class=\"liste-de-page scroll-x-mobile\"><li class=\"element call-to-action center title-cta call-to-action--style-1 call-to-action--normal\"><a href=\"https:\/\/www.vendee-en-vacances.com\/de\/feriendorf-animationen-saint-hilaire-de-riez\/\"  class=\"call-to-action_link\" title=\"Mehr \u00fcber aktivit\u00e4ten und animationen\"><div class=\"call-to-action_image\"><img decoding=\"async\" src=\"https:\/\/www.vendee-en-vacances.com\/wp-content\/uploads\/2021\/12\/camping-vendee-animations-sport-100x67.jpg\" data-src=\"https:\/\/www.vendee-en-vacances.com\/wp-content\/uploads\/2021\/12\/camping-vendee-animations-sport.jpg\" alt=\"camping vendee animations sport\" class=\"normal\" \/><\/div><div class=\"call-to-action_contenu\"><div class=\"call-to-action_titre\">Aktivit\u00e4ten und Animationen<\/div><\/div><\/a><\/li><li class=\"element call-to-action center title-cta call-to-action--style-1 call-to-action--normal call-to-action--style-1 call-to-action--normal\"><a href=\"https:\/\/www.vendee-en-vacances.com\/de\/feriendorf-am-meer\/\"  class=\"call-to-action_link\" title=\"Mehr \u00fcber meeresk\u00fcste\"><div class=\"call-to-action_image\"><img decoding=\"async\" src=\"https:\/\/www.vendee-en-vacances.com\/wp-content\/uploads\/2021\/07\/vendee-residence-mer-100x56.jpg\" data-src=\"https:\/\/www.vendee-en-vacances.com\/wp-content\/uploads\/2021\/07\/vendee-residence-mer.jpg\" alt=\"vendee residence mer\" class=\"normal\" \/><\/div><div class=\"call-to-action_contenu\"><div class=\"call-to-action_titre\">Meeresk\u00fcste<\/div><\/div><\/a><\/li><li class=\"element call-to-action center title-cta call-to-action--style-1 call-to-action--normal call-to-action--style-1 call-to-action--normal call-to-action--style-1 call-to-action--normal\"><a href=\"https:\/\/www.vendee-en-vacances.com\/de\/familienferiendorf-saint-hilaire-de-riez\/\"  class=\"call-to-action_link\" title=\"Mehr \u00fcber das club-resort und seine dienstleistungen\"><div class=\"call-to-action_image\"><img decoding=\"async\" src=\"https:\/\/www.vendee-en-vacances.com\/wp-content\/uploads\/2021\/12\/camping-vendee-snack-planche-100x67.jpg\" data-src=\"https:\/\/www.vendee-en-vacances.com\/wp-content\/uploads\/2021\/12\/camping-vendee-snack-planche.jpg\" alt=\"camping vendee snack planche\" class=\"normal\" \/><\/div><div class=\"call-to-action_contenu\"><div class=\"call-to-action_titre\">Das Club-Resort und seine Dienstleistungen<\/div><\/div><\/a><\/li><\/ul><\/div><\/section>","protected":false},"excerpt":{"rendered":"","protected":false},"author":1,"featured_media":2488,"parent":0,"menu_order":0,"comment_status":"closed","ping_status":"closed","template":"","meta":{"_acf_changed":false,"footnotes":""},"class_list":["post-2486","page","type-page","status-publish","has-post-thumbnail","hentry"],"acf":[],"yoast_head":"<!-- This site is optimized with the Yoast SEO plugin v23.4 - https:\/\/yoast.com\/wordpress\/plugins\/seo\/ -->\n<title>Feriendorf swimmingpool St-Hilaire | Beheizter Swimmingpool Vend\u00e9e<\/title>\n<meta name=\"robots\" content=\"index, follow, max-snippet:-1, max-image-preview:large, max-video-preview:-1\" \/>\n<link rel=\"canonical\" href=\"https:\/\/www.vendee-en-vacances.com\/de\/feriendorf-swimmingpool-saint-hilaire-de-riez\/\" \/>\n<meta property=\"og:locale\" content=\"de_DE\" \/>\n<meta property=\"og:type\" content=\"article\" \/>\n<meta property=\"og:title\" content=\"Feriendorf swimmingpool St-Hilaire | Beheizter Swimmingpool Vend\u00e9e\" \/>\n<meta property=\"og:url\" content=\"https:\/\/www.vendee-en-vacances.com\/de\/feriendorf-swimmingpool-saint-hilaire-de-riez\/\" \/>\n<meta property=\"og:site_name\" content=\"Village vacances Le Hameau de l&#039;Oc\u00e9an\" \/>\n<meta property=\"article:modified_time\" content=\"2024-09-30T08:52:57+00:00\" \/>\n<meta property=\"og:image\" content=\"https:\/\/www.vendee-en-vacances.com\/wp-content\/uploads\/2021\/12\/camping-vendee-espace-aquatique.jpg\" \/>\n\t<meta property=\"og:image:width\" content=\"1900\" \/>\n\t<meta property=\"og:image:height\" content=\"700\" \/>\n\t<meta property=\"og:image:type\" content=\"image\/jpeg\" \/>\n<meta name=\"twitter:card\" content=\"summary_large_image\" \/>\n<meta name=\"twitter:label1\" content=\"Gesch\u00e4tzte Lesezeit\" \/>\n\t<meta name=\"twitter:data1\" content=\"1\u00a0Minute\" \/>\n<script type=\"application\/ld+json\" class=\"yoast-schema-graph\">{\"@context\":\"https:\/\/schema.org\",\"@graph\":[{\"@type\":\"WebPage\",\"@id\":\"https:\/\/www.vendee-en-vacances.com\/de\/feriendorf-swimmingpool-saint-hilaire-de-riez\/\",\"url\":\"https:\/\/www.vendee-en-vacances.com\/de\/feriendorf-swimmingpool-saint-hilaire-de-riez\/\",\"name\":\"Feriendorf swimmingpool St-Hilaire | Beheizter Swimmingpool Vend\u00e9e\",\"isPartOf\":{\"@id\":\"https:\/\/www.vendee-en-vacances.com\/de\/#website\"},\"primaryImageOfPage\":{\"@id\":\"https:\/\/www.vendee-en-vacances.com\/de\/feriendorf-swimmingpool-saint-hilaire-de-riez\/#primaryimage\"},\"image\":{\"@id\":\"https:\/\/www.vendee-en-vacances.com\/de\/feriendorf-swimmingpool-saint-hilaire-de-riez\/#primaryimage\"},\"thumbnailUrl\":\"https:\/\/www.vendee-en-vacances.com\/wp-content\/uploads\/2021\/12\/camping-vendee-espace-aquatique.jpg\",\"datePublished\":\"2021-04-20T06:44:36+00:00\",\"dateModified\":\"2024-09-30T08:52:57+00:00\",\"breadcrumb\":{\"@id\":\"https:\/\/www.vendee-en-vacances.com\/de\/feriendorf-swimmingpool-saint-hilaire-de-riez\/#breadcrumb\"},\"inLanguage\":\"de\",\"potentialAction\":[{\"@type\":\"ReadAction\",\"target\":[\"https:\/\/www.vendee-en-vacances.com\/de\/feriendorf-swimmingpool-saint-hilaire-de-riez\/\"]}]},{\"@type\":\"ImageObject\",\"inLanguage\":\"de\",\"@id\":\"https:\/\/www.vendee-en-vacances.com\/de\/feriendorf-swimmingpool-saint-hilaire-de-riez\/#primaryimage\",\"url\":\"https:\/\/www.vendee-en-vacances.com\/wp-content\/uploads\/2021\/12\/camping-vendee-espace-aquatique.jpg\",\"contentUrl\":\"https:\/\/www.vendee-en-vacances.com\/wp-content\/uploads\/2021\/12\/camping-vendee-espace-aquatique.jpg\",\"width\":1900,\"height\":700,\"caption\":\"camping-vendee-espace-aquatique\"},{\"@type\":\"BreadcrumbList\",\"@id\":\"https:\/\/www.vendee-en-vacances.com\/de\/feriendorf-swimmingpool-saint-hilaire-de-riez\/#breadcrumb\",\"itemListElement\":[{\"@type\":\"ListItem\",\"position\":1,\"name\":\"FERIENDORF Saint Hilaire de Riez\",\"item\":\"https:\/\/www.vendee-en-vacances.com\/de\/\"},{\"@type\":\"ListItem\",\"position\":2,\"name\":\"Feriendorf mit beheiztem Pool in Saint-Hilaire\"}]},{\"@type\":\"WebSite\",\"@id\":\"https:\/\/www.vendee-en-vacances.com\/de\/#website\",\"url\":\"https:\/\/www.vendee-en-vacances.com\/de\/\",\"name\":\"Village vacances Le Hameau de l&#039;Oc\u00e9an\",\"description\":\"\",\"publisher\":{\"@id\":\"https:\/\/www.vendee-en-vacances.com\/de\/#organization\"},\"potentialAction\":[{\"@type\":\"SearchAction\",\"target\":{\"@type\":\"EntryPoint\",\"urlTemplate\":\"https:\/\/www.vendee-en-vacances.com\/de\/?s={search_term_string}\"},\"query-input\":{\"@type\":\"PropertyValueSpecification\",\"valueRequired\":true,\"valueName\":\"search_term_string\"}}],\"inLanguage\":\"de\"},{\"@type\":\"Organization\",\"@id\":\"https:\/\/www.vendee-en-vacances.com\/de\/#organization\",\"name\":\"Hameau de l'Oc\u00e9an\",\"url\":\"https:\/\/www.vendee-en-vacances.com\/de\/\",\"logo\":{\"@type\":\"ImageObject\",\"inLanguage\":\"de\",\"@id\":\"https:\/\/www.vendee-en-vacances.com\/de\/#\/schema\/logo\/image\/\",\"url\":\"https:\/\/www.vendee-en-vacances.com\/wp-content\/uploads\/2021\/04\/camping-hameau-ocean-logo.png\",\"contentUrl\":\"https:\/\/www.vendee-en-vacances.com\/wp-content\/uploads\/2021\/04\/camping-hameau-ocean-logo.png\",\"width\":250,\"height\":240,\"caption\":\"Hameau de l'Oc\u00e9an\"},\"image\":{\"@id\":\"https:\/\/www.vendee-en-vacances.com\/de\/#\/schema\/logo\/image\/\"}}]}<\/script>\n<!-- \/ Yoast SEO plugin. -->","yoast_head_json":{"title":"Feriendorf swimmingpool St-Hilaire | Beheizter Swimmingpool Vend\u00e9e","robots":{"index":"index","follow":"follow","max-snippet":"max-snippet:-1","max-image-preview":"max-image-preview:large","max-video-preview":"max-video-preview:-1"},"canonical":"https:\/\/www.vendee-en-vacances.com\/de\/feriendorf-swimmingpool-saint-hilaire-de-riez\/","og_locale":"de_DE","og_type":"article","og_title":"Feriendorf swimmingpool St-Hilaire | Beheizter Swimmingpool Vend\u00e9e","og_url":"https:\/\/www.vendee-en-vacances.com\/de\/feriendorf-swimmingpool-saint-hilaire-de-riez\/","og_site_name":"Village vacances Le Hameau de l&#039;Oc\u00e9an","article_modified_time":"2024-09-30T08:52:57+00:00","og_image":[{"width":1900,"height":700,"url":"https:\/\/www.vendee-en-vacances.com\/wp-content\/uploads\/2021\/12\/camping-vendee-espace-aquatique.jpg","type":"image\/jpeg"}],"twitter_card":"summary_large_image","twitter_misc":{"Gesch\u00e4tzte Lesezeit":"1\u00a0Minute"},"schema":{"@context":"https:\/\/schema.org","@graph":[{"@type":"WebPage","@id":"https:\/\/www.vendee-en-vacances.com\/de\/feriendorf-swimmingpool-saint-hilaire-de-riez\/","url":"https:\/\/www.vendee-en-vacances.com\/de\/feriendorf-swimmingpool-saint-hilaire-de-riez\/","name":"Feriendorf swimmingpool St-Hilaire | Beheizter Swimmingpool Vend\u00e9e","isPartOf":{"@id":"https:\/\/www.vendee-en-vacances.com\/de\/#website"},"primaryImageOfPage":{"@id":"https:\/\/www.vendee-en-vacances.com\/de\/feriendorf-swimmingpool-saint-hilaire-de-riez\/#primaryimage"},"image":{"@id":"https:\/\/www.vendee-en-vacances.com\/de\/feriendorf-swimmingpool-saint-hilaire-de-riez\/#primaryimage"},"thumbnailUrl":"https:\/\/www.vendee-en-vacances.com\/wp-content\/uploads\/2021\/12\/camping-vendee-espace-aquatique.jpg","datePublished":"2021-04-20T06:44:36+00:00","dateModified":"2024-09-30T08:52:57+00:00","breadcrumb":{"@id":"https:\/\/www.vendee-en-vacances.com\/de\/feriendorf-swimmingpool-saint-hilaire-de-riez\/#breadcrumb"},"inLanguage":"de","potentialAction":[{"@type":"ReadAction","target":["https:\/\/www.vendee-en-vacances.com\/de\/feriendorf-swimmingpool-saint-hilaire-de-riez\/"]}]},{"@type":"ImageObject","inLanguage":"de","@id":"https:\/\/www.vendee-en-vacances.com\/de\/feriendorf-swimmingpool-saint-hilaire-de-riez\/#primaryimage","url":"https:\/\/www.vendee-en-vacances.com\/wp-content\/uploads\/2021\/12\/camping-vendee-espace-aquatique.jpg","contentUrl":"https:\/\/www.vendee-en-vacances.com\/wp-content\/uploads\/2021\/12\/camping-vendee-espace-aquatique.jpg","width":1900,"height":700,"caption":"camping-vendee-espace-aquatique"},{"@type":"BreadcrumbList","@id":"https:\/\/www.vendee-en-vacances.com\/de\/feriendorf-swimmingpool-saint-hilaire-de-riez\/#breadcrumb","itemListElement":[{"@type":"ListItem","position":1,"name":"FERIENDORF Saint Hilaire de Riez","item":"https:\/\/www.vendee-en-vacances.com\/de\/"},{"@type":"ListItem","position":2,"name":"Feriendorf mit beheiztem Pool in Saint-Hilaire"}]},{"@type":"WebSite","@id":"https:\/\/www.vendee-en-vacances.com\/de\/#website","url":"https:\/\/www.vendee-en-vacances.com\/de\/","name":"Village vacances Le Hameau de l&#039;Oc\u00e9an","description":"","publisher":{"@id":"https:\/\/www.vendee-en-vacances.com\/de\/#organization"},"potentialAction":[{"@type":"SearchAction","target":{"@type":"EntryPoint","urlTemplate":"https:\/\/www.vendee-en-vacances.com\/de\/?s={search_term_string}"},"query-input":{"@type":"PropertyValueSpecification","valueRequired":true,"valueName":"search_term_string"}}],"inLanguage":"de"},{"@type":"Organization","@id":"https:\/\/www.vendee-en-vacances.com\/de\/#organization","name":"Hameau de l'Oc\u00e9an","url":"https:\/\/www.vendee-en-vacances.com\/de\/","logo":{"@type":"ImageObject","inLanguage":"de","@id":"https:\/\/www.vendee-en-vacances.com\/de\/#\/schema\/logo\/image\/","url":"https:\/\/www.vendee-en-vacances.com\/wp-content\/uploads\/2021\/04\/camping-hameau-ocean-logo.png","contentUrl":"https:\/\/www.vendee-en-vacances.com\/wp-content\/uploads\/2021\/04\/camping-hameau-ocean-logo.png","width":250,"height":240,"caption":"Hameau de l'Oc\u00e9an"},"image":{"@id":"https:\/\/www.vendee-en-vacances.com\/de\/#\/schema\/logo\/image\/"}}]}},"_links":{"self":[{"href":"https:\/\/www.vendee-en-vacances.com\/de\/wp-json\/wp\/v2\/pages\/2486"}],"collection":[{"href":"https:\/\/www.vendee-en-vacances.com\/de\/wp-json\/wp\/v2\/pages"}],"about":[{"href":"https:\/\/www.vendee-en-vacances.com\/de\/wp-json\/wp\/v2\/types\/page"}],"author":[{"embeddable":true,"href":"https:\/\/www.vendee-en-vacances.com\/de\/wp-json\/wp\/v2\/users\/1"}],"replies":[{"embeddable":true,"href":"https:\/\/www.vendee-en-vacances.com\/de\/wp-json\/wp\/v2\/comments?post=2486"}],"version-history":[{"count":21,"href":"https:\/\/www.vendee-en-vacances.com\/de\/wp-json\/wp\/v2\/pages\/2486\/revisions"}],"predecessor-version":[{"id":4689,"href":"https:\/\/www.vendee-en-vacances.com\/de\/wp-json\/wp\/v2\/pages\/2486\/revisions\/4689"}],"wp:featuredmedia":[{"embeddable":true,"href":"https:\/\/www.vendee-en-vacances.com\/de\/wp-json\/wp\/v2\/media\/2488"}],"wp:attachment":[{"href":"https:\/\/www.vendee-en-vacances.com\/de\/wp-json\/wp\/v2\/media?parent=2486"}],"curies":[{"name":"wp","href":"https:\/\/api.w.org\/{rel}","templated":true}]}}