{"id":2499,"date":"2021-04-20T08:44:25","date_gmt":"2021-04-20T06:44:25","guid":{"rendered":"http:\/\/www.vendee-en-vacances.com\/village-vacances-familial-saint-hilaire-de-riez\/"},"modified":"2022-01-24T16:14:24","modified_gmt":"2022-01-24T15:14:24","slug":"familienferiendorf-saint-hilaire-de-riez","status":"publish","type":"page","link":"https:\/\/www.vendee-en-vacances.com\/de\/familienferiendorf-saint-hilaire-de-riez\/","title":{"rendered":"Das Club-Resort und seine Dienstleistungen"},"content":{"rendered":"<section id=\"section-61001bbea0ad3\" class=\"section home-first bg-white p-t-0 p-b-0\" ><div class=\"container extralarge\"><div class=\"colonnes-wrap valign-middle \"><div class=\"element colonne first\"><div class=\"element bloc-text center \">\r\n\t<h1>Familien-Feriendorf<br \/>\nin der Vend\u00e9<\/h1>\n<\/div><\/div><div class=\"element colonne \"><div class=\"element bloc-text justify \">\r\n\t<p>Das Clubdorf &#8222;Le Hameau de l&#8217;Oc\u00e9an&#8220; befindet sich in <strong>Saint-Hilaire-de-Riez<\/strong> an der <strong>K\u00fcste der Vend\u00e9e<\/strong> zwischen <strong>Saint-Jean-de-Monts<\/strong> und <strong>Les Sables-d&#8217;Olonne<\/strong>.<\/p>\n<p>Unser <strong>Clubdorf<\/strong>, das am Anfang der <strong>Radwege<\/strong> liegt, ist ideal f\u00fcr Familien und vor allem f\u00fcr Kinder.<\/p>\n<p>Als kleines Dorf in einem <strong>2 Hektar gro\u00dfen Pinienwald<\/strong> bietet Ihnen das <a href=\"\/de\/\">Hameau de l&#8217;Oc\u00e9an<\/a> einen Aufenthalt inmitten von Pinien und anderen Baumarten. Was f\u00fcr ein Gl\u00fcck, jeden Morgen die Natur erwachen zu h\u00f6ren und diese Ruhe zu genie\u00dfen, <strong>nur zwei Schritte vom Meer entfernt<\/strong>.<\/p>\n<\/div><\/div><\/div><div class=\"carousel scroll-x-mobile\"><div class=\"slide \"><div class=\"slide_image\"><img decoding=\"async\" src=\"https:\/\/www.vendee-en-vacances.com\/wp-content\/uploads\/2021\/12\/camping_vendee_nature-1024x683.jpg\" data-src=\"https:\/\/www.vendee-en-vacances.com\/wp-content\/uploads\/2021\/12\/camping_vendee_nature.jpg\" alt=\" camping vendee nature\" class=\"\" \/><\/div><\/div><div class=\"slide \"><div class=\"slide_image\"><img decoding=\"async\" src=\"https:\/\/www.vendee-en-vacances.com\/wp-content\/uploads\/2021\/07\/village-vacances-mer-vendee.jpg\" data-src=\"https:\/\/www.vendee-en-vacances.com\/wp-content\/uploads\/2021\/07\/village-vacances-mer-vendee.jpg\" alt=\"village vacances mer vendee\" class=\"\" \/><\/div><\/div><div class=\"slide \"><div class=\"slide_image\"><img decoding=\"async\" src=\"https:\/\/www.vendee-en-vacances.com\/wp-content\/uploads\/2021\/07\/village-vacances-plage-vendee.jpg\" data-src=\"https:\/\/www.vendee-en-vacances.com\/wp-content\/uploads\/2021\/07\/village-vacances-plage-vendee.jpg\" alt=\"village vacances plage vendee\" class=\"\" \/><\/div><\/div><div class=\"slide \"><div class=\"slide_image\"><img decoding=\"async\" src=\"https:\/\/www.vendee-en-vacances.com\/wp-content\/uploads\/2022\/01\/village-vacances-wifi-saint-hilaire-de-riez.jpg\" data-src=\"https:\/\/www.vendee-en-vacances.com\/wp-content\/uploads\/2022\/01\/village-vacances-wifi-saint-hilaire-de-riez.jpg\" alt=\"saint hilaire de riez\" class=\"\" \/><\/div><\/div><div class=\"slide \"><div class=\"slide_image\"><img decoding=\"async\" src=\"https:\/\/www.vendee-en-vacances.com\/wp-content\/uploads\/2022\/01\/village-vacances-famillial-vendee.jpg\" data-src=\"https:\/\/www.vendee-en-vacances.com\/wp-content\/uploads\/2022\/01\/village-vacances-famillial-vendee.jpg\" alt=\"village vacances famillial vendee\" class=\"\" \/><\/div><\/div><div class=\"slide \"><div class=\"slide_image\"><img decoding=\"async\" src=\"https:\/\/www.vendee-en-vacances.com\/wp-content\/uploads\/2022\/01\/village-vacances-famillial-saint-hilaire-de-riez.jpg\" data-src=\"https:\/\/www.vendee-en-vacances.com\/wp-content\/uploads\/2022\/01\/village-vacances-famillial-saint-hilaire-de-riez.jpg\" alt=\"saint hilaire de riez\" class=\"\" \/><\/div><\/div><div class=\"slide \"><div class=\"slide_image\"><img decoding=\"async\" src=\"https:\/\/www.vendee-en-vacances.com\/wp-content\/uploads\/2022\/01\/village-vacances-4-etoiles-vendee-1.jpg\" data-src=\"https:\/\/www.vendee-en-vacances.com\/wp-content\/uploads\/2022\/01\/village-vacances-4-etoiles-vendee-1.jpg\" alt=\"village vacances 4 etoiles vendee\" class=\"\" \/><\/div><\/div><div class=\"slide \"><div class=\"slide_image\"><img decoding=\"async\" src=\"https:\/\/www.vendee-en-vacances.com\/wp-content\/uploads\/2022\/01\/village-vacances-4-etoiles-saint-hilaire-de-riez.jpg\" data-src=\"https:\/\/www.vendee-en-vacances.com\/wp-content\/uploads\/2022\/01\/village-vacances-4-etoiles-saint-hilaire-de-riez.jpg\" alt=\"saint hilaire de riez\" class=\"\" \/><\/div><\/div><div class=\"slide \"><div class=\"slide_image\"><img decoding=\"async\" src=\"https:\/\/www.vendee-en-vacances.com\/wp-content\/uploads\/2022\/01\/restauration-vendee.jpg\" data-src=\"https:\/\/www.vendee-en-vacances.com\/wp-content\/uploads\/2022\/01\/restauration-vendee.jpg\" alt=\"restauration vendee\" class=\"\" \/><\/div><\/div><div class=\"slide \"><div class=\"slide_image\"><img decoding=\"async\" src=\"https:\/\/www.vendee-en-vacances.com\/wp-content\/uploads\/2022\/01\/restaurant-saint-hilaire-de-riez.jpg\" data-src=\"https:\/\/www.vendee-en-vacances.com\/wp-content\/uploads\/2022\/01\/restaurant-saint-hilaire-de-riez.jpg\" alt=\"saint hilaire de riez\" class=\"\" \/><\/div><\/div><div class=\"slide \"><div class=\"slide_image\"><img decoding=\"async\" src=\"https:\/\/www.vendee-en-vacances.com\/wp-content\/uploads\/2022\/01\/louer-velo-saint-hilaire-de-riez.jpg\" data-src=\"https:\/\/www.vendee-en-vacances.com\/wp-content\/uploads\/2022\/01\/louer-velo-saint-hilaire-de-riez.jpg\" alt=\"saint hilaire de riez\" class=\"\" \/><\/div><\/div><div class=\"slide \"><div class=\"slide_image\"><img decoding=\"async\" src=\"https:\/\/www.vendee-en-vacances.com\/wp-content\/uploads\/2022\/01\/location-velo-vendee.jpg\" data-src=\"https:\/\/www.vendee-en-vacances.com\/wp-content\/uploads\/2022\/01\/location-velo-vendee.jpg\" alt=\"location velo vendee\" class=\"\" \/><\/div><\/div><div class=\"slide \"><div class=\"slide_image\"><img decoding=\"async\" src=\"https:\/\/www.vendee-en-vacances.com\/wp-content\/uploads\/2022\/01\/laverie-vendee.jpg\" data-src=\"https:\/\/www.vendee-en-vacances.com\/wp-content\/uploads\/2022\/01\/laverie-vendee.jpg\" alt=\"laverie vendee\" class=\"\" \/><\/div><\/div><div class=\"slide \"><div class=\"slide_image\"><img decoding=\"async\" src=\"https:\/\/www.vendee-en-vacances.com\/wp-content\/uploads\/2022\/01\/laverie-saint-hilaire-de-riez.jpg\" data-src=\"https:\/\/www.vendee-en-vacances.com\/wp-content\/uploads\/2022\/01\/laverie-saint-hilaire-de-riez.jpg\" alt=\"laverie saint hilaire de riez\" class=\"\" \/><\/div><\/div><\/div><\/div><\/section>\n\n<section id=\"section-61010ae3f3a8c\" class=\"section  home-fifth bg-white p-b-0\" ><div class=\"container full\"><div class=\"colonnes-wrap valign-middle \"><div class=\"element colonne \"><div class=\"element images scroll-x-mobile\"><div class=\"image\"><img decoding=\"async\" src=\"https:\/\/www.vendee-en-vacances.com\/wp-content\/uploads\/2022\/01\/restaurant-terrasse-vendee-100x67.jpg\" data-src=\"https:\/\/www.vendee-en-vacances.com\/wp-content\/uploads\/2022\/01\/restaurant-terrasse-vendee.jpg\" alt=\"restaurant terrasse vendee\" class=\"images_image\" \/><\/div><\/div><\/div><div class=\"element colonne \"><h2 class=\"element section-title justify\">Unsere Leistungen <span>im Feriendorf<\/span><\/h2><div class=\"element bloc-text justify \">\r\n\t<p>Lassen Sie Ihr Auto auf dem Parkplatz des Feriendorfes stehen und nutzen Sie den <strong>Service direkt vor Ort<\/strong> (w\u00e4hrend der Schulferien von April bis November)!<\/p>\n<p>Ein Croissant zum Fr\u00fchst\u00fcck? <strong>Unser B\u00e4cker liefert uns<\/strong> jeden Morgen Ihr Baguette und das Geb\u00e4ck Ihrer Wahl.<\/p>\n<p>Ein kleiner Hunger? <strong>Unsere Snackbar ist den ganzen Tag<\/strong> \u00fcber ge\u00f6ffnet und bietet Ihnen Pommes frites, Pizza, Waffeln, Brettchen, Bruschetta, Eis usw. an.<\/p>\n<p>M\u00f6chten Sie den Abend verl\u00e4ngern? Gehen Sie auf eine der <strong>beiden Terrassen unserer Bar<\/strong>, um einen Cocktail zu schl\u00fcrfen, oder treffen Sie sich mit Freunden in unserem Billardraum!<\/p>\n<p>Und f\u00fcr Ihre t\u00e4glichen Bed\u00fcrfnisse ist alles da: WLAN, W\u00e4scherei, Fahrradverleih&#8230; Sie brauchen nur zu fragen!<\/p>\n<\/div><\/div><\/div><\/div><\/section>\n\n<section id=\"section-610103b3e8c7e\" data-bg-opacite=\"0.4\"data-background=\"https:\/\/www.vendee-en-vacances.com\/wp-content\/uploads\/2021\/12\/camping_vendree_ocean.jpg\"data-speed=\"1.5\"class=\"section home-seventh m-t-10 m-b-10 bg-color2 section--has-bg-img section_bg-parallax\" ><div class=\"container large\"><h3 class=\"element section-title center white\">Wifi<\/h3><div class=\"element bloc-text center white\">\r\n\t<p>Damit Sie w\u00e4hrend Ihres gesamten Urlaubs in Verbindung bleiben k\u00f6nnen, bietet Ihnen das Feriendorf im gesamten Park einen <strong class='white'>kostenlosen WLAN-Service an<\/strong>.<\/p>\n<\/div><\/div><\/section>\n\n<section id=\"section-groupe\" class=\"section  home-fifth bg-white p-t-0 p-b-0\" ><div class=\"container full\"><div class=\"colonnes-wrap valign-middle \"><div class=\"element colonne \"><h3 class=\"element section-title justify\">Verleih von Fahrr\u00e4dern<\/h3><div class=\"element bloc-text justify \">\r\n\t<p>Inmitten einer <strong>gesch\u00fctzten Umwelt<\/strong> gelegen, k\u00f6nnen Sie sich mit dem Fahrrad voll und ganz die Zeit nehmen, unsere W\u00e4lder, Salzg\u00e4rten und die K\u00fcste zu bewundern&#8230; und die <strong>zahlreichen Radwege<\/strong> rund um unser Club-Resort zu erobern, um die Stra\u00dfen Ihres Urlaubs in aller Ruhe und Sicherheit zu durchqueren.<br \/>\nDeshalb bietet Ihnen Le Hameau de L&#8217;Oc\u00e9an einen <strong>Fahrradverleih<\/strong> f\u00fcr Kinder und Erwachsene an, der tage- oder wochenweise genutzt werden kann.<\/p>\n<\/div><\/div><div class=\"element colonne \"><div class=\"element images scroll-x-mobile\"><div class=\"image\"><img decoding=\"async\" src=\"https:\/\/www.vendee-en-vacances.com\/wp-content\/uploads\/2021\/12\/camping-vendee-velo-100x67.jpg\" data-src=\"https:\/\/www.vendee-en-vacances.com\/wp-content\/uploads\/2021\/12\/camping-vendee-velo.jpg\" alt=\"camping vendee velo\" class=\"images_image\" \/><\/div><\/div><\/div><\/div><\/div><\/section>\n\n<section id=\"section-61c0943352ae2\" data-bg-opacite=\"0.4\"data-background=\"https:\/\/www.vendee-en-vacances.com\/wp-content\/uploads\/2021\/12\/camping-vendee-location-draps.jpg\"data-speed=\"1.5\"class=\"section home-seventh bg-color2 section--has-bg-img section_bg-parallax\" ><div class=\"container large\"><h3 class=\"element section-title center white\">W\u00e4scheverleih<\/h3><div class=\"element bloc-text center white\">\r\n\t<p>Sich gehen lassen, vermeiden, die Koffer zu \u00fcberladen&#8230;<br \/>\nEin <strong class='white'>Bettw\u00e4scheverleih<\/strong> steht Ihnen zur Verf\u00fcgung.<br \/>\nDas Set besteht aus 1 Spannbettlaken + 1 Flachbettlaken + Kopfkissenbezug(e).<\/p>\n<\/div><\/div><\/section>\n\n<section id=\"section-61c0943352d2e\" class=\"section  home-fifth bg-white p-b-0\" ><div class=\"container full\"><div class=\"colonnes-wrap valign-middle \"><div class=\"element colonne \"><div class=\"element images scroll-x-mobile\"><div class=\"image\"><img decoding=\"async\" src=\"https:\/\/www.vendee-en-vacances.com\/wp-content\/uploads\/2022\/01\/snack-vendee-100x67.jpg\" data-src=\"https:\/\/www.vendee-en-vacances.com\/wp-content\/uploads\/2022\/01\/snack-vendee.jpg\" alt=\"snack vendee\" class=\"images_image\" \/><\/div><\/div><\/div><div class=\"element colonne \"><h2 class=\"element section-title justify\">Der <span>Imbiss <\/span><\/h2><div class=\"element bloc-text justify \">\r\n\t<p>Urlaub bedeutet in erster Linie Spa\u00df haben&#8230;..<br \/>\nJedem seine Zeit, das Feriendorf bietet Ihnen <strong>Beilagen an<\/strong>:<\/p>\n<p>Zum Aperitif, bei einem Cocktail mit der Familie oder mit Freunden, warum lassen Sie sich nicht von unseren <strong>Bruschetta<\/strong> oder unseren <strong>Land- oder Meeresbrettern verf\u00fchren<\/strong>&#8230;<\/p>\n<p>Zum Essen, um die Kinder zu begeistern, bieten wir Ihnen <strong>Pommes frites zum Mitnehmen<strong> an.<\/p>\n<p>Zum Nachmittagsimbiss, die kleine Leckerei: Sie werden unseren <strong>Waffeln mit Zucker, Nutella oder Schlagsahne nicht widerstehen k\u00f6nnen<\/strong>, bevor Sie sich mit einem <strong>Eis Ihrer Wahl<\/strong> erfrischen&#8230;<\/p>\n<\/div><\/div><\/div><\/div><\/section>\n\n<section id=\"section-610021336709a\" class=\"section bg-white\" ><div class=\"container extralarge\"><div class=\"element section-title center title-cta\">Schwimmbad und Animationen in der Vend\u00e9e<\/div><ul class=\"liste-de-page scroll-x-mobile\"><li class=\"element call-to-action center title-cta call-to-action--style-1 call-to-action--normal\"><a href=\"https:\/\/www.vendee-en-vacances.com\/de\/feriendorf-animationen-saint-hilaire-de-riez\/\"  class=\"call-to-action_link\" title=\"Mehr \u00fcber aktivit\u00e4ten und animationen\"><div class=\"call-to-action_image\"><img decoding=\"async\" src=\"https:\/\/www.vendee-en-vacances.com\/wp-content\/uploads\/2021\/12\/camping-vendee-animations-sport-100x67.jpg\" data-src=\"https:\/\/www.vendee-en-vacances.com\/wp-content\/uploads\/2021\/12\/camping-vendee-animations-sport.jpg\" alt=\"camping vendee animations sport\" class=\"normal\" \/><\/div><div class=\"call-to-action_contenu\"><div class=\"call-to-action_titre\">Aktivit\u00e4ten und Animationen<\/div><\/div><\/a><\/li><li class=\"element call-to-action center title-cta call-to-action--style-1 call-to-action--normal call-to-action--style-1 call-to-action--normal\"><a href=\"https:\/\/www.vendee-en-vacances.com\/de\/feriendorf-am-meer\/\"  class=\"call-to-action_link\" title=\"Mehr \u00fcber meeresk\u00fcste\"><div class=\"call-to-action_image\"><img decoding=\"async\" src=\"https:\/\/www.vendee-en-vacances.com\/wp-content\/uploads\/2021\/07\/vendee-residence-mer-100x56.jpg\" data-src=\"https:\/\/www.vendee-en-vacances.com\/wp-content\/uploads\/2021\/07\/vendee-residence-mer.jpg\" alt=\"vendee residence mer\" class=\"normal\" \/><\/div><div class=\"call-to-action_contenu\"><div class=\"call-to-action_titre\">Meeresk\u00fcste<\/div><\/div><\/a><\/li><li class=\"element call-to-action center title-cta call-to-action--style-1 call-to-action--normal call-to-action--style-1 call-to-action--normal call-to-action--style-1 call-to-action--normal\"><a href=\"https:\/\/www.vendee-en-vacances.com\/de\/feriendorf-swimmingpool-saint-hilaire-de-riez\/\"  class=\"call-to-action_link\" title=\"Mehr \u00fcber der swimmingpool\"><div class=\"call-to-action_image\"><img decoding=\"async\" src=\"https:\/\/www.vendee-en-vacances.com\/wp-content\/uploads\/2021\/12\/camping-vendee-piscine-100x67.jpg\" data-src=\"https:\/\/www.vendee-en-vacances.com\/wp-content\/uploads\/2021\/12\/camping-vendee-piscine.jpg\" alt=\"camping vendee piscine\" class=\"normal\" \/><\/div><div class=\"call-to-action_contenu\"><div class=\"call-to-action_titre\">Der Swimmingpool<\/div><\/div><\/a><\/li><\/ul><\/div><\/section>","protected":false},"excerpt":{"rendered":"","protected":false},"author":1,"featured_media":4012,"parent":0,"menu_order":0,"comment_status":"closed","ping_status":"closed","template":"","meta":{"_acf_changed":false,"footnotes":""},"class_list":["post-2499","page","type-page","status-publish","has-post-thumbnail","hentry"],"acf":[],"yoast_head":"<!-- This site is optimized with the Yoast SEO plugin v23.4 - https:\/\/yoast.com\/wordpress\/plugins\/seo\/ -->\n<title>Familien-Feriendorf St-Hilaire | 4-Sterne-Resort Vend\u00e9e<\/title>\n<meta name=\"robots\" content=\"index, follow, max-snippet:-1, max-image-preview:large, max-video-preview:-1\" \/>\n<link rel=\"canonical\" href=\"https:\/\/www.vendee-en-vacances.com\/de\/familienferiendorf-saint-hilaire-de-riez\/\" \/>\n<meta property=\"og:locale\" content=\"de_DE\" \/>\n<meta property=\"og:type\" content=\"article\" \/>\n<meta property=\"og:title\" content=\"Familien-Feriendorf St-Hilaire | 4-Sterne-Resort Vend\u00e9e\" \/>\n<meta property=\"og:url\" content=\"https:\/\/www.vendee-en-vacances.com\/de\/familienferiendorf-saint-hilaire-de-riez\/\" \/>\n<meta property=\"og:site_name\" content=\"Village vacances Le Hameau de l&#039;Oc\u00e9an\" \/>\n<meta property=\"article:modified_time\" content=\"2022-01-24T15:14:24+00:00\" \/>\n<meta property=\"og:image\" content=\"https:\/\/www.vendee-en-vacances.com\/wp-content\/uploads\/2022\/01\/bar-snack-vendee.jpg\" \/>\n\t<meta property=\"og:image:width\" content=\"1899\" \/>\n\t<meta property=\"og:image:height\" content=\"700\" \/>\n\t<meta property=\"og:image:type\" content=\"image\/jpeg\" \/>\n<meta name=\"twitter:card\" content=\"summary_large_image\" \/>\n<script type=\"application\/ld+json\" class=\"yoast-schema-graph\">{\"@context\":\"https:\/\/schema.org\",\"@graph\":[{\"@type\":\"WebPage\",\"@id\":\"https:\/\/www.vendee-en-vacances.com\/de\/familienferiendorf-saint-hilaire-de-riez\/\",\"url\":\"https:\/\/www.vendee-en-vacances.com\/de\/familienferiendorf-saint-hilaire-de-riez\/\",\"name\":\"Familien-Feriendorf St-Hilaire | 4-Sterne-Resort Vend\u00e9e\",\"isPartOf\":{\"@id\":\"https:\/\/www.vendee-en-vacances.com\/de\/#website\"},\"primaryImageOfPage\":{\"@id\":\"https:\/\/www.vendee-en-vacances.com\/de\/familienferiendorf-saint-hilaire-de-riez\/#primaryimage\"},\"image\":{\"@id\":\"https:\/\/www.vendee-en-vacances.com\/de\/familienferiendorf-saint-hilaire-de-riez\/#primaryimage\"},\"thumbnailUrl\":\"https:\/\/www.vendee-en-vacances.com\/wp-content\/uploads\/2022\/01\/bar-snack-vendee.jpg\",\"datePublished\":\"2021-04-20T06:44:25+00:00\",\"dateModified\":\"2022-01-24T15:14:24+00:00\",\"breadcrumb\":{\"@id\":\"https:\/\/www.vendee-en-vacances.com\/de\/familienferiendorf-saint-hilaire-de-riez\/#breadcrumb\"},\"inLanguage\":\"de\",\"potentialAction\":[{\"@type\":\"ReadAction\",\"target\":[\"https:\/\/www.vendee-en-vacances.com\/de\/familienferiendorf-saint-hilaire-de-riez\/\"]}]},{\"@type\":\"ImageObject\",\"inLanguage\":\"de\",\"@id\":\"https:\/\/www.vendee-en-vacances.com\/de\/familienferiendorf-saint-hilaire-de-riez\/#primaryimage\",\"url\":\"https:\/\/www.vendee-en-vacances.com\/wp-content\/uploads\/2022\/01\/bar-snack-vendee.jpg\",\"contentUrl\":\"https:\/\/www.vendee-en-vacances.com\/wp-content\/uploads\/2022\/01\/bar-snack-vendee.jpg\",\"width\":1899,\"height\":700,\"caption\":\"bar snack vendee\"},{\"@type\":\"BreadcrumbList\",\"@id\":\"https:\/\/www.vendee-en-vacances.com\/de\/familienferiendorf-saint-hilaire-de-riez\/#breadcrumb\",\"itemListElement\":[{\"@type\":\"ListItem\",\"position\":1,\"name\":\"FERIENDORF Saint Hilaire de Riez\",\"item\":\"https:\/\/www.vendee-en-vacances.com\/de\/\"},{\"@type\":\"ListItem\",\"position\":2,\"name\":\"Fahrradverleih und Imbiss in St-Hilaire-de-Riez\"}]},{\"@type\":\"WebSite\",\"@id\":\"https:\/\/www.vendee-en-vacances.com\/de\/#website\",\"url\":\"https:\/\/www.vendee-en-vacances.com\/de\/\",\"name\":\"Village vacances Le Hameau de l&#039;Oc\u00e9an\",\"description\":\"\",\"publisher\":{\"@id\":\"https:\/\/www.vendee-en-vacances.com\/de\/#organization\"},\"potentialAction\":[{\"@type\":\"SearchAction\",\"target\":{\"@type\":\"EntryPoint\",\"urlTemplate\":\"https:\/\/www.vendee-en-vacances.com\/de\/?s={search_term_string}\"},\"query-input\":{\"@type\":\"PropertyValueSpecification\",\"valueRequired\":true,\"valueName\":\"search_term_string\"}}],\"inLanguage\":\"de\"},{\"@type\":\"Organization\",\"@id\":\"https:\/\/www.vendee-en-vacances.com\/de\/#organization\",\"name\":\"Hameau de l'Oc\u00e9an\",\"url\":\"https:\/\/www.vendee-en-vacances.com\/de\/\",\"logo\":{\"@type\":\"ImageObject\",\"inLanguage\":\"de\",\"@id\":\"https:\/\/www.vendee-en-vacances.com\/de\/#\/schema\/logo\/image\/\",\"url\":\"https:\/\/www.vendee-en-vacances.com\/wp-content\/uploads\/2021\/04\/camping-hameau-ocean-logo.png\",\"contentUrl\":\"https:\/\/www.vendee-en-vacances.com\/wp-content\/uploads\/2021\/04\/camping-hameau-ocean-logo.png\",\"width\":250,\"height\":240,\"caption\":\"Hameau de l'Oc\u00e9an\"},\"image\":{\"@id\":\"https:\/\/www.vendee-en-vacances.com\/de\/#\/schema\/logo\/image\/\"}}]}<\/script>\n<!-- \/ Yoast SEO plugin. -->","yoast_head_json":{"title":"Familien-Feriendorf St-Hilaire | 4-Sterne-Resort Vend\u00e9e","robots":{"index":"index","follow":"follow","max-snippet":"max-snippet:-1","max-image-preview":"max-image-preview:large","max-video-preview":"max-video-preview:-1"},"canonical":"https:\/\/www.vendee-en-vacances.com\/de\/familienferiendorf-saint-hilaire-de-riez\/","og_locale":"de_DE","og_type":"article","og_title":"Familien-Feriendorf St-Hilaire | 4-Sterne-Resort Vend\u00e9e","og_url":"https:\/\/www.vendee-en-vacances.com\/de\/familienferiendorf-saint-hilaire-de-riez\/","og_site_name":"Village vacances Le Hameau de l&#039;Oc\u00e9an","article_modified_time":"2022-01-24T15:14:24+00:00","og_image":[{"width":1899,"height":700,"url":"https:\/\/www.vendee-en-vacances.com\/wp-content\/uploads\/2022\/01\/bar-snack-vendee.jpg","type":"image\/jpeg"}],"twitter_card":"summary_large_image","schema":{"@context":"https:\/\/schema.org","@graph":[{"@type":"WebPage","@id":"https:\/\/www.vendee-en-vacances.com\/de\/familienferiendorf-saint-hilaire-de-riez\/","url":"https:\/\/www.vendee-en-vacances.com\/de\/familienferiendorf-saint-hilaire-de-riez\/","name":"Familien-Feriendorf St-Hilaire | 4-Sterne-Resort Vend\u00e9e","isPartOf":{"@id":"https:\/\/www.vendee-en-vacances.com\/de\/#website"},"primaryImageOfPage":{"@id":"https:\/\/www.vendee-en-vacances.com\/de\/familienferiendorf-saint-hilaire-de-riez\/#primaryimage"},"image":{"@id":"https:\/\/www.vendee-en-vacances.com\/de\/familienferiendorf-saint-hilaire-de-riez\/#primaryimage"},"thumbnailUrl":"https:\/\/www.vendee-en-vacances.com\/wp-content\/uploads\/2022\/01\/bar-snack-vendee.jpg","datePublished":"2021-04-20T06:44:25+00:00","dateModified":"2022-01-24T15:14:24+00:00","breadcrumb":{"@id":"https:\/\/www.vendee-en-vacances.com\/de\/familienferiendorf-saint-hilaire-de-riez\/#breadcrumb"},"inLanguage":"de","potentialAction":[{"@type":"ReadAction","target":["https:\/\/www.vendee-en-vacances.com\/de\/familienferiendorf-saint-hilaire-de-riez\/"]}]},{"@type":"ImageObject","inLanguage":"de","@id":"https:\/\/www.vendee-en-vacances.com\/de\/familienferiendorf-saint-hilaire-de-riez\/#primaryimage","url":"https:\/\/www.vendee-en-vacances.com\/wp-content\/uploads\/2022\/01\/bar-snack-vendee.jpg","contentUrl":"https:\/\/www.vendee-en-vacances.com\/wp-content\/uploads\/2022\/01\/bar-snack-vendee.jpg","width":1899,"height":700,"caption":"bar snack vendee"},{"@type":"BreadcrumbList","@id":"https:\/\/www.vendee-en-vacances.com\/de\/familienferiendorf-saint-hilaire-de-riez\/#breadcrumb","itemListElement":[{"@type":"ListItem","position":1,"name":"FERIENDORF Saint Hilaire de Riez","item":"https:\/\/www.vendee-en-vacances.com\/de\/"},{"@type":"ListItem","position":2,"name":"Fahrradverleih und Imbiss in St-Hilaire-de-Riez"}]},{"@type":"WebSite","@id":"https:\/\/www.vendee-en-vacances.com\/de\/#website","url":"https:\/\/www.vendee-en-vacances.com\/de\/","name":"Village vacances Le Hameau de l&#039;Oc\u00e9an","description":"","publisher":{"@id":"https:\/\/www.vendee-en-vacances.com\/de\/#organization"},"potentialAction":[{"@type":"SearchAction","target":{"@type":"EntryPoint","urlTemplate":"https:\/\/www.vendee-en-vacances.com\/de\/?s={search_term_string}"},"query-input":{"@type":"PropertyValueSpecification","valueRequired":true,"valueName":"search_term_string"}}],"inLanguage":"de"},{"@type":"Organization","@id":"https:\/\/www.vendee-en-vacances.com\/de\/#organization","name":"Hameau de l'Oc\u00e9an","url":"https:\/\/www.vendee-en-vacances.com\/de\/","logo":{"@type":"ImageObject","inLanguage":"de","@id":"https:\/\/www.vendee-en-vacances.com\/de\/#\/schema\/logo\/image\/","url":"https:\/\/www.vendee-en-vacances.com\/wp-content\/uploads\/2021\/04\/camping-hameau-ocean-logo.png","contentUrl":"https:\/\/www.vendee-en-vacances.com\/wp-content\/uploads\/2021\/04\/camping-hameau-ocean-logo.png","width":250,"height":240,"caption":"Hameau de l'Oc\u00e9an"},"image":{"@id":"https:\/\/www.vendee-en-vacances.com\/de\/#\/schema\/logo\/image\/"}}]}},"_links":{"self":[{"href":"https:\/\/www.vendee-en-vacances.com\/de\/wp-json\/wp\/v2\/pages\/2499"}],"collection":[{"href":"https:\/\/www.vendee-en-vacances.com\/de\/wp-json\/wp\/v2\/pages"}],"about":[{"href":"https:\/\/www.vendee-en-vacances.com\/de\/wp-json\/wp\/v2\/types\/page"}],"author":[{"embeddable":true,"href":"https:\/\/www.vendee-en-vacances.com\/de\/wp-json\/wp\/v2\/users\/1"}],"replies":[{"embeddable":true,"href":"https:\/\/www.vendee-en-vacances.com\/de\/wp-json\/wp\/v2\/comments?post=2499"}],"version-history":[{"count":17,"href":"https:\/\/www.vendee-en-vacances.com\/de\/wp-json\/wp\/v2\/pages\/2499\/revisions"}],"predecessor-version":[{"id":4220,"href":"https:\/\/www.vendee-en-vacances.com\/de\/wp-json\/wp\/v2\/pages\/2499\/revisions\/4220"}],"wp:featuredmedia":[{"embeddable":true,"href":"https:\/\/www.vendee-en-vacances.com\/de\/wp-json\/wp\/v2\/media\/4012"}],"wp:attachment":[{"href":"https:\/\/www.vendee-en-vacances.com\/de\/wp-json\/wp\/v2\/media?parent=2499"}],"curies":[{"name":"wp","href":"https:\/\/api.w.org\/{rel}","templated":true}]}}