{"id":2524,"date":"2021-12-21T16:50:41","date_gmt":"2021-12-21T15:50:41","guid":{"rendered":"http:\/\/www.vendee-en-vacances.com\/village-vacances-pas-cher-saint-hilaire-de-riez\/"},"modified":"2022-01-24T15:26:16","modified_gmt":"2022-01-24T14:26:16","slug":"gunstiges-feriendorf-saint-hilaire-de-riez","status":"publish","type":"page","link":"https:\/\/www.vendee-en-vacances.com\/de\/gunstiges-feriendorf-saint-hilaire-de-riez\/","title":{"rendered":"Tarife"},"content":{"rendered":"<section id=\"section-61001bbea0ad3\" class=\"section home-first bg-white p-t-0 p-b-0\" ><div class=\"container extralarge\"><div class=\"colonnes-wrap valign-middle \"><div class=\"element colonne first\"><div class=\"element bloc-text center \">\r\n\t<h1><span>Feriendorf<\/span><br \/>\n<span>zum kleinen Preis<\/span><br \/>\n<span>in Saint-Hilaire-de-Riez<\/span><\/h1>\n<\/div><\/div><div class=\"element colonne \"><div class=\"element images scroll-x-mobile\"><div class=\"image\"><img decoding=\"async\" src=\"https:\/\/www.vendee-en-vacances.com\/wp-content\/uploads\/2021\/12\/camping_vendree_ocean-100x67.jpg\" data-src=\"https:\/\/www.vendee-en-vacances.com\/wp-content\/uploads\/2021\/12\/camping_vendree_ocean.jpg\" alt=\"camping vendee ocean\" class=\"images_image\" \/><\/div><\/div><\/div><\/div><\/div><\/section>\n\n<section id=\"section-61c2f17b82e69\" class=\"section bg-white\" ><div class=\"container extralarge\"><div class=\"element bloc-text\">\n\t<script>\r\n    window.ctoutvert = {\r\n\t\tid: 3954, \r\n\t\tlang: 'auto', \r\n\t\turl: 'https:\/\/bookingpremium.secureholiday.net\/widgets\/'\r\n    };\r\n\r\n    (function (w, d, s, ctv, r, js, fjs) {\r\n        r=new XMLHttpRequest();r.open('GET',w[ctv].url+'js\/src.json');\r\n        r.responseType='json';r.json=true;r.send();\r\n        r.onload=function(){w[ctv].src=r.responseType=='json'?r.response:JSON.parse(r.response);\r\n        js.src=w[ctv].src[0];fjs.parentNode.insertBefore(js, fjs);}\r\n        js=d.createElement(s),fjs=d.getElementsByTagName(s)[0];\r\n        js.id='ctvwidget';js.async=1;\r\n    }(window, document, 'script', 'ctoutvert'));\r\n<\/script>\r\n<ctv-availability data-background-color='#FFFFFFFF' ><\/ctv-availability><\/div><\/div><\/section>\n\n<section id=\"section-61010ae3f3a8c\" class=\"section  home-fifth bg-white p-b-0\" ><div class=\"container full\"><div class=\"colonnes-wrap valign-middle \"><div class=\"element colonne \"><div class=\"element images scroll-x-mobile\"><div class=\"image\"><img decoding=\"async\" src=\"https:\/\/www.vendee-en-vacances.com\/wp-content\/uploads\/2021\/12\/camping-piscine-vendeen-100x67.jpg\" data-src=\"https:\/\/www.vendee-en-vacances.com\/wp-content\/uploads\/2021\/12\/camping-piscine-vendeen.jpg\" alt=\"camping piscine vendeen\" class=\"images_image\" \/><\/div><\/div><\/div><div class=\"element colonne \"><h2 class=\"element section-title justify\">Feriendorf mit dem besten Preis-Leistungs-Verh\u00e4ltnis <span>in der Vendee<\/span><\/h2><div class=\"element bloc-text justify \">\r\n\t<p>Das Vorhandensein eines auf <strong>28\u00b0 beheizten Hallenbads<\/strong> und die hochwertigen Dienstleistungen machen es zu einem <strong>f\u00fcr jedes Budget erschwinglichen<\/strong>, komfortablen Feriendorf **** mit einem <strong>au\u00dfergew\u00f6hnlichen Qualit\u00e4tsverh\u00e4ltnis<\/strong> f\u00fcr die ganze Familie, das es erm\u00f6glicht, einen Traumurlaub mit seinen Kindern zu verbringen.<br \/>\nUnabh\u00e4ngig von Ihren finanziellen M\u00f6glichkeiten finden Sie in <a href=\"\/de\/\">Le Hameau de l&#8217;Oc\u00e9an<\/a> die ideale Residenz f\u00fcr Ihren Urlaub.<br \/>\nLe Hameau de l&#8217;Oc\u00e9an bedeutet auch, dass Sie kostenlos von einem <strong>\u00fcberdachten Wasserpark<\/strong> mit auf 28\u00b0 C beheiztem Wasser profitieren k\u00f6nnen.<br \/>\nUnsere Website ist f\u00fcr alle Online-Zahlungen gesichert. F\u00fcr weitere Informationen stehen wir Ihnen gerne zur Verf\u00fcgung.<\/p>\n<\/div><\/div><\/div><\/div><\/section>\n\n<section id=\"section-610103b3e8c7e\" data-bg-opacite=\"0.4\"data-background=\"https:\/\/www.vendee-en-vacances.com\/wp-content\/uploads\/2022\/01\/village-vacances-pas-cher-vendee-1.jpg\"data-speed=\"1.5\"class=\"section home-seventh m-t-10 m-b-10 bg-color2 section--has-bg-img section_bg-parallax\" ><div class=\"container large\"><h2 class=\"element section-title center white\">Unsere Sonderangebote<\/h2><div class=\"element bloc-text center white\">\r\n\t<p>Um m\u00f6glichst vielen Menschen die M\u00f6glichkeit zu geben, einen unvergesslichen Urlaub inmitten der Natur, inmitten eines Waldes und nur wenige Schritte von einem gro\u00dfen Sandstrand entfernt zu genie\u00dfen, werden regelm\u00e4\u00dfig <strong>Fr\u00fchbucherrabatte<\/strong> oder <strong>Last-Minute-Angebote direkt<\/strong> auf der Website unseres Feriendorfes angeboten.<br \/>\nWenn Sie sich f\u00fcr ein 4*-Feriendorf in der Vend\u00e9e mit Fr\u00fchbucherrabatt entscheiden, profitieren Sie von <strong class='white'>g\u00fcnstigen Angeboten und Sonderangeboten<\/strong> auf die Mietunterk\u00fcnfte in allen unseren Residenzen, denn im Hameau de l&#8217;Oc\u00e9an haben die Mietunterk\u00fcnfte unserer <strong class='white'>Residenzen g\u00fcnstige Preise<\/strong>, sowohl in der Mittel- als auch in der Hochsaison.<\/p>\n<\/div><\/div><\/section>\n\n<section id=\"section-61c1fa1299c34\" class=\"section  home-fifth bg-white\" ><div class=\"container full\"><div class=\"colonnes-wrap valign-middle \"><div class=\"element colonne \"><h2 class=\"element section-title justify\">Beste Tarife<\/h2><div class=\"element bloc-text justify \">\r\n\t<p>Ein Aufenthalt in unserem Club-Resort in Saint-Hilaire-de-Riez in der Vend\u00e9e bedeutet, sehr schnell die wohltuende Wirkung der Natur zu sp\u00fcren &#8211; und das zu einem fairen Preis!<\/p>\n<p>Nichts ist zu sch\u00f6n f\u00fcr Ihren Urlaub. Aus diesem Grund haben wir <strong>mehrere Programme zur Renovierung unserer Resorts gestartet<\/strong>, um diesen Moment zum besten Preis unvergesslich zu machen.<\/p>\n<p>Das Hameau de l&#8217;Oc\u00e9an? Die Authentizit\u00e4t eines traditionellen Feriendorfes <strong>in der N\u00e4he gro\u00dfer Sandstr\u00e4nde<\/strong> und <strong>inmitten einer gesch\u00fctzten Umwelt<\/strong>, der Komfort unserer voll <strong>ausgestatteten Residenzen<\/strong>, zahlreiche Serviceleistungen und das milde Mikroklima der Vend\u00e9e&#8230; Und das alles zu <strong>einem unschlagbaren Preis<\/strong>.<\/p>\n<\/div><\/div><div class=\"element colonne \"><div class=\"element images scroll-x-mobile\"><div class=\"image\"><img decoding=\"async\" src=\"https:\/\/www.vendee-en-vacances.com\/wp-content\/uploads\/2021\/12\/camping-nature-vendee-100x67.jpg\" data-src=\"https:\/\/www.vendee-en-vacances.com\/wp-content\/uploads\/2021\/12\/camping-nature-vendee.jpg\" alt=\"camping nature vendee\" class=\"images_image\" \/><\/div><\/div><\/div><\/div><\/div><\/section>\n\n<section id=\"section-610021336709a\" class=\"section bg-white\" ><div class=\"container extralarge\"><div class=\"element section-title center title-cta\">Wohnheime und Animationen in der Vend\u00e9e<\/div><ul class=\"liste-de-page scroll-x-mobile\"><li class=\"element call-to-action center title-cta call-to-action--style-1 call-to-action--normal\"><a href=\"https:\/\/www.vendee-en-vacances.com\/de\/feriendorf-animationen-saint-hilaire-de-riez\/\"  class=\"call-to-action_link\" title=\"Mehr \u00fcber aktivit\u00e4ten und animationen\"><div class=\"call-to-action_image\"><img decoding=\"async\" src=\"https:\/\/www.vendee-en-vacances.com\/wp-content\/uploads\/2021\/12\/camping-vendee-animations-sport-100x67.jpg\" data-src=\"https:\/\/www.vendee-en-vacances.com\/wp-content\/uploads\/2021\/12\/camping-vendee-animations-sport.jpg\" alt=\"camping vendee animations sport\" class=\"normal\" \/><\/div><div class=\"call-to-action_contenu\"><div class=\"call-to-action_titre\">Aktivit\u00e4ten und Animationen<\/div><\/div><\/a><\/li><li class=\"element call-to-action center title-cta call-to-action--style-1 call-to-action--normal call-to-action--style-1 call-to-action--normal\"><a href=\"https:\/\/www.vendee-en-vacances.com\/de\/feriendorf-am-meer\/\"  class=\"call-to-action_link\" title=\"Mehr \u00fcber meeresk\u00fcste\"><div class=\"call-to-action_image\"><img decoding=\"async\" src=\"https:\/\/www.vendee-en-vacances.com\/wp-content\/uploads\/2021\/07\/vendee-residence-mer-100x56.jpg\" data-src=\"https:\/\/www.vendee-en-vacances.com\/wp-content\/uploads\/2021\/07\/vendee-residence-mer.jpg\" alt=\"vendee residence mer\" class=\"normal\" \/><\/div><div class=\"call-to-action_contenu\"><div class=\"call-to-action_titre\">Meeresk\u00fcste<\/div><\/div><\/a><\/li><li class=\"element call-to-action center title-cta call-to-action--style-1 call-to-action--normal call-to-action--style-1 call-to-action--normal call-to-action--style-1 call-to-action--normal\"><a href=\"https:\/\/www.vendee-en-vacances.com\/de\/vermietung-residence-saint-hilaire-de-riez\/\"  class=\"call-to-action_link\" title=\"Mehr \u00fcber wohnheim\"><div class=\"call-to-action_image\"><img decoding=\"async\" src=\"https:\/\/www.vendee-en-vacances.com\/wp-content\/uploads\/2021\/12\/camping-vendee-location-100x37.jpg\" data-src=\"https:\/\/www.vendee-en-vacances.com\/wp-content\/uploads\/2021\/12\/camping-vendee-location.jpg\" alt=\"camping-vendee-location\" class=\"normal\" \/><\/div><div class=\"call-to-action_contenu\"><div class=\"call-to-action_titre\">Wohnheim<\/div><\/div><\/a><\/li><\/ul><\/div><\/section>","protected":false},"excerpt":{"rendered":"","protected":false},"author":1,"featured_media":2525,"parent":0,"menu_order":0,"comment_status":"closed","ping_status":"closed","template":"","meta":{"_acf_changed":false,"footnotes":""},"class_list":["post-2524","page","type-page","status-publish","has-post-thumbnail","hentry"],"acf":[],"yoast_head":"<!-- This site is optimized with the Yoast SEO plugin v23.4 - https:\/\/yoast.com\/wordpress\/plugins\/seo\/ -->\n<title>G\u00fcnstiges Feriendorf St-Hilaire | Vermietung klein Vend\u00e9e<\/title>\n<meta name=\"robots\" content=\"index, follow, max-snippet:-1, max-image-preview:large, max-video-preview:-1\" \/>\n<link rel=\"canonical\" href=\"https:\/\/www.vendee-en-vacances.com\/de\/gunstiges-feriendorf-saint-hilaire-de-riez\/\" \/>\n<meta property=\"og:locale\" content=\"de_DE\" \/>\n<meta property=\"og:type\" content=\"article\" \/>\n<meta property=\"og:title\" content=\"G\u00fcnstiges Feriendorf St-Hilaire | Vermietung klein Vend\u00e9e\" \/>\n<meta property=\"og:url\" content=\"https:\/\/www.vendee-en-vacances.com\/de\/gunstiges-feriendorf-saint-hilaire-de-riez\/\" \/>\n<meta property=\"og:site_name\" content=\"Village vacances Le Hameau de l&#039;Oc\u00e9an\" \/>\n<meta property=\"article:modified_time\" content=\"2022-01-24T14:26:16+00:00\" \/>\n<meta property=\"og:image\" content=\"https:\/\/www.vendee-en-vacances.com\/wp-content\/uploads\/2021\/12\/camping-pas-cher-vendee.jpg\" \/>\n\t<meta property=\"og:image:width\" content=\"1900\" \/>\n\t<meta property=\"og:image:height\" content=\"700\" \/>\n\t<meta property=\"og:image:type\" content=\"image\/jpeg\" \/>\n<meta name=\"twitter:card\" content=\"summary_large_image\" \/>\n<script type=\"application\/ld+json\" class=\"yoast-schema-graph\">{\"@context\":\"https:\/\/schema.org\",\"@graph\":[{\"@type\":\"WebPage\",\"@id\":\"https:\/\/www.vendee-en-vacances.com\/de\/gunstiges-feriendorf-saint-hilaire-de-riez\/\",\"url\":\"https:\/\/www.vendee-en-vacances.com\/de\/gunstiges-feriendorf-saint-hilaire-de-riez\/\",\"name\":\"G\u00fcnstiges Feriendorf St-Hilaire | Vermietung klein Vend\u00e9e\",\"isPartOf\":{\"@id\":\"https:\/\/www.vendee-en-vacances.com\/de\/#website\"},\"primaryImageOfPage\":{\"@id\":\"https:\/\/www.vendee-en-vacances.com\/de\/gunstiges-feriendorf-saint-hilaire-de-riez\/#primaryimage\"},\"image\":{\"@id\":\"https:\/\/www.vendee-en-vacances.com\/de\/gunstiges-feriendorf-saint-hilaire-de-riez\/#primaryimage\"},\"thumbnailUrl\":\"https:\/\/www.vendee-en-vacances.com\/wp-content\/uploads\/2021\/12\/camping-pas-cher-vendee.jpg\",\"datePublished\":\"2021-12-21T15:50:41+00:00\",\"dateModified\":\"2022-01-24T14:26:16+00:00\",\"breadcrumb\":{\"@id\":\"https:\/\/www.vendee-en-vacances.com\/de\/gunstiges-feriendorf-saint-hilaire-de-riez\/#breadcrumb\"},\"inLanguage\":\"de\",\"potentialAction\":[{\"@type\":\"ReadAction\",\"target\":[\"https:\/\/www.vendee-en-vacances.com\/de\/gunstiges-feriendorf-saint-hilaire-de-riez\/\"]}]},{\"@type\":\"ImageObject\",\"inLanguage\":\"de\",\"@id\":\"https:\/\/www.vendee-en-vacances.com\/de\/gunstiges-feriendorf-saint-hilaire-de-riez\/#primaryimage\",\"url\":\"https:\/\/www.vendee-en-vacances.com\/wp-content\/uploads\/2021\/12\/camping-pas-cher-vendee.jpg\",\"contentUrl\":\"https:\/\/www.vendee-en-vacances.com\/wp-content\/uploads\/2021\/12\/camping-pas-cher-vendee.jpg\",\"width\":1900,\"height\":700,\"caption\":\"camping pas cher vendee\"},{\"@type\":\"BreadcrumbList\",\"@id\":\"https:\/\/www.vendee-en-vacances.com\/de\/gunstiges-feriendorf-saint-hilaire-de-riez\/#breadcrumb\",\"itemListElement\":[{\"@type\":\"ListItem\",\"position\":1,\"name\":\"FERIENDORF Saint Hilaire de Riez\",\"item\":\"https:\/\/www.vendee-en-vacances.com\/de\/\"},{\"@type\":\"ListItem\",\"position\":2,\"name\":\"G\u00fcnstiges Feriendorf in der Vend\u00e9e\"}]},{\"@type\":\"WebSite\",\"@id\":\"https:\/\/www.vendee-en-vacances.com\/de\/#website\",\"url\":\"https:\/\/www.vendee-en-vacances.com\/de\/\",\"name\":\"Village vacances Le Hameau de l&#039;Oc\u00e9an\",\"description\":\"\",\"publisher\":{\"@id\":\"https:\/\/www.vendee-en-vacances.com\/de\/#organization\"},\"potentialAction\":[{\"@type\":\"SearchAction\",\"target\":{\"@type\":\"EntryPoint\",\"urlTemplate\":\"https:\/\/www.vendee-en-vacances.com\/de\/?s={search_term_string}\"},\"query-input\":{\"@type\":\"PropertyValueSpecification\",\"valueRequired\":true,\"valueName\":\"search_term_string\"}}],\"inLanguage\":\"de\"},{\"@type\":\"Organization\",\"@id\":\"https:\/\/www.vendee-en-vacances.com\/de\/#organization\",\"name\":\"Hameau de l'Oc\u00e9an\",\"url\":\"https:\/\/www.vendee-en-vacances.com\/de\/\",\"logo\":{\"@type\":\"ImageObject\",\"inLanguage\":\"de\",\"@id\":\"https:\/\/www.vendee-en-vacances.com\/de\/#\/schema\/logo\/image\/\",\"url\":\"https:\/\/www.vendee-en-vacances.com\/wp-content\/uploads\/2021\/04\/camping-hameau-ocean-logo.png\",\"contentUrl\":\"https:\/\/www.vendee-en-vacances.com\/wp-content\/uploads\/2021\/04\/camping-hameau-ocean-logo.png\",\"width\":250,\"height\":240,\"caption\":\"Hameau de l'Oc\u00e9an\"},\"image\":{\"@id\":\"https:\/\/www.vendee-en-vacances.com\/de\/#\/schema\/logo\/image\/\"}}]}<\/script>\n<!-- \/ Yoast SEO plugin. -->","yoast_head_json":{"title":"G\u00fcnstiges Feriendorf St-Hilaire | Vermietung klein Vend\u00e9e","robots":{"index":"index","follow":"follow","max-snippet":"max-snippet:-1","max-image-preview":"max-image-preview:large","max-video-preview":"max-video-preview:-1"},"canonical":"https:\/\/www.vendee-en-vacances.com\/de\/gunstiges-feriendorf-saint-hilaire-de-riez\/","og_locale":"de_DE","og_type":"article","og_title":"G\u00fcnstiges Feriendorf St-Hilaire | Vermietung klein Vend\u00e9e","og_url":"https:\/\/www.vendee-en-vacances.com\/de\/gunstiges-feriendorf-saint-hilaire-de-riez\/","og_site_name":"Village vacances Le Hameau de l&#039;Oc\u00e9an","article_modified_time":"2022-01-24T14:26:16+00:00","og_image":[{"width":1900,"height":700,"url":"https:\/\/www.vendee-en-vacances.com\/wp-content\/uploads\/2021\/12\/camping-pas-cher-vendee.jpg","type":"image\/jpeg"}],"twitter_card":"summary_large_image","schema":{"@context":"https:\/\/schema.org","@graph":[{"@type":"WebPage","@id":"https:\/\/www.vendee-en-vacances.com\/de\/gunstiges-feriendorf-saint-hilaire-de-riez\/","url":"https:\/\/www.vendee-en-vacances.com\/de\/gunstiges-feriendorf-saint-hilaire-de-riez\/","name":"G\u00fcnstiges Feriendorf St-Hilaire | Vermietung klein Vend\u00e9e","isPartOf":{"@id":"https:\/\/www.vendee-en-vacances.com\/de\/#website"},"primaryImageOfPage":{"@id":"https:\/\/www.vendee-en-vacances.com\/de\/gunstiges-feriendorf-saint-hilaire-de-riez\/#primaryimage"},"image":{"@id":"https:\/\/www.vendee-en-vacances.com\/de\/gunstiges-feriendorf-saint-hilaire-de-riez\/#primaryimage"},"thumbnailUrl":"https:\/\/www.vendee-en-vacances.com\/wp-content\/uploads\/2021\/12\/camping-pas-cher-vendee.jpg","datePublished":"2021-12-21T15:50:41+00:00","dateModified":"2022-01-24T14:26:16+00:00","breadcrumb":{"@id":"https:\/\/www.vendee-en-vacances.com\/de\/gunstiges-feriendorf-saint-hilaire-de-riez\/#breadcrumb"},"inLanguage":"de","potentialAction":[{"@type":"ReadAction","target":["https:\/\/www.vendee-en-vacances.com\/de\/gunstiges-feriendorf-saint-hilaire-de-riez\/"]}]},{"@type":"ImageObject","inLanguage":"de","@id":"https:\/\/www.vendee-en-vacances.com\/de\/gunstiges-feriendorf-saint-hilaire-de-riez\/#primaryimage","url":"https:\/\/www.vendee-en-vacances.com\/wp-content\/uploads\/2021\/12\/camping-pas-cher-vendee.jpg","contentUrl":"https:\/\/www.vendee-en-vacances.com\/wp-content\/uploads\/2021\/12\/camping-pas-cher-vendee.jpg","width":1900,"height":700,"caption":"camping pas cher vendee"},{"@type":"BreadcrumbList","@id":"https:\/\/www.vendee-en-vacances.com\/de\/gunstiges-feriendorf-saint-hilaire-de-riez\/#breadcrumb","itemListElement":[{"@type":"ListItem","position":1,"name":"FERIENDORF Saint Hilaire de Riez","item":"https:\/\/www.vendee-en-vacances.com\/de\/"},{"@type":"ListItem","position":2,"name":"G\u00fcnstiges Feriendorf in der Vend\u00e9e"}]},{"@type":"WebSite","@id":"https:\/\/www.vendee-en-vacances.com\/de\/#website","url":"https:\/\/www.vendee-en-vacances.com\/de\/","name":"Village vacances Le Hameau de l&#039;Oc\u00e9an","description":"","publisher":{"@id":"https:\/\/www.vendee-en-vacances.com\/de\/#organization"},"potentialAction":[{"@type":"SearchAction","target":{"@type":"EntryPoint","urlTemplate":"https:\/\/www.vendee-en-vacances.com\/de\/?s={search_term_string}"},"query-input":{"@type":"PropertyValueSpecification","valueRequired":true,"valueName":"search_term_string"}}],"inLanguage":"de"},{"@type":"Organization","@id":"https:\/\/www.vendee-en-vacances.com\/de\/#organization","name":"Hameau de l'Oc\u00e9an","url":"https:\/\/www.vendee-en-vacances.com\/de\/","logo":{"@type":"ImageObject","inLanguage":"de","@id":"https:\/\/www.vendee-en-vacances.com\/de\/#\/schema\/logo\/image\/","url":"https:\/\/www.vendee-en-vacances.com\/wp-content\/uploads\/2021\/04\/camping-hameau-ocean-logo.png","contentUrl":"https:\/\/www.vendee-en-vacances.com\/wp-content\/uploads\/2021\/04\/camping-hameau-ocean-logo.png","width":250,"height":240,"caption":"Hameau de l'Oc\u00e9an"},"image":{"@id":"https:\/\/www.vendee-en-vacances.com\/de\/#\/schema\/logo\/image\/"}}]}},"_links":{"self":[{"href":"https:\/\/www.vendee-en-vacances.com\/de\/wp-json\/wp\/v2\/pages\/2524"}],"collection":[{"href":"https:\/\/www.vendee-en-vacances.com\/de\/wp-json\/wp\/v2\/pages"}],"about":[{"href":"https:\/\/www.vendee-en-vacances.com\/de\/wp-json\/wp\/v2\/types\/page"}],"author":[{"embeddable":true,"href":"https:\/\/www.vendee-en-vacances.com\/de\/wp-json\/wp\/v2\/users\/1"}],"replies":[{"embeddable":true,"href":"https:\/\/www.vendee-en-vacances.com\/de\/wp-json\/wp\/v2\/comments?post=2524"}],"version-history":[{"count":28,"href":"https:\/\/www.vendee-en-vacances.com\/de\/wp-json\/wp\/v2\/pages\/2524\/revisions"}],"predecessor-version":[{"id":4201,"href":"https:\/\/www.vendee-en-vacances.com\/de\/wp-json\/wp\/v2\/pages\/2524\/revisions\/4201"}],"wp:featuredmedia":[{"embeddable":true,"href":"https:\/\/www.vendee-en-vacances.com\/de\/wp-json\/wp\/v2\/media\/2525"}],"wp:attachment":[{"href":"https:\/\/www.vendee-en-vacances.com\/de\/wp-json\/wp\/v2\/media?parent=2524"}],"curies":[{"name":"wp","href":"https:\/\/api.w.org\/{rel}","templated":true}]}}