{"id":2547,"date":"2021-04-20T07:47:36","date_gmt":"2021-04-20T05:47:36","guid":{"rendered":"http:\/\/www.vendee-en-vacances.com\/politique-de-confidentialite\/"},"modified":"2022-03-21T12:17:49","modified_gmt":"2022-03-21T11:17:49","slug":"datenschutzrichtlinie","status":"publish","type":"page","link":"https:\/\/www.vendee-en-vacances.com\/de\/datenschutzrichtlinie\/","title":{"rendered":"Datenschutzrichtlinie"},"content":{"rendered":"<section id=\"section-61d6f1d39bf56\" class=\"section bg-white\" ><div class=\"container extralarge\"><div class=\"element bloc-text justify \">\r\n\t<h1 class=\"element section-title center m-t-4 color2 in-view animated slideInUp\" style=\"opacity: 1;\">Datenschutzrichtlinie<\/h1>\n<div class=\"element bloc-text justify in-view animated fadeIn\" style=\"opacity: 0;\">\n<p>Diese Datenschutzrichtlinie beschreibt die personenbezogenen Daten, die bei der Nutzung der Website erhoben oder erzeugt (verarbeitet) werden. Diese Datenschutzrichtlinie beschreibt die Arten von personenbezogenen Daten, die bei der Nutzung unserer Website erfasst werden, und wie Ihre personenbezogenen Daten verwendet, weitergegeben und gesch\u00fctzt werden. Sie erkl\u00e4rt auch, welche Wahlm\u00f6glichkeiten Sie in Bezug auf Ihre pers\u00f6nlichen Daten haben und wie Sie uns kontaktieren k\u00f6nnen.<\/p>\n<h2>Inhaltsverzeichnis<\/h2>\n<ol>\n<li><a href=\"#gdpr-1\">Wer wir sind<\/a><\/li>\n<li><a href=\"#gdpr-2\">Verwendung der erhobenen personenbezogenen Daten<\/a><\/li>\n<li><a href=\"#gdpr-3\">Kommentare<\/a><\/li>\n<li><a href=\"#gdpr-4\">Media<\/a><\/li>\n<li><a href=\"#gdpr-5\">Kontaktformulare<\/a><\/li>\n<li><a href=\"#gdpr-6\">Cookie-Verwendung<\/a><\/li>\n<li><a href=\"#gdpr-7\">Statistiken und Zielgruppenmetriken<\/a><\/li>\n<li><a href=\"#gdpr-8\">Wie lange Ihre Daten gespeichert werden<\/a><\/li>\n<li><a href=\"#gdpr-9\">Die Rechte, die Sie \u00fcber Ihre Daten haben<\/a><\/li>\n<li><a href=\"#gdpr-10\">Weitergabe Ihrer pers\u00f6nlichen Daten<\/a><\/li>\n<li><a href=\"#gdpr-11\">Wie wir Ihre Daten sch\u00fctzen<\/a><\/li>\n<li><a href=\"#gdpr-12\">Kontaktinformationen<\/a><\/li>\n<\/ol>\n<h2 id=\"gdpr-1\">Wer wir sind<\/h2>\n<p>Alle Informationen finden Sie auf der Seite <a href=\"https:\/\/www.vendee-en-vacances.com\/de\/rechtshinweis\/\">Rechtshinweise<\/a>.<\/p>\n<h2 id=\"gdpr-2\">Verwendung der erhobenen personenbezogenen Daten<\/h2>\n<p>Wir sammeln automatisch und direkt keine Daten \u00fcber Sie.<\/p>\n<p>Ungeachtet dessen k\u00f6nnen wir Informationen, einschlie\u00dflich personenbezogener Daten, von Dritten sammeln (siehe <a href=\"#gdpr-5\">Cookies<\/a>).<\/p>\n<h2 id=\"gdpr-3\">Kommentare<\/h2>\n<p>Wenn Sie einen Kommentar auf unserer Website hinterlassen, werden nicht nur die in das Kommentarformular eingegebenen Daten, sondern auch Ihre IP-Adresse und Ihr Browser-Benutzer-Agent erfasst, um uns zu helfen, unerw\u00fcnschte Kommentare zu erkennen.<\/p>\n<p>Eine anonymisierte Zeichenfolge, die aus Ihrer E-Mail-Adresse erstellt wird (auch Hash genannt), kann an den Gravatar-Dienst gesendet werden, um Ihre Nutzung des Dienstes zu verifizieren. Die Datenschutzbestimmungen des Gravatar-Dienstes finden Sie unter https:\/\/automattic.com\/privacy\/. Nachdem Ihr Kommentar validiert wurde, wird Ihr Profilbild neben Ihrem Kommentar \u00f6ffentlich sichtbar sein.<\/p>\n<h2 id=\"gdpr-4\">Medien<\/h2>\n<p>Wenn Sie ein registrierter Benutzer sind und Bilder auf die Website hochladen, raten wir Ihnen, das Hochladen von Bildern mit EXIF-Daten von GPS-Koordinaten zu vermeiden. Besucher Ihrer Website k\u00f6nnen Standortdaten aus diesen Bildern herunterladen und extrahieren.<\/p>\n<h2 id=\"gdpr-5\">Kontaktformulare<\/h2>\n<p>Sie k\u00f6nnen uns Informationen zur Verf\u00fcgung stellen, wenn Sie ein Formular ausf\u00fcllen. Diese Informationen werden per E-Mail an uns gesendet und werden nirgendwo anders als in unserem E-Mail-Service gespeichert, diese Informationen werden ausschlie\u00dflich zur Beantwortung Ihrer Anfrage verwendet. Wenn die Informationen wahrscheinlich f\u00fcr kommerzielle Zwecke verwendet werden, wird dies am Ende des Formulars angegeben. Wir werden Sie immer um Ihre Zustimmung bitten, wenn wir Informationen \u00fcber ein Formular sammeln.<\/p>\n<h2 id=\"gdpr-6\">Verwendung von Cookies<\/h2>\n<p><strong>Was ist ein Cookie?<\/strong><br \/>\nEin Cookie ist eine kleine Datendatei, die \u00fcbertragen und auf Ihrem Ger\u00e4t gespeichert wird. Konkret erm\u00f6glicht uns ein Cookie z.B. Ihren Browser zu erkennen, Ihre Sprache oder Ihre Pr\u00e4ferenzen zu speichern.<br \/>\nAuf unserer Website werden zwei Arten von Cookies verwendet: \u201eSitzungs-Cookies\u201c und \u201edauerhafte Cookies\u201c. Sitzungs-Cookies verfallen, wenn Sie Ihren Browser schlie\u00dfen, w\u00e4hrend dauerhafte Cookies auf Ihrem Ger\u00e4t verbleiben, nachdem Sie Ihren Browser geschlossen haben, und bei Ihrem n\u00e4chsten Besuch unserer Website wieder verwendet werden k\u00f6nnen.<\/p>\n<p>Mehr Informationen unter <a href=\"https:\/\/www.allaboutcookies.org\/fr\/\" target=\"_blank\" rel=\"noopener\">allaboutcookies.org<\/a>.<\/p>\n<p><strong>Unsere Cookies<\/strong><\/p>\n<p>Wenn Sie einen Kommentar auf unserer Seite hinterlassen, wird Ihnen angeboten, Ihren Namen, Ihre E-Mail-Adresse und Ihre Website in Cookies zu speichern. Dies ist nur zu Ihrer Bequemlichkeit, damit Sie diese Informationen nicht eingeben m\u00fcssen, wenn Sie sp\u00e4ter einen weiteren Kommentar hinterlassen. Diese Cookies verfallen nach einem Jahr.<\/p>\n<p>Wenn Sie ein Konto haben und sich auf dieser Website anmelden, wird ein tempor\u00e4rer Cookie gesetzt, um festzustellen, ob Ihr Browser Cookies akzeptiert. Sie enth\u00e4lt keine pers\u00f6nlichen Informationen und wird automatisch gel\u00f6scht, wenn Sie Ihren Browser schlie\u00dfen.<\/p>\n<p>Wenn Sie sich anmelden, werden wir eine Reihe von Cookies setzen, um Ihre Anmeldeinformationen und Bildschirmeinstellungen zu speichern. Die Lebensdauer eines Anmelde-Cookies betr\u00e4gt zwei Tage und die Lebensdauer eines Cookies f\u00fcr Bildschirmeinstellungen betr\u00e4gt ein Jahr. Wenn Sie \u201eRemember me\u201c ankreuzen, wird Ihr Login-Cookie f\u00fcr zwei Wochen gespeichert. Wenn Sie sich von Ihrem Konto abmelden, wird das Anmelde-Cookie gel\u00f6scht.<\/p>\n<p>Wenn Sie einen Artikel bearbeiten oder ver\u00f6ffentlichen, wird ein zus\u00e4tzliches Cookie in Ihrem Browser gespeichert. Dieses Cookie enth\u00e4lt keine pers\u00f6nlichen Daten. Es zeigt einfach den Bezeichner des Artikels an, den Sie gerade ge\u00e4ndert haben. Sie verf\u00e4llt nach einem Tag.<\/p>\n<p><strong>Drittanbieter-Cookies<\/strong><\/p>\n<p>Artikel auf dieser Seite k\u00f6nnen eingebettete Inhalte enthalten (z.B. Videos, Bilder, Artikel\u2026). Eingebettete Inhalte von anderen Websites verhalten sich so, als ob der Besucher diese andere Website besuchen w\u00fcrde.<\/p>\n<p>Diese Websites k\u00f6nnen Daten \u00fcber Sie sammeln, Cookies verwenden, Tracking-Tools von Drittanbietern einbetten und Ihre Interaktionen mit eingebetteten Inhalten verfolgen, wenn Sie ein Konto auf deren Website haben.<\/p>\n<p>Wir k\u00f6nnen bestimmten Gesch\u00e4ftspartnern erlauben, Technologien auf unserer Website zu installieren. Diese Partner verwenden diese Technologien, um uns zu helfen, zu analysieren, wie Sie die Website nutzen, z. B. indem sie die Dienste von Drittanbietern notieren, \u00fcber die Sie auf die Plattform gelangt sind, um unsere Dienste auf unserer Website und auf Websites von Drittanbietern zu vermarkten und zu bewerben, um uns zu helfen, Betrug zu erkennen und zu verhindern oder Risikobewertungen durchzuf\u00fchren, oder um Informationen \u00fcber Ihre Aktivit\u00e4ten auf der Website zu sammeln.<\/p>\n<p>Unsere Website kann Social Plugins verwenden, die von Drittanbietern bereitgestellt und betrieben werden, wie z.B. die Facebook \u201eLike\u201c-Schaltfl\u00e4che. Infolgedessen k\u00f6nnen Sie der dritten Partei Informationen senden, die Sie in einem bestimmten Bereich unserer Website ansehen. Wenn Sie nicht in Ihrem Konto bei der dritten Partei angemeldet sind, wei\u00df die dritte Partei nicht, wer Sie sind. Wenn Sie in Ihr Konto bei dem Dritten eingeloggt sind, kann der Dritte Informationen oder Aktionen in Bezug auf Ihre Interaktionen mit unserer Website mit Ihrem Konto bei dem Dritten verkn\u00fcpfen. Bitte lesen Sie die Datenschutzrichtlinien der Drittanbieter, um mehr \u00fcber deren Datenpraktiken zu erfahren.<\/p>\n<p>Die Liste der auf dieser Website verwendeten Cookies von Drittanbietern ist \u00fcber das <a href=\"\/#moove_gdpr_cookie_modal\">Cookie-Verwaltungspanel<\/a> verf\u00fcgbar.<\/p>\n<h2 id=\"gdpr-7\">Statistiken und Publikumsmessung<\/h2>\n<p>In Bezug auf die Analyse arbeiten wir mit Google Analytics, um Informationen \u00fcber die Nutzung unserer Website zu erhalten, um sie zu verbessern. Dies kann in der <a href=\"\/#moove_gdpr_cookie_modal\">Cookie-Verwaltungsoberfl\u00e4che<\/a> deaktiviert werden.<\/p>\n<p>Um zu verhindern, dass Google Analytics Ihre Daten zur Analyse verwendet, k\u00f6nnen Sie auch das Google Analytics Opt-out Browser Add-on installieren, indem Sie <a href=\"https:\/\/tools.google.com\/dlpage\/gaoptout\" target=\"_blank\" rel=\"noopener\">hier<\/a> klicken. Bitte beachten Sie, dass wir keine Kontrolle \u00fcber diesen Opt-Out-Link haben und nicht f\u00fcr die Verf\u00fcgbarkeit oder Richtigkeit dieses Mechanismus verantwortlich sind. Siehe <a href=\"https:\/\/support.google.com\/analytics\/answer\/6004245\" target=\"_blank\" rel=\"noopener\">diese Dokumentation<\/a> f\u00fcr weitere Informationen.<\/p>\n<h2 id=\"gdpr-8\">Speicherzeiten f\u00fcr Ihre Daten<\/h2>\n<p>Wenn Sie einen Kommentar hinterlassen, werden der Kommentar und seine Metadaten auf unbestimmte Zeit gespeichert. Dadurch k\u00f6nnen nachfolgende Kommentare automatisch erkannt und genehmigt werden, anstatt in der Moderationswarteschlange zu verbleiben.<\/p>\n<p>Bei Nutzern, die sich auf unserer Seite registrieren (sofern m\u00f6glich), speichern wir auch die in ihrem Profil angegebenen personenbezogenen Daten. Alle Benutzer k\u00f6nnen ihre pers\u00f6nlichen Daten jederzeit einsehen, bearbeiten oder l\u00f6schen (mit Ausnahme ihres Benutzernamens). Die Standortmanager k\u00f6nnen diese Informationen ebenfalls anzeigen und \u00e4ndern.<\/p>\n<h2 id=\"gdpr-9\">Die Rechte, die Sie \u00fcber Ihre Daten haben<\/h2>\n<p>Wenn Sie ein Konto haben oder Kommentare auf der Website hinterlassen haben, k\u00f6nnen Sie eine Datei anfordern, die alle personenbezogenen Daten enth\u00e4lt, die wir \u00fcber Sie gespeichert haben, einschlie\u00dflich der Daten, die Sie uns zur Verf\u00fcgung gestellt haben. Sie k\u00f6nnen auch die L\u00f6schung Ihrer personenbezogenen Daten verlangen. Daten, die f\u00fcr administrative, rechtliche oder sicherheitsrelevante Zwecke gespeichert werden, sind dabei nicht ber\u00fccksichtigt.<\/p>\n<h2 id=\"gdpr-10\">Weitergabe Ihrer pers\u00f6nlichen Daten<\/h2>\n<p>Besucherkommentare k\u00f6nnen mit Hilfe eines automatischen Spam-Erkennungsdienstes \u00fcberpr\u00fcft werden<br \/>\nAlle personenbezogenen Daten, die wir verarbeiten, werden im Herzen der Europ\u00e4ischen Union verarbeitet.<\/p>\n<h2 id=\"gdpr-11\">Wie wir Ihre Daten sch\u00fctzen<\/h2>\n<p>Wir implementieren und aktualisieren laufend die <strong>Sicherheit<\/strong> der Website, um Ihre Daten vor unberechtigtem Zugriff, Verlust, Zerst\u00f6rung oder Ver\u00e4nderung zu sch\u00fctzen. Deshalb arbeiten wir daran, Ihre Daten so unangreifbar wie m\u00f6glich zu machen. Da das Internet keine 100% sichere Umgebung ist, k\u00f6nnen wir die Sicherheit der \u00dcbertragung oder Speicherung Ihrer Daten nicht vollst\u00e4ndig garantieren.<\/p>\n<h2 id=\"gdpr-12\">Kontaktinformationen<\/h2>\n<p>Wenn Sie W\u00fcnsche oder Fragen zu Ihren personenbezogenen Daten haben, wenden Sie sich bitte an rgpd@tuvedlacom.com, weitere Kontaktinformationen finden Sie in unseren <a href=\"https:\/\/www.vendee-en-vacances.com\/de\/rechtshinweis\/\">Rechtshinweisen<\/a>. Bitte beachten Sie, dass wir Sie m\u00f6glicherweise bitten, Ihre Identit\u00e4t zu \u00fcberpr\u00fcfen, bevor wir weitere Ma\u00dfnahmen bez\u00fcglich Ihrer Anfrage ergreifen.<\/p>\n<\/div>\n<\/div><\/div><\/section>","protected":false},"excerpt":{"rendered":"","protected":false},"author":1,"featured_media":0,"parent":0,"menu_order":0,"comment_status":"closed","ping_status":"closed","template":"","meta":{"_acf_changed":false,"footnotes":""},"class_list":["post-2547","page","type-page","status-publish","hentry"],"acf":[],"yoast_head":"<!-- This site is optimized with the Yoast SEO plugin v23.4 - https:\/\/yoast.com\/wordpress\/plugins\/seo\/ -->\n<title>Datenschutzrichtlinie | Campingplatz Le Hameau de l&#039;Oc\u00e9an<\/title>\n<meta name=\"robots\" content=\"noindex, nofollow\" \/>\n<meta property=\"og:locale\" content=\"de_DE\" \/>\n<meta property=\"og:type\" content=\"article\" \/>\n<meta property=\"og:title\" content=\"Datenschutzrichtlinie | Campingplatz Le Hameau de l&#039;Oc\u00e9an\" \/>\n<meta property=\"og:url\" content=\"https:\/\/www.vendee-en-vacances.com\/de\/datenschutzrichtlinie\/\" \/>\n<meta property=\"og:site_name\" content=\"Village vacances Le Hameau de l&#039;Oc\u00e9an\" \/>\n<meta property=\"article:modified_time\" content=\"2022-03-21T11:17:49+00:00\" \/>\n<meta name=\"twitter:card\" content=\"summary_large_image\" \/>\n<script type=\"application\/ld+json\" class=\"yoast-schema-graph\">{\"@context\":\"https:\/\/schema.org\",\"@graph\":[{\"@type\":\"WebPage\",\"@id\":\"https:\/\/www.vendee-en-vacances.com\/de\/datenschutzrichtlinie\/\",\"url\":\"https:\/\/www.vendee-en-vacances.com\/de\/datenschutzrichtlinie\/\",\"name\":\"Datenschutzrichtlinie | Campingplatz Le Hameau de l'Oc\u00e9an\",\"isPartOf\":{\"@id\":\"https:\/\/www.vendee-en-vacances.com\/de\/#website\"},\"datePublished\":\"2021-04-20T05:47:36+00:00\",\"dateModified\":\"2022-03-21T11:17:49+00:00\",\"breadcrumb\":{\"@id\":\"https:\/\/www.vendee-en-vacances.com\/de\/datenschutzrichtlinie\/#breadcrumb\"},\"inLanguage\":\"de\",\"potentialAction\":[{\"@type\":\"ReadAction\",\"target\":[\"https:\/\/www.vendee-en-vacances.com\/de\/datenschutzrichtlinie\/\"]}]},{\"@type\":\"BreadcrumbList\",\"@id\":\"https:\/\/www.vendee-en-vacances.com\/de\/datenschutzrichtlinie\/#breadcrumb\",\"itemListElement\":[{\"@type\":\"ListItem\",\"position\":1,\"name\":\"FERIENDORF Saint Hilaire de Riez\",\"item\":\"https:\/\/www.vendee-en-vacances.com\/de\/\"},{\"@type\":\"ListItem\",\"position\":2,\"name\":\"DATENSCHUTZRICHTLINIE\"}]},{\"@type\":\"WebSite\",\"@id\":\"https:\/\/www.vendee-en-vacances.com\/de\/#website\",\"url\":\"https:\/\/www.vendee-en-vacances.com\/de\/\",\"name\":\"Village vacances Le Hameau de l&#039;Oc\u00e9an\",\"description\":\"\",\"publisher\":{\"@id\":\"https:\/\/www.vendee-en-vacances.com\/de\/#organization\"},\"potentialAction\":[{\"@type\":\"SearchAction\",\"target\":{\"@type\":\"EntryPoint\",\"urlTemplate\":\"https:\/\/www.vendee-en-vacances.com\/de\/?s={search_term_string}\"},\"query-input\":{\"@type\":\"PropertyValueSpecification\",\"valueRequired\":true,\"valueName\":\"search_term_string\"}}],\"inLanguage\":\"de\"},{\"@type\":\"Organization\",\"@id\":\"https:\/\/www.vendee-en-vacances.com\/de\/#organization\",\"name\":\"Hameau de l'Oc\u00e9an\",\"url\":\"https:\/\/www.vendee-en-vacances.com\/de\/\",\"logo\":{\"@type\":\"ImageObject\",\"inLanguage\":\"de\",\"@id\":\"https:\/\/www.vendee-en-vacances.com\/de\/#\/schema\/logo\/image\/\",\"url\":\"https:\/\/www.vendee-en-vacances.com\/wp-content\/uploads\/2021\/04\/camping-hameau-ocean-logo.png\",\"contentUrl\":\"https:\/\/www.vendee-en-vacances.com\/wp-content\/uploads\/2021\/04\/camping-hameau-ocean-logo.png\",\"width\":250,\"height\":240,\"caption\":\"Hameau de l'Oc\u00e9an\"},\"image\":{\"@id\":\"https:\/\/www.vendee-en-vacances.com\/de\/#\/schema\/logo\/image\/\"}}]}<\/script>\n<!-- \/ Yoast SEO plugin. -->","yoast_head_json":{"title":"Datenschutzrichtlinie | Campingplatz Le Hameau de l'Oc\u00e9an","robots":{"index":"noindex","follow":"nofollow"},"og_locale":"de_DE","og_type":"article","og_title":"Datenschutzrichtlinie | Campingplatz Le Hameau de l'Oc\u00e9an","og_url":"https:\/\/www.vendee-en-vacances.com\/de\/datenschutzrichtlinie\/","og_site_name":"Village vacances Le Hameau de l&#039;Oc\u00e9an","article_modified_time":"2022-03-21T11:17:49+00:00","twitter_card":"summary_large_image","schema":{"@context":"https:\/\/schema.org","@graph":[{"@type":"WebPage","@id":"https:\/\/www.vendee-en-vacances.com\/de\/datenschutzrichtlinie\/","url":"https:\/\/www.vendee-en-vacances.com\/de\/datenschutzrichtlinie\/","name":"Datenschutzrichtlinie | Campingplatz Le Hameau de l'Oc\u00e9an","isPartOf":{"@id":"https:\/\/www.vendee-en-vacances.com\/de\/#website"},"datePublished":"2021-04-20T05:47:36+00:00","dateModified":"2022-03-21T11:17:49+00:00","breadcrumb":{"@id":"https:\/\/www.vendee-en-vacances.com\/de\/datenschutzrichtlinie\/#breadcrumb"},"inLanguage":"de","potentialAction":[{"@type":"ReadAction","target":["https:\/\/www.vendee-en-vacances.com\/de\/datenschutzrichtlinie\/"]}]},{"@type":"BreadcrumbList","@id":"https:\/\/www.vendee-en-vacances.com\/de\/datenschutzrichtlinie\/#breadcrumb","itemListElement":[{"@type":"ListItem","position":1,"name":"FERIENDORF Saint Hilaire de Riez","item":"https:\/\/www.vendee-en-vacances.com\/de\/"},{"@type":"ListItem","position":2,"name":"DATENSCHUTZRICHTLINIE"}]},{"@type":"WebSite","@id":"https:\/\/www.vendee-en-vacances.com\/de\/#website","url":"https:\/\/www.vendee-en-vacances.com\/de\/","name":"Village vacances Le Hameau de l&#039;Oc\u00e9an","description":"","publisher":{"@id":"https:\/\/www.vendee-en-vacances.com\/de\/#organization"},"potentialAction":[{"@type":"SearchAction","target":{"@type":"EntryPoint","urlTemplate":"https:\/\/www.vendee-en-vacances.com\/de\/?s={search_term_string}"},"query-input":{"@type":"PropertyValueSpecification","valueRequired":true,"valueName":"search_term_string"}}],"inLanguage":"de"},{"@type":"Organization","@id":"https:\/\/www.vendee-en-vacances.com\/de\/#organization","name":"Hameau de l'Oc\u00e9an","url":"https:\/\/www.vendee-en-vacances.com\/de\/","logo":{"@type":"ImageObject","inLanguage":"de","@id":"https:\/\/www.vendee-en-vacances.com\/de\/#\/schema\/logo\/image\/","url":"https:\/\/www.vendee-en-vacances.com\/wp-content\/uploads\/2021\/04\/camping-hameau-ocean-logo.png","contentUrl":"https:\/\/www.vendee-en-vacances.com\/wp-content\/uploads\/2021\/04\/camping-hameau-ocean-logo.png","width":250,"height":240,"caption":"Hameau de l'Oc\u00e9an"},"image":{"@id":"https:\/\/www.vendee-en-vacances.com\/de\/#\/schema\/logo\/image\/"}}]}},"_links":{"self":[{"href":"https:\/\/www.vendee-en-vacances.com\/de\/wp-json\/wp\/v2\/pages\/2547"}],"collection":[{"href":"https:\/\/www.vendee-en-vacances.com\/de\/wp-json\/wp\/v2\/pages"}],"about":[{"href":"https:\/\/www.vendee-en-vacances.com\/de\/wp-json\/wp\/v2\/types\/page"}],"author":[{"embeddable":true,"href":"https:\/\/www.vendee-en-vacances.com\/de\/wp-json\/wp\/v2\/users\/1"}],"replies":[{"embeddable":true,"href":"https:\/\/www.vendee-en-vacances.com\/de\/wp-json\/wp\/v2\/comments?post=2547"}],"version-history":[{"count":21,"href":"https:\/\/www.vendee-en-vacances.com\/de\/wp-json\/wp\/v2\/pages\/2547\/revisions"}],"predecessor-version":[{"id":4407,"href":"https:\/\/www.vendee-en-vacances.com\/de\/wp-json\/wp\/v2\/pages\/2547\/revisions\/4407"}],"wp:attachment":[{"href":"https:\/\/www.vendee-en-vacances.com\/de\/wp-json\/wp\/v2\/media?parent=2547"}],"curies":[{"name":"wp","href":"https:\/\/api.w.org\/{rel}","templated":true}]}}