{"id":2576,"date":"2021-04-20T08:47:13","date_gmt":"2021-04-20T06:47:13","guid":{"rendered":"http:\/\/www.vendee-en-vacances.com\/mentions-legales\/"},"modified":"2022-01-20T13:43:09","modified_gmt":"2022-01-20T12:43:09","slug":"rechtshinweis","status":"publish","type":"page","link":"https:\/\/www.vendee-en-vacances.com\/de\/rechtshinweis\/","title":{"rendered":"Rechtshinweis"},"content":{"rendered":"<h1 class=\"element section-title center m-t-4 color2 in-view animated slideInUp\">Rechtshinweis<\/h1>\n<div class=\"element bloc-text center  in-view animated fadeIn\">\n<h2 class=\"inline-title center\">HERAUSGEBER DER WEBSITE<\/h2>\n<p>Camping Le Hameau de l&#8217;Oc\u00e9an<br \/>\nChemin de la Par\u00e9e Pr\u00e9neau<br \/>\n85270 Saint-Hilaire-de-Riez<br \/>\nTelefon : <a class=\"tel\" href=\"tel:+33251559200\">+33 (0)2 51 55 92 00<\/a><br \/>\nElektronische Post : <a class=\"email\" href=\"mailto:hameau.ocean@orange.fr\">hameau.ocean@orange.fr<\/a><\/p>\n<p>Siret : 38901697300015<br \/>\nTva Intracommunautaire : FR87389016973<br \/>\nCapital :<span class=\"numdisplay\">140 000\u20ac<\/span><\/p>\n<p>Verantwortlich f\u00fcr die Redaktion: Christelle TAXIL und Herv\u00e9 BABU<\/p>\n<h2 class=\"inline-title center\">REALISIERUNG<\/h2>\n<p>GEEK TONIC<br \/>\nVertreten durch Herrn Yohan Darmayan in seiner Funktion als Gesch\u00e4ftsf\u00fchrer<br \/>\nHauptsitz : 1 ALL PIERRE GEORGES LATECOERE 64200 BIARRITZ<br \/>\nTelefon : 05 32 74 11 52<br \/>\nE-mail : info@geek-tonic.com<br \/>\nWebsite : www.geek-tonic.com<br \/>\nSIRET : 89746755100015<br \/>\nAPE : 6201Z<\/p>\n<h2 class=\"inline-title center\">URHEBERRECHT<\/h2>\n<p>Der gesamte Inhalt dieser Website unterliegt dem Urheberrecht sowie dem geistigen Eigentum der franz\u00f6sischen Gesetzgebung. Jede Vervielf\u00e4ltigung (einschlie\u00dflich Fotos, Icons und herunterladbarer Dokumente) ist ohne vorherige Zustimmung von GEEK TONIC untersagt. Die Vervielf\u00e4ltigung der gesamten oder eines Teils der Website auf einem elektronischen Datentr\u00e4ger in einem Papier- oder elektronischen Format ist untersagt. GEEK TONIC \u00fcbernimmt keine Verantwortung f\u00fcr die auf der Website vorhandenen Inhalte. GEEK TONIC \u00fcbernimmt auch keine Verantwortung f\u00fcr externe Links, die auf die vorliegende Website verweisen.<\/p>\n<h2 class=\"inline-title center\">PERS\u00d6NLICHE DATEN UND NAMENTLICHE INFORMATIONEN<\/h2>\n<p>Sie haben ein Recht auf Zugang, \u00c4nderung, Berichtigung und L\u00f6schung der Sie betreffenden Daten gem\u00e4\u00df Artikel 34 des Gesetzes &#8222;Informatique et Libert\u00e9s&#8220; Nr. 78-17 vom 6. Januar 1978, ge\u00e4ndert am 6. August 2004. Um dieses Zugangsrecht zu entfalten, k\u00f6nnen Sie es durch eine einfache schriftliche Anfrage an den Herausgeber der Website geltend machen.<\/p>\n<h2 class=\"inline-title center\">LEGISLATION<\/h2>\n<p>Gem\u00e4\u00df dem Gesetz vom 11. M\u00e4rz 1957 (Art. 41) und dem Gesetz \u00fcber geistiges Eigentum vom 1. Juli 1992 ist es verboten, einen Teil der Website ohne vorherige Genehmigung des Herausgebers der Website teilweise oder vollst\u00e4ndig zu vervielf\u00e4ltigen. Die Logos, Bilder, Fotos, Videos, Grafiken und Texte sind Eigentum ihrer jeweiligen Besitzer. Diese Website kann ohne ihr Wissen mit anderen Websites \u00fcber Hypermedia-Links verbunden sein. Der Herausgeber der Website lehnt jede Verantwortung f\u00fcr die auf diesen anderen Websites dargestellten Informationen ab. Der Internetnutzer erkennt an, dass die Nutzung dieser Website dem franz\u00f6sischen Recht unterliegt.<\/p>\n<\/div>\n","protected":false},"excerpt":{"rendered":"<p>Rechtshinweis HERAUSGEBER DER WEBSITE Camping Le Hameau de l&#8217;Oc\u00e9an Chemin de la Par\u00e9e Pr\u00e9neau 85270 Saint-Hilaire-de-Riez Telefon : +33 (0)2 51 55 92 00 Elektronische Post : hameau.ocean@orange.fr Siret : 38901697300015 Tva Intracommunautaire : FR87389016973 Capital :140 000\u20ac Verantwortlich f\u00fcr die Redaktion: Christelle TAXIL und Herv\u00e9 BABU REALISIERUNG GEEK TONIC Vertreten durch Herrn Yohan Darmayan [&hellip;]<\/p>\n","protected":false},"author":1,"featured_media":0,"parent":0,"menu_order":0,"comment_status":"closed","ping_status":"closed","template":"","meta":{"_acf_changed":false,"footnotes":""},"class_list":["post-2576","page","type-page","status-publish","hentry"],"acf":[],"yoast_head":"<!-- This site is optimized with the Yoast SEO plugin v23.4 - https:\/\/yoast.com\/wordpress\/plugins\/seo\/ -->\n<title>Rechtliche Hinweise | Campingplatz Le Hameau de l&#039;Oc\u00e9an<\/title>\n<meta name=\"robots\" content=\"noindex, nofollow\" \/>\n<meta property=\"og:locale\" content=\"de_DE\" \/>\n<meta property=\"og:type\" content=\"article\" \/>\n<meta property=\"og:title\" content=\"Rechtliche Hinweise | Campingplatz Le Hameau de l&#039;Oc\u00e9an\" \/>\n<meta property=\"og:description\" content=\"Rechtshinweis HERAUSGEBER DER WEBSITE Camping Le Hameau de l&#8217;Oc\u00e9an Chemin de la Par\u00e9e Pr\u00e9neau 85270 Saint-Hilaire-de-Riez Telefon : +33 (0)2 51 55 92 00 Elektronische Post : hameau.ocean@orange.fr Siret : 38901697300015 Tva Intracommunautaire : FR87389016973 Capital :140 000\u20ac Verantwortlich f\u00fcr die Redaktion: Christelle TAXIL und Herv\u00e9 BABU REALISIERUNG GEEK TONIC Vertreten durch Herrn Yohan Darmayan [&hellip;]\" \/>\n<meta property=\"og:url\" content=\"https:\/\/www.vendee-en-vacances.com\/de\/rechtshinweis\/\" \/>\n<meta property=\"og:site_name\" content=\"Village vacances Le Hameau de l&#039;Oc\u00e9an\" \/>\n<meta property=\"article:modified_time\" content=\"2022-01-20T12:43:09+00:00\" \/>\n<meta name=\"twitter:card\" content=\"summary_large_image\" \/>\n<meta name=\"twitter:label1\" content=\"Gesch\u00e4tzte Lesezeit\" \/>\n\t<meta name=\"twitter:data1\" content=\"2\u00a0Minuten\" \/>\n<script type=\"application\/ld+json\" class=\"yoast-schema-graph\">{\"@context\":\"https:\/\/schema.org\",\"@graph\":[{\"@type\":\"WebPage\",\"@id\":\"https:\/\/www.vendee-en-vacances.com\/de\/rechtshinweis\/\",\"url\":\"https:\/\/www.vendee-en-vacances.com\/de\/rechtshinweis\/\",\"name\":\"Rechtliche Hinweise | Campingplatz Le Hameau de l'Oc\u00e9an\",\"isPartOf\":{\"@id\":\"https:\/\/www.vendee-en-vacances.com\/de\/#website\"},\"datePublished\":\"2021-04-20T06:47:13+00:00\",\"dateModified\":\"2022-01-20T12:43:09+00:00\",\"breadcrumb\":{\"@id\":\"https:\/\/www.vendee-en-vacances.com\/de\/rechtshinweis\/#breadcrumb\"},\"inLanguage\":\"de\",\"potentialAction\":[{\"@type\":\"ReadAction\",\"target\":[\"https:\/\/www.vendee-en-vacances.com\/de\/rechtshinweis\/\"]}]},{\"@type\":\"BreadcrumbList\",\"@id\":\"https:\/\/www.vendee-en-vacances.com\/de\/rechtshinweis\/#breadcrumb\",\"itemListElement\":[{\"@type\":\"ListItem\",\"position\":1,\"name\":\"FERIENDORF Saint Hilaire de Riez\",\"item\":\"https:\/\/www.vendee-en-vacances.com\/de\/\"},{\"@type\":\"ListItem\",\"position\":2,\"name\":\"RECHTLICHE HINWEISE\"}]},{\"@type\":\"WebSite\",\"@id\":\"https:\/\/www.vendee-en-vacances.com\/de\/#website\",\"url\":\"https:\/\/www.vendee-en-vacances.com\/de\/\",\"name\":\"Village vacances Le Hameau de l&#039;Oc\u00e9an\",\"description\":\"\",\"publisher\":{\"@id\":\"https:\/\/www.vendee-en-vacances.com\/de\/#organization\"},\"potentialAction\":[{\"@type\":\"SearchAction\",\"target\":{\"@type\":\"EntryPoint\",\"urlTemplate\":\"https:\/\/www.vendee-en-vacances.com\/de\/?s={search_term_string}\"},\"query-input\":{\"@type\":\"PropertyValueSpecification\",\"valueRequired\":true,\"valueName\":\"search_term_string\"}}],\"inLanguage\":\"de\"},{\"@type\":\"Organization\",\"@id\":\"https:\/\/www.vendee-en-vacances.com\/de\/#organization\",\"name\":\"Hameau de l'Oc\u00e9an\",\"url\":\"https:\/\/www.vendee-en-vacances.com\/de\/\",\"logo\":{\"@type\":\"ImageObject\",\"inLanguage\":\"de\",\"@id\":\"https:\/\/www.vendee-en-vacances.com\/de\/#\/schema\/logo\/image\/\",\"url\":\"https:\/\/www.vendee-en-vacances.com\/wp-content\/uploads\/2021\/04\/camping-hameau-ocean-logo.png\",\"contentUrl\":\"https:\/\/www.vendee-en-vacances.com\/wp-content\/uploads\/2021\/04\/camping-hameau-ocean-logo.png\",\"width\":250,\"height\":240,\"caption\":\"Hameau de l'Oc\u00e9an\"},\"image\":{\"@id\":\"https:\/\/www.vendee-en-vacances.com\/de\/#\/schema\/logo\/image\/\"}}]}<\/script>\n<!-- \/ Yoast SEO plugin. -->","yoast_head_json":{"title":"Rechtliche Hinweise | Campingplatz Le Hameau de l'Oc\u00e9an","robots":{"index":"noindex","follow":"nofollow"},"og_locale":"de_DE","og_type":"article","og_title":"Rechtliche Hinweise | Campingplatz Le Hameau de l'Oc\u00e9an","og_description":"Rechtshinweis HERAUSGEBER DER WEBSITE Camping Le Hameau de l&#8217;Oc\u00e9an Chemin de la Par\u00e9e Pr\u00e9neau 85270 Saint-Hilaire-de-Riez Telefon : +33 (0)2 51 55 92 00 Elektronische Post : hameau.ocean@orange.fr Siret : 38901697300015 Tva Intracommunautaire : FR87389016973 Capital :140 000\u20ac Verantwortlich f\u00fcr die Redaktion: Christelle TAXIL und Herv\u00e9 BABU REALISIERUNG GEEK TONIC Vertreten durch Herrn Yohan Darmayan [&hellip;]","og_url":"https:\/\/www.vendee-en-vacances.com\/de\/rechtshinweis\/","og_site_name":"Village vacances Le Hameau de l&#039;Oc\u00e9an","article_modified_time":"2022-01-20T12:43:09+00:00","twitter_card":"summary_large_image","twitter_misc":{"Gesch\u00e4tzte Lesezeit":"2\u00a0Minuten"},"schema":{"@context":"https:\/\/schema.org","@graph":[{"@type":"WebPage","@id":"https:\/\/www.vendee-en-vacances.com\/de\/rechtshinweis\/","url":"https:\/\/www.vendee-en-vacances.com\/de\/rechtshinweis\/","name":"Rechtliche Hinweise | Campingplatz Le Hameau de l'Oc\u00e9an","isPartOf":{"@id":"https:\/\/www.vendee-en-vacances.com\/de\/#website"},"datePublished":"2021-04-20T06:47:13+00:00","dateModified":"2022-01-20T12:43:09+00:00","breadcrumb":{"@id":"https:\/\/www.vendee-en-vacances.com\/de\/rechtshinweis\/#breadcrumb"},"inLanguage":"de","potentialAction":[{"@type":"ReadAction","target":["https:\/\/www.vendee-en-vacances.com\/de\/rechtshinweis\/"]}]},{"@type":"BreadcrumbList","@id":"https:\/\/www.vendee-en-vacances.com\/de\/rechtshinweis\/#breadcrumb","itemListElement":[{"@type":"ListItem","position":1,"name":"FERIENDORF Saint Hilaire de Riez","item":"https:\/\/www.vendee-en-vacances.com\/de\/"},{"@type":"ListItem","position":2,"name":"RECHTLICHE HINWEISE"}]},{"@type":"WebSite","@id":"https:\/\/www.vendee-en-vacances.com\/de\/#website","url":"https:\/\/www.vendee-en-vacances.com\/de\/","name":"Village vacances Le Hameau de l&#039;Oc\u00e9an","description":"","publisher":{"@id":"https:\/\/www.vendee-en-vacances.com\/de\/#organization"},"potentialAction":[{"@type":"SearchAction","target":{"@type":"EntryPoint","urlTemplate":"https:\/\/www.vendee-en-vacances.com\/de\/?s={search_term_string}"},"query-input":{"@type":"PropertyValueSpecification","valueRequired":true,"valueName":"search_term_string"}}],"inLanguage":"de"},{"@type":"Organization","@id":"https:\/\/www.vendee-en-vacances.com\/de\/#organization","name":"Hameau de l'Oc\u00e9an","url":"https:\/\/www.vendee-en-vacances.com\/de\/","logo":{"@type":"ImageObject","inLanguage":"de","@id":"https:\/\/www.vendee-en-vacances.com\/de\/#\/schema\/logo\/image\/","url":"https:\/\/www.vendee-en-vacances.com\/wp-content\/uploads\/2021\/04\/camping-hameau-ocean-logo.png","contentUrl":"https:\/\/www.vendee-en-vacances.com\/wp-content\/uploads\/2021\/04\/camping-hameau-ocean-logo.png","width":250,"height":240,"caption":"Hameau de l'Oc\u00e9an"},"image":{"@id":"https:\/\/www.vendee-en-vacances.com\/de\/#\/schema\/logo\/image\/"}}]}},"_links":{"self":[{"href":"https:\/\/www.vendee-en-vacances.com\/de\/wp-json\/wp\/v2\/pages\/2576"}],"collection":[{"href":"https:\/\/www.vendee-en-vacances.com\/de\/wp-json\/wp\/v2\/pages"}],"about":[{"href":"https:\/\/www.vendee-en-vacances.com\/de\/wp-json\/wp\/v2\/types\/page"}],"author":[{"embeddable":true,"href":"https:\/\/www.vendee-en-vacances.com\/de\/wp-json\/wp\/v2\/users\/1"}],"replies":[{"embeddable":true,"href":"https:\/\/www.vendee-en-vacances.com\/de\/wp-json\/wp\/v2\/comments?post=2576"}],"version-history":[{"count":5,"href":"https:\/\/www.vendee-en-vacances.com\/de\/wp-json\/wp\/v2\/pages\/2576\/revisions"}],"predecessor-version":[{"id":4474,"href":"https:\/\/www.vendee-en-vacances.com\/de\/wp-json\/wp\/v2\/pages\/2576\/revisions\/4474"}],"wp:attachment":[{"href":"https:\/\/www.vendee-en-vacances.com\/de\/wp-json\/wp\/v2\/media?parent=2576"}],"curies":[{"name":"wp","href":"https:\/\/api.w.org\/{rel}","templated":true}]}}