{"id":2293,"date":"2021-04-20T08:47:13","date_gmt":"2021-04-20T06:47:13","guid":{"rendered":"http:\/\/www.vendee-en-vacances.com\/mentions-legales\/"},"modified":"2022-10-12T09:28:51","modified_gmt":"2022-10-12T07:28:51","slug":"legal-notice","status":"publish","type":"page","link":"https:\/\/www.vendee-en-vacances.com\/en\/legal-notice\/","title":{"rendered":"Legal notice"},"content":{"rendered":"<h1 class=\"element section-title center m-t-4 color2 in-view animated slideInUp\">Legal notice<\/h1>\n<div class=\"element bloc-text center  in-view animated fadeIn\">\n<h2 class=\"inline-title center\">WEBSITE PUBLISHER<\/h2>\n<p>Camping Le Hameau de l&#8217;Oc\u00e9an<br \/>\nChemin de la Par\u00e9e Pr\u00e9neau<br \/>\n85270 Saint-Hilaire-de-Riez<br \/>\nphone : \u00a0<a class=\"tel\" href=\"tel:+33251559200\">+33 (0)2 51 55 92 00<\/a><br \/>\nemail : <a class=\"email\" href=\"mailto:hameau.ocean@orange.fr\">hameau.ocean@orange.fr<\/a><\/p>\n<p>Siret : 38901697300015<br \/>\nTva Intracommunautaire : FR87389016973<br \/>\nCapital :\u00a0<span class=\"numdisplay\">140 000\u20ac<\/span><\/p>\n<p>Editor-in-Chief: \u00a0Christelle TAXIL<\/p>\n<h2 class=\"inline-title center\">CONCEPTION<\/h2>\n<p>GEEK TONIC<br \/>\nRepresented by M. Yohan Darmayan in its capacity as Manager<br \/>\nHead office : 1 ALL PIERRE GEORGES LATECOERE 64200 BIARRITZ<br \/>\nPhone : 05 32 74 11 52<br \/>\nE-mail : info@geek-tonic.com<br \/>\nWebsite : www.geek-tonic.com<br \/>\nSIRET : 89746755100015<br \/>\nAPE : 6201Z<\/p>\n<h2 class=\"inline-title center\">DROITS D\u2019AUTEUR ET COPYRIGHT<\/h2>\n<p>The entire content of this site is subject to copyright and intellectual property rights under French law. Any reproduction (including photos, icons and downloadable documents) is prohibited without prior agreement from GEEK TONIC. The reproduction on an electronic medium of all or part of the site on a paper or electronic format is prohibited. GEEK TONIC declines all responsibility for the content of the website. GEEK TONIC also declines any responsibility for external links pointing to this site.<\/p>\n<h2 class=\"inline-title center\">PERSONAL DATA AND NOMINATIVE INFORMATION<\/h2>\n<p>You have the right to access, modify, rectify and delete data concerning you in accordance with Article 34 of the French Data Protection Act (Loi &#8221; Informatique et Libert\u00e9s &#8221; n\u00b0 78-17 of 6 January 1978, modified on 6 August 20). To exercise this right of access, you can make a written request to the site editor.<\/p>\n<h2 class=\"inline-title center\">LEGISLATION<\/h2>\n<p>According to the law of 11 March 1957 (art. 41) and the intellectual property code of 1 July 1992, it is forbidden to reproduce any part of the site in whole or in part without prior authorisation from the site editor. Logos, visuals, photos, videos, graphic charts and texts are the property of their respective owners. This site may, without its knowledge, have been linked to other sites by means of hypermedia links. The site editor declines all responsibility for the information presented on these other sites. The Internet user acknowledges that the use of this site is governed by French law.<\/p>\n<\/div>\n","protected":false},"excerpt":{"rendered":"<p>Legal notice WEBSITE PUBLISHER Camping Le Hameau de l&#8217;Oc\u00e9an Chemin de la Par\u00e9e Pr\u00e9neau 85270 Saint-Hilaire-de-Riez phone : \u00a0+33 (0)2 51 55 92 00 email : hameau.ocean@orange.fr Siret : 38901697300015 Tva Intracommunautaire : FR87389016973 Capital :\u00a0140 000\u20ac Editor-in-Chief: \u00a0Christelle TAXIL CONCEPTION GEEK TONIC Represented by M. Yohan Darmayan in its capacity as Manager Head office [&hellip;]<\/p>\n","protected":false},"author":1,"featured_media":0,"parent":0,"menu_order":0,"comment_status":"closed","ping_status":"closed","template":"","meta":{"_acf_changed":false,"footnotes":""},"class_list":["post-2293","page","type-page","status-publish","hentry"],"acf":[],"yoast_head":"<!-- This site is optimized with the Yoast SEO plugin v23.4 - https:\/\/yoast.com\/wordpress\/plugins\/seo\/ -->\n<title>Legal Notices | Camping Le Hameau de l&#039;Oc\u00e9an<\/title>\n<meta name=\"robots\" content=\"noindex, nofollow\" \/>\n<meta property=\"og:locale\" content=\"en_US\" \/>\n<meta property=\"og:type\" content=\"article\" \/>\n<meta property=\"og:title\" content=\"Legal Notices | Camping Le Hameau de l&#039;Oc\u00e9an\" \/>\n<meta property=\"og:description\" content=\"Legal notice WEBSITE PUBLISHER Camping Le Hameau de l&#8217;Oc\u00e9an Chemin de la Par\u00e9e Pr\u00e9neau 85270 Saint-Hilaire-de-Riez phone : \u00a0+33 (0)2 51 55 92 00 email : hameau.ocean@orange.fr Siret : 38901697300015 Tva Intracommunautaire : FR87389016973 Capital :\u00a0140 000\u20ac Editor-in-Chief: \u00a0Christelle TAXIL CONCEPTION GEEK TONIC Represented by M. Yohan Darmayan in its capacity as Manager Head office [&hellip;]\" \/>\n<meta property=\"og:url\" content=\"https:\/\/www.vendee-en-vacances.com\/en\/legal-notice\/\" \/>\n<meta property=\"og:site_name\" content=\"Village vacances Le Hameau de l&#039;Oc\u00e9an\" \/>\n<meta property=\"article:modified_time\" content=\"2022-10-12T07:28:51+00:00\" \/>\n<meta name=\"twitter:card\" content=\"summary_large_image\" \/>\n<meta name=\"twitter:label1\" content=\"Est. reading time\" \/>\n\t<meta name=\"twitter:data1\" content=\"2 minutes\" \/>\n<script type=\"application\/ld+json\" class=\"yoast-schema-graph\">{\"@context\":\"https:\/\/schema.org\",\"@graph\":[{\"@type\":\"WebPage\",\"@id\":\"https:\/\/www.vendee-en-vacances.com\/en\/legal-notice\/\",\"url\":\"https:\/\/www.vendee-en-vacances.com\/en\/legal-notice\/\",\"name\":\"Legal Notices | Camping Le Hameau de l'Oc\u00e9an\",\"isPartOf\":{\"@id\":\"https:\/\/www.vendee-en-vacances.com\/en\/#website\"},\"datePublished\":\"2021-04-20T06:47:13+00:00\",\"dateModified\":\"2022-10-12T07:28:51+00:00\",\"breadcrumb\":{\"@id\":\"https:\/\/www.vendee-en-vacances.com\/en\/legal-notice\/#breadcrumb\"},\"inLanguage\":\"en-US\",\"potentialAction\":[{\"@type\":\"ReadAction\",\"target\":[\"https:\/\/www.vendee-en-vacances.com\/en\/legal-notice\/\"]}]},{\"@type\":\"BreadcrumbList\",\"@id\":\"https:\/\/www.vendee-en-vacances.com\/en\/legal-notice\/#breadcrumb\",\"itemListElement\":[{\"@type\":\"ListItem\",\"position\":1,\"name\":\"Holiday village Saint Hilaire de Riez\",\"item\":\"https:\/\/www.vendee-en-vacances.com\/en\/\"},{\"@type\":\"ListItem\",\"position\":2,\"name\":\"LEGAL MENTIONS\"}]},{\"@type\":\"WebSite\",\"@id\":\"https:\/\/www.vendee-en-vacances.com\/en\/#website\",\"url\":\"https:\/\/www.vendee-en-vacances.com\/en\/\",\"name\":\"Village vacances Le Hameau de l&#039;Oc\u00e9an\",\"description\":\"\",\"publisher\":{\"@id\":\"https:\/\/www.vendee-en-vacances.com\/en\/#organization\"},\"potentialAction\":[{\"@type\":\"SearchAction\",\"target\":{\"@type\":\"EntryPoint\",\"urlTemplate\":\"https:\/\/www.vendee-en-vacances.com\/en\/?s={search_term_string}\"},\"query-input\":{\"@type\":\"PropertyValueSpecification\",\"valueRequired\":true,\"valueName\":\"search_term_string\"}}],\"inLanguage\":\"en-US\"},{\"@type\":\"Organization\",\"@id\":\"https:\/\/www.vendee-en-vacances.com\/en\/#organization\",\"name\":\"Hameau de l'Oc\u00e9an\",\"url\":\"https:\/\/www.vendee-en-vacances.com\/en\/\",\"logo\":{\"@type\":\"ImageObject\",\"inLanguage\":\"en-US\",\"@id\":\"https:\/\/www.vendee-en-vacances.com\/en\/#\/schema\/logo\/image\/\",\"url\":\"https:\/\/www.vendee-en-vacances.com\/wp-content\/uploads\/2021\/04\/camping-hameau-ocean-logo.png\",\"contentUrl\":\"https:\/\/www.vendee-en-vacances.com\/wp-content\/uploads\/2021\/04\/camping-hameau-ocean-logo.png\",\"width\":250,\"height\":240,\"caption\":\"Hameau de l'Oc\u00e9an\"},\"image\":{\"@id\":\"https:\/\/www.vendee-en-vacances.com\/en\/#\/schema\/logo\/image\/\"}}]}<\/script>\n<!-- \/ Yoast SEO plugin. -->","yoast_head_json":{"title":"Legal Notices | Camping Le Hameau de l'Oc\u00e9an","robots":{"index":"noindex","follow":"nofollow"},"og_locale":"en_US","og_type":"article","og_title":"Legal Notices | Camping Le Hameau de l'Oc\u00e9an","og_description":"Legal notice WEBSITE PUBLISHER Camping Le Hameau de l&#8217;Oc\u00e9an Chemin de la Par\u00e9e Pr\u00e9neau 85270 Saint-Hilaire-de-Riez phone : \u00a0+33 (0)2 51 55 92 00 email : hameau.ocean@orange.fr Siret : 38901697300015 Tva Intracommunautaire : FR87389016973 Capital :\u00a0140 000\u20ac Editor-in-Chief: \u00a0Christelle TAXIL CONCEPTION GEEK TONIC Represented by M. Yohan Darmayan in its capacity as Manager Head office [&hellip;]","og_url":"https:\/\/www.vendee-en-vacances.com\/en\/legal-notice\/","og_site_name":"Village vacances Le Hameau de l&#039;Oc\u00e9an","article_modified_time":"2022-10-12T07:28:51+00:00","twitter_card":"summary_large_image","twitter_misc":{"Est. reading time":"2 minutes"},"schema":{"@context":"https:\/\/schema.org","@graph":[{"@type":"WebPage","@id":"https:\/\/www.vendee-en-vacances.com\/en\/legal-notice\/","url":"https:\/\/www.vendee-en-vacances.com\/en\/legal-notice\/","name":"Legal Notices | Camping Le Hameau de l'Oc\u00e9an","isPartOf":{"@id":"https:\/\/www.vendee-en-vacances.com\/en\/#website"},"datePublished":"2021-04-20T06:47:13+00:00","dateModified":"2022-10-12T07:28:51+00:00","breadcrumb":{"@id":"https:\/\/www.vendee-en-vacances.com\/en\/legal-notice\/#breadcrumb"},"inLanguage":"en-US","potentialAction":[{"@type":"ReadAction","target":["https:\/\/www.vendee-en-vacances.com\/en\/legal-notice\/"]}]},{"@type":"BreadcrumbList","@id":"https:\/\/www.vendee-en-vacances.com\/en\/legal-notice\/#breadcrumb","itemListElement":[{"@type":"ListItem","position":1,"name":"Holiday village Saint Hilaire de Riez","item":"https:\/\/www.vendee-en-vacances.com\/en\/"},{"@type":"ListItem","position":2,"name":"LEGAL MENTIONS"}]},{"@type":"WebSite","@id":"https:\/\/www.vendee-en-vacances.com\/en\/#website","url":"https:\/\/www.vendee-en-vacances.com\/en\/","name":"Village vacances Le Hameau de l&#039;Oc\u00e9an","description":"","publisher":{"@id":"https:\/\/www.vendee-en-vacances.com\/en\/#organization"},"potentialAction":[{"@type":"SearchAction","target":{"@type":"EntryPoint","urlTemplate":"https:\/\/www.vendee-en-vacances.com\/en\/?s={search_term_string}"},"query-input":{"@type":"PropertyValueSpecification","valueRequired":true,"valueName":"search_term_string"}}],"inLanguage":"en-US"},{"@type":"Organization","@id":"https:\/\/www.vendee-en-vacances.com\/en\/#organization","name":"Hameau de l'Oc\u00e9an","url":"https:\/\/www.vendee-en-vacances.com\/en\/","logo":{"@type":"ImageObject","inLanguage":"en-US","@id":"https:\/\/www.vendee-en-vacances.com\/en\/#\/schema\/logo\/image\/","url":"https:\/\/www.vendee-en-vacances.com\/wp-content\/uploads\/2021\/04\/camping-hameau-ocean-logo.png","contentUrl":"https:\/\/www.vendee-en-vacances.com\/wp-content\/uploads\/2021\/04\/camping-hameau-ocean-logo.png","width":250,"height":240,"caption":"Hameau de l'Oc\u00e9an"},"image":{"@id":"https:\/\/www.vendee-en-vacances.com\/en\/#\/schema\/logo\/image\/"}}]}},"_links":{"self":[{"href":"https:\/\/www.vendee-en-vacances.com\/en\/wp-json\/wp\/v2\/pages\/2293"}],"collection":[{"href":"https:\/\/www.vendee-en-vacances.com\/en\/wp-json\/wp\/v2\/pages"}],"about":[{"href":"https:\/\/www.vendee-en-vacances.com\/en\/wp-json\/wp\/v2\/types\/page"}],"author":[{"embeddable":true,"href":"https:\/\/www.vendee-en-vacances.com\/en\/wp-json\/wp\/v2\/users\/1"}],"replies":[{"embeddable":true,"href":"https:\/\/www.vendee-en-vacances.com\/en\/wp-json\/wp\/v2\/comments?post=2293"}],"version-history":[{"count":8,"href":"https:\/\/www.vendee-en-vacances.com\/en\/wp-json\/wp\/v2\/pages\/2293\/revisions"}],"predecessor-version":[{"id":4473,"href":"https:\/\/www.vendee-en-vacances.com\/en\/wp-json\/wp\/v2\/pages\/2293\/revisions\/4473"}],"wp:attachment":[{"href":"https:\/\/www.vendee-en-vacances.com\/en\/wp-json\/wp\/v2\/media?parent=2293"}],"curies":[{"name":"wp","href":"https:\/\/api.w.org\/{rel}","templated":true}]}}